{"id":8046,"date":"2025-01-21T08:06:08","date_gmt":"2025-01-21T08:06:08","guid":{"rendered":"https:\/\/dev.awero.ee\/toode\/kylpytynnyri-delux-200-sisakamiinalla-2\/"},"modified":"2026-03-10T07:59:10","modified_gmt":"2026-03-10T07:59:10","slug":"kylpytynnyri-delux-200-sisakamiinalla-2","status":"publish","type":"product","link":"https:\/\/dev.awero.ee\/fi\/toode\/kylpytynnyri-delux-200-sisakamiinalla-2\/","title":{"rendered":"Kylpytynnyri DeLux 200 sis\u00e4kamiinalla"},"content":{"rendered":"<div style=\"width: 3840px;\" class=\"wp-video\"><video class=\"wp-video-shortcode\" id=\"video-8046-1\" width=\"3840\" height=\"2160\" preload=\"metadata\" controls=\"controls\"><source type=\"video\/mp4\" src=\"https:\/\/dev.awero.ee\/wp-content\/uploads\/2025\/01\/Delux-200-siseahjuga.mp4?_=1\" \/><a href=\"https:\/\/dev.awero.ee\/wp-content\/uploads\/2025\/01\/Delux-200-siseahjuga.mp4\">https:\/\/dev.awero.ee\/wp-content\/uploads\/2025\/01\/Delux-200-siseahjuga.mp4<\/a><\/video><\/div>\n<p style=\"text-align: justify;\">Kylpytynnyrin ainutlaatuisuus piilee sen <strong>ergonomisessa<\/strong> ja helppohoitoisessa <strong>lasikuituisessa <\/strong>sis\u00e4pinnassa, ylellisess\u00e4 l\u00e4mp\u00f6puup\u00e4\u00e4llysteess\u00e4 ja korkealaatuisesta ruostumattomasta ter\u00e4ksest\u00e4 valmistetussa sis\u00e4isess\u00e4 kamiinassa. Kylpytynnyri l\u00e4mpenee nopeammin ja kuluttaa v\u00e4hemm\u00e4n puuta, joten voit alkaa nauttia sen tarjoamasta harmoniasta ja miellytt\u00e4vist\u00e4 hetkist\u00e4 nopeammin. <strong> <\/strong><\/p>\n<p style=\"text-align: justify;\"><strong>Pakettiin sis\u00e4ltyy:<\/strong><\/p>\n<ul style=\"text-align: justify;\">\n<li>sis\u00e4kamiina (25 kW) ruostumattomasta ter\u00e4ksest\u00e4, hiilihanko ja lapio<\/li>\n<li>2 m:n savupiippu suojaritil\u00e4ll\u00e4 ja savupiipun hatulla<\/li>\n<li>l\u00e4mp\u00f6puinen ulkopinta (k\u00e4sitelty puunsuoja-aineella)<\/li>\n<li>kaareva portaikko kahdella askelmalla<\/li>\n<li><strong>ergonominen lasikuitusisusta<\/strong> (v\u00e4rivaihtoehdot: harmaa, valkoinen, sininen).<\/li>\n<\/ul>\n<p style=\"text-align: justify;\">Kylpytynnyriin on saatavana laaja valikoima <strong><br \/>\n  <a href=\"https:\/\/dev.awero.ee\/fi\/tootekategooria\/lisavarusteet\/\">lis\u00e4varusteita: <\/a><br \/>\n<\/strong>LED-valaistus (RGB), porej\u00e4rjestelm\u00e4, digitaalinen vesil\u00e4mp\u00f6mittari, stereoj\u00e4rjestelm\u00e4, juomatelineet, suodatinj\u00e4rjestelm\u00e4, PVC-suoja ja betoninen kylpytynnyrin alusta.<\/p>\n","protected":false},"excerpt":{"rendered":"<p style=\"text-align: justify;\">Hinta sis\u00e4lt\u00e4\u00e4 arvonlis\u00e4veron.<\/p>\n<p style=\"text-align: justify;\"><strong>DeLux 200<\/strong> -kylpytynnyri <strong>sis\u00e4kamiinalla o<\/strong>n korkealaatuinen koti-spa, joka on viimeistelty viimeist\u00e4 yksityiskohtaa my\u00f6ten. Sit\u00e4 voi k\u00e4ytt\u00e4\u00e4 ymp\u00e4ri vuoden ja se on helppo huoltaa. Kylpytynnyriin voi tilata laajan valikoiman lis\u00e4varusteita. <\/p>\n<p>&nbsp;<\/p>\n","protected":false},"featured_media":5462,"template":"","meta":{"_acf_changed":false},"product_brand":[],"product_cat":[1081,1083],"product_tag":[],"class_list":{"0":"post-8046","1":"product","2":"type-product","3":"status-publish","4":"has-post-thumbnail","6":"product_cat-kylpytynnyrituotteet","7":"product_cat-sisakamiina","9":"first","10":"instock","11":"sale","12":"shipping-taxable","13":"product-type-variable"},"acf":[],"yoast_head":"<!-- This site is optimized with the Yoast SEO plugin v26.8 - https:\/\/yoast.com\/product\/yoast-seo-wordpress\/ -->\n<title>Kylpytynnyri DeLux 200 sis\u00e4kamiinalla - Awero - S\u00fcdamega L\u00f5una-Eestist<\/title>\n<meta name=\"robots\" content=\"noindex, follow, max-snippet:-1, max-image-preview:large, max-video-preview:-1\" \/>\n<meta property=\"og:locale\" content=\"fi_FI\" \/>\n<meta property=\"og:type\" content=\"article\" \/>\n<meta property=\"og:title\" content=\"Kylpytynnyri DeLux 200 sis\u00e4kamiinalla - Awero - S\u00fcdamega L\u00f5una-Eestist\" \/>\n<meta property=\"og:description\" content=\"Hinta sis\u00e4lt\u00e4\u00e4 arvonlis\u00e4veron. DeLux 200 -kylpytynnyri sis\u00e4kamiinalla on korkealaatuinen koti-spa, joka on viimeistelty viimeist\u00e4 yksityiskohtaa my\u00f6ten. Sit\u00e4 voi k\u00e4ytt\u00e4\u00e4 ymp\u00e4ri vuoden ja se on helppo huoltaa. Kylpytynnyriin voi tilata laajan valikoiman lis\u00e4varusteita. &nbsp;\" \/>\n<meta property=\"og:url\" content=\"https:\/\/dev.awero.ee\/fi\/toode\/kylpytynnyri-delux-200-sisakamiinalla-2\/\" \/>\n<meta property=\"og:site_name\" content=\"Awero - S\u00fcdamega L\u00f5una-Eestist\" \/>\n<meta property=\"article:modified_time\" content=\"2026-03-10T07:59:10+00:00\" \/>\n<meta property=\"og:image\" content=\"https:\/\/dev.awero.ee\/wp-content\/uploads\/2025\/01\/delux200siseahjuga-scaled.jpg\" \/>\n\t<meta property=\"og:image:width\" content=\"2560\" \/>\n\t<meta property=\"og:image:height\" content=\"1920\" \/>\n\t<meta property=\"og:image:type\" content=\"image\/jpeg\" \/>\n<meta name=\"twitter:card\" content=\"summary_large_image\" \/>\n<meta name=\"twitter:label1\" content=\"Arvioitu lukuaika\" \/>\n\t<meta name=\"twitter:data1\" content=\"1 minuutti\" \/>\n<script type=\"application\/ld+json\" class=\"yoast-schema-graph\">{\"@context\":\"https:\/\/schema.org\",\"@graph\":[{\"@type\":\"WebPage\",\"@id\":\"https:\/\/dev.awero.ee\/fi\/toode\/kylpytynnyri-delux-200-sisakamiinalla-2\/\",\"url\":\"https:\/\/dev.awero.ee\/fi\/toode\/kylpytynnyri-delux-200-sisakamiinalla-2\/\",\"name\":\"Kylpytynnyri DeLux 200 sis\u00e4kamiinalla - Awero - S\u00fcdamega L\u00f5una-Eestist\",\"isPartOf\":{\"@id\":\"https:\/\/dev.awero.ee\/fi\/#website\"},\"primaryImageOfPage\":{\"@id\":\"https:\/\/dev.awero.ee\/fi\/toode\/kylpytynnyri-delux-200-sisakamiinalla-2\/#primaryimage\"},\"image\":{\"@id\":\"https:\/\/dev.awero.ee\/fi\/toode\/kylpytynnyri-delux-200-sisakamiinalla-2\/#primaryimage\"},\"thumbnailUrl\":\"https:\/\/dev.awero.ee\/wp-content\/uploads\/2025\/01\/delux200siseahjuga-scaled.jpg\",\"datePublished\":\"2025-01-21T08:06:08+00:00\",\"dateModified\":\"2026-03-10T07:59:10+00:00\",\"breadcrumb\":{\"@id\":\"https:\/\/dev.awero.ee\/fi\/toode\/kylpytynnyri-delux-200-sisakamiinalla-2\/#breadcrumb\"},\"inLanguage\":\"fi\",\"potentialAction\":[{\"@type\":\"ReadAction\",\"target\":[\"https:\/\/dev.awero.ee\/fi\/toode\/kylpytynnyri-delux-200-sisakamiinalla-2\/\"]}]},{\"@type\":\"ImageObject\",\"inLanguage\":\"fi\",\"@id\":\"https:\/\/dev.awero.ee\/fi\/toode\/kylpytynnyri-delux-200-sisakamiinalla-2\/#primaryimage\",\"url\":\"https:\/\/dev.awero.ee\/wp-content\/uploads\/2025\/01\/delux200siseahjuga-scaled.jpg\",\"contentUrl\":\"https:\/\/dev.awero.ee\/wp-content\/uploads\/2025\/01\/delux200siseahjuga-scaled.jpg\",\"width\":2560,\"height\":1920},{\"@type\":\"BreadcrumbList\",\"@id\":\"https:\/\/dev.awero.ee\/fi\/toode\/kylpytynnyri-delux-200-sisakamiinalla-2\/#breadcrumb\",\"itemListElement\":[{\"@type\":\"ListItem\",\"position\":1,\"name\":\"Home\",\"item\":\"https:\/\/dev.awero.ee\/fi\/etusivu\/\"},{\"@type\":\"ListItem\",\"position\":2,\"name\":\"Kauppa\",\"item\":\"https:\/\/dev.awero.ee\/fi\/kauppa\/\"},{\"@type\":\"ListItem\",\"position\":3,\"name\":\"Kylpytynnyri DeLux 200 sis\u00e4kamiinalla\"}]},{\"@type\":\"WebSite\",\"@id\":\"https:\/\/dev.awero.ee\/fi\/#website\",\"url\":\"https:\/\/dev.awero.ee\/fi\/\",\"name\":\"Awero - S\u00fcdamega L\u00f5una Eestist\",\"description\":\"\",\"publisher\":{\"@id\":\"https:\/\/dev.awero.ee\/fi\/#organization\"},\"potentialAction\":[{\"@type\":\"SearchAction\",\"target\":{\"@type\":\"EntryPoint\",\"urlTemplate\":\"https:\/\/dev.awero.ee\/fi\/?s={search_term_string}\"},\"query-input\":{\"@type\":\"PropertyValueSpecification\",\"valueRequired\":true,\"valueName\":\"search_term_string\"}}],\"inLanguage\":\"fi\"},{\"@type\":\"Organization\",\"@id\":\"https:\/\/dev.awero.ee\/fi\/#organization\",\"name\":\"Awero - S\u00fcdamega L\u00f5una Eestist\",\"url\":\"https:\/\/dev.awero.ee\/fi\/\",\"logo\":{\"@type\":\"ImageObject\",\"inLanguage\":\"fi\",\"@id\":\"https:\/\/dev.awero.ee\/fi\/#\/schema\/logo\/image\/\",\"url\":\"https:\/\/dev.awero.ee\/wp-content\/uploads\/2024\/07\/aweroplaceholder.jpg\",\"contentUrl\":\"https:\/\/dev.awero.ee\/wp-content\/uploads\/2024\/07\/aweroplaceholder.jpg\",\"width\":1250,\"height\":834,\"caption\":\"Awero - S\u00fcdamega L\u00f5una Eestist\"},\"image\":{\"@id\":\"https:\/\/dev.awero.ee\/fi\/#\/schema\/logo\/image\/\"}}]}<\/script>\n<!-- \/ Yoast SEO plugin. -->","yoast_head_json":{"title":"Kylpytynnyri DeLux 200 sis\u00e4kamiinalla - Awero - S\u00fcdamega L\u00f5una-Eestist","robots":{"index":"noindex","follow":"follow","max-snippet":"max-snippet:-1","max-image-preview":"max-image-preview:large","max-video-preview":"max-video-preview:-1"},"og_locale":"fi_FI","og_type":"article","og_title":"Kylpytynnyri DeLux 200 sis\u00e4kamiinalla - Awero - S\u00fcdamega L\u00f5una-Eestist","og_description":"Hinta sis\u00e4lt\u00e4\u00e4 arvonlis\u00e4veron. DeLux 200 -kylpytynnyri sis\u00e4kamiinalla on korkealaatuinen koti-spa, joka on viimeistelty viimeist\u00e4 yksityiskohtaa my\u00f6ten. Sit\u00e4 voi k\u00e4ytt\u00e4\u00e4 ymp\u00e4ri vuoden ja se on helppo huoltaa. Kylpytynnyriin voi tilata laajan valikoiman lis\u00e4varusteita. &nbsp;","og_url":"https:\/\/dev.awero.ee\/fi\/toode\/kylpytynnyri-delux-200-sisakamiinalla-2\/","og_site_name":"Awero - S\u00fcdamega L\u00f5una-Eestist","article_modified_time":"2026-03-10T07:59:10+00:00","og_image":[{"width":2560,"height":1920,"url":"https:\/\/dev.awero.ee\/wp-content\/uploads\/2025\/01\/delux200siseahjuga-scaled.jpg","type":"image\/jpeg"}],"twitter_card":"summary_large_image","twitter_misc":{"Arvioitu lukuaika":"1 minuutti"},"schema":{"@context":"https:\/\/schema.org","@graph":[{"@type":"WebPage","@id":"https:\/\/dev.awero.ee\/fi\/toode\/kylpytynnyri-delux-200-sisakamiinalla-2\/","url":"https:\/\/dev.awero.ee\/fi\/toode\/kylpytynnyri-delux-200-sisakamiinalla-2\/","name":"Kylpytynnyri DeLux 200 sis\u00e4kamiinalla - Awero - S\u00fcdamega L\u00f5una-Eestist","isPartOf":{"@id":"https:\/\/dev.awero.ee\/fi\/#website"},"primaryImageOfPage":{"@id":"https:\/\/dev.awero.ee\/fi\/toode\/kylpytynnyri-delux-200-sisakamiinalla-2\/#primaryimage"},"image":{"@id":"https:\/\/dev.awero.ee\/fi\/toode\/kylpytynnyri-delux-200-sisakamiinalla-2\/#primaryimage"},"thumbnailUrl":"https:\/\/dev.awero.ee\/wp-content\/uploads\/2025\/01\/delux200siseahjuga-scaled.jpg","datePublished":"2025-01-21T08:06:08+00:00","dateModified":"2026-03-10T07:59:10+00:00","breadcrumb":{"@id":"https:\/\/dev.awero.ee\/fi\/toode\/kylpytynnyri-delux-200-sisakamiinalla-2\/#breadcrumb"},"inLanguage":"fi","potentialAction":[{"@type":"ReadAction","target":["https:\/\/dev.awero.ee\/fi\/toode\/kylpytynnyri-delux-200-sisakamiinalla-2\/"]}]},{"@type":"ImageObject","inLanguage":"fi","@id":"https:\/\/dev.awero.ee\/fi\/toode\/kylpytynnyri-delux-200-sisakamiinalla-2\/#primaryimage","url":"https:\/\/dev.awero.ee\/wp-content\/uploads\/2025\/01\/delux200siseahjuga-scaled.jpg","contentUrl":"https:\/\/dev.awero.ee\/wp-content\/uploads\/2025\/01\/delux200siseahjuga-scaled.jpg","width":2560,"height":1920},{"@type":"BreadcrumbList","@id":"https:\/\/dev.awero.ee\/fi\/toode\/kylpytynnyri-delux-200-sisakamiinalla-2\/#breadcrumb","itemListElement":[{"@type":"ListItem","position":1,"name":"Home","item":"https:\/\/dev.awero.ee\/fi\/etusivu\/"},{"@type":"ListItem","position":2,"name":"Kauppa","item":"https:\/\/dev.awero.ee\/fi\/kauppa\/"},{"@type":"ListItem","position":3,"name":"Kylpytynnyri DeLux 200 sis\u00e4kamiinalla"}]},{"@type":"WebSite","@id":"https:\/\/dev.awero.ee\/fi\/#website","url":"https:\/\/dev.awero.ee\/fi\/","name":"Awero - S\u00fcdamega L\u00f5una Eestist","description":"","publisher":{"@id":"https:\/\/dev.awero.ee\/fi\/#organization"},"potentialAction":[{"@type":"SearchAction","target":{"@type":"EntryPoint","urlTemplate":"https:\/\/dev.awero.ee\/fi\/?s={search_term_string}"},"query-input":{"@type":"PropertyValueSpecification","valueRequired":true,"valueName":"search_term_string"}}],"inLanguage":"fi"},{"@type":"Organization","@id":"https:\/\/dev.awero.ee\/fi\/#organization","name":"Awero - S\u00fcdamega L\u00f5una Eestist","url":"https:\/\/dev.awero.ee\/fi\/","logo":{"@type":"ImageObject","inLanguage":"fi","@id":"https:\/\/dev.awero.ee\/fi\/#\/schema\/logo\/image\/","url":"https:\/\/dev.awero.ee\/wp-content\/uploads\/2024\/07\/aweroplaceholder.jpg","contentUrl":"https:\/\/dev.awero.ee\/wp-content\/uploads\/2024\/07\/aweroplaceholder.jpg","width":1250,"height":834,"caption":"Awero - S\u00fcdamega L\u00f5una Eestist"},"image":{"@id":"https:\/\/dev.awero.ee\/fi\/#\/schema\/logo\/image\/"}}]}},"_links":{"self":[{"href":"https:\/\/dev.awero.ee\/fi\/wp-json\/wp\/v2\/product\/8046","targetHints":{"allow":["GET"]}}],"collection":[{"href":"https:\/\/dev.awero.ee\/fi\/wp-json\/wp\/v2\/product"}],"about":[{"href":"https:\/\/dev.awero.ee\/fi\/wp-json\/wp\/v2\/types\/product"}],"wp:featuredmedia":[{"embeddable":true,"href":"https:\/\/dev.awero.ee\/fi\/wp-json\/wp\/v2\/media\/5462"}],"wp:attachment":[{"href":"https:\/\/dev.awero.ee\/fi\/wp-json\/wp\/v2\/media?parent=8046"}],"wp:term":[{"taxonomy":"product_brand","embeddable":true,"href":"https:\/\/dev.awero.ee\/fi\/wp-json\/wp\/v2\/product_brand?post=8046"},{"taxonomy":"product_cat","embeddable":true,"href":"https:\/\/dev.awero.ee\/fi\/wp-json\/wp\/v2\/product_cat?post=8046"},{"taxonomy":"product_tag","embeddable":true,"href":"https:\/\/dev.awero.ee\/fi\/wp-json\/wp\/v2\/product_tag?post=8046"}],"curies":[{"name":"wp","href":"https:\/\/api.w.org\/{rel}","templated":true}]}}