{"id":8096,"date":"2025-01-21T08:06:08","date_gmt":"2025-01-21T08:06:08","guid":{"rendered":"https:\/\/dev.awero.ee\/toode\/kylpytynnyri-hexagon-180-ulkokamiinalla\/"},"modified":"2026-03-10T07:59:06","modified_gmt":"2026-03-10T07:59:06","slug":"kylpytynnyri-hexagon-180-ulkokamiinalla","status":"publish","type":"product","link":"https:\/\/dev.awero.ee\/fi\/toode\/kylpytynnyri-hexagon-180-ulkokamiinalla\/","title":{"rendered":"Kylpytynnyri Hexagon 180 ulkokamiinalla"},"content":{"rendered":"<p style=\"text-align: justify;\">Kylpytynnyrin ainutlaatuisuus piilee sen helppohoitoisessa lasikuituisessa sis\u00e4pinnassa, ylellisess\u00e4 l\u00e4mp\u00f6puup\u00e4\u00e4llysteess\u00e4 ja korkealaatuisesta (AISI 304) ter\u00e4ksest\u00e4 valmistetussa ulkoisessa kamiinassa. Kylpytynnyri l\u00e4mpenee nopeammin ja kuluttaa v\u00e4hemm\u00e4n puuta, joten voit alkaa nauttia sen tarjoamasta harmoniasta ja miellytt\u00e4vist\u00e4 hetkist\u00e4 nopeammin.<\/p>\n<p style=\"text-align: justify;\">Kylpytynnyriin on saatavana laaja valikoima <span lang=\"ET\"><br \/>\n  <span lang=\"ET\"><br \/>\n    <span lang=\"ET\"><br \/>\n      <span lang=\"ET\"><br \/>\n        <a href=\"https:\/\/dev.awero.ee\/fi\/tootekategooria\/lisavarusteet\/\">lis\u00e4varusteita<\/a><br \/>\n      <\/span><br \/>\n    <\/span><br \/>\n  <\/span><br \/>\n<\/span>: LED-valaistus (RGB), porej\u00e4rjestelm\u00e4, digitaalinen vesil\u00e4mp\u00f6mittari, stereoj\u00e4rjestelm\u00e4, juomatelineet, suodatinj\u00e4rjestelm\u00e4, l\u00e4mp\u00f6eristetty kansi ja betoninen kylpytynnyrin alusta.<\/p>\n","protected":false},"excerpt":{"rendered":"<p>Hinta sis\u00e4lt\u00e4\u00e4 arvonlis\u00e4veron.<br \/>Hexagon Lux -kylpytynnyri ulkokamiinalla on korkealaatuinen spa, joka on viimeistelty viimeist\u00e4 yksityiskohtaa my\u00f6ten. Sit\u00e4 voi k\u00e4ytt\u00e4\u00e4 ymp\u00e4ri vuoden ja se on helppo huoltaa.<\/p>\n","protected":false},"featured_media":4955,"template":"","meta":{"_acf_changed":false},"product_brand":[],"product_cat":[1081,1084],"product_tag":[],"class_list":{"0":"post-8096","1":"product","2":"type-product","3":"status-publish","4":"has-post-thumbnail","6":"product_cat-kylpytynnyrituotteet","7":"product_cat-ulkokamiinalla","9":"first","10":"instock","11":"sale","12":"shipping-taxable","13":"product-type-variable"},"acf":[],"yoast_head":"<!-- This site is optimized with the Yoast SEO plugin v26.8 - https:\/\/yoast.com\/product\/yoast-seo-wordpress\/ -->\n<title>Kylpytynnyri Hexagon 180 ulkokamiinalla - Awero - S\u00fcdamega L\u00f5una-Eestist<\/title>\n<meta name=\"robots\" content=\"noindex, follow, max-snippet:-1, max-image-preview:large, max-video-preview:-1\" \/>\n<meta property=\"og:locale\" content=\"fi_FI\" \/>\n<meta property=\"og:type\" content=\"article\" \/>\n<meta property=\"og:title\" content=\"Kylpytynnyri Hexagon 180 ulkokamiinalla - Awero - S\u00fcdamega L\u00f5una-Eestist\" \/>\n<meta property=\"og:description\" content=\"Hinta sis\u00e4lt\u00e4\u00e4 arvonlis\u00e4veron.Hexagon Lux -kylpytynnyri ulkokamiinalla on korkealaatuinen spa, joka on viimeistelty viimeist\u00e4 yksityiskohtaa my\u00f6ten. Sit\u00e4 voi k\u00e4ytt\u00e4\u00e4 ymp\u00e4ri vuoden ja se on helppo huoltaa.\" \/>\n<meta property=\"og:url\" content=\"https:\/\/dev.awero.ee\/fi\/toode\/kylpytynnyri-hexagon-180-ulkokamiinalla\/\" \/>\n<meta property=\"og:site_name\" content=\"Awero - S\u00fcdamega L\u00f5una-Eestist\" \/>\n<meta property=\"article:modified_time\" content=\"2026-03-10T07:59:06+00:00\" \/>\n<meta property=\"og:image\" content=\"https:\/\/dev.awero.ee\/wp-content\/uploads\/2025\/02\/HEXAGON.jpg\" \/>\n\t<meta property=\"og:image:width\" content=\"2500\" \/>\n\t<meta property=\"og:image:height\" content=\"1667\" \/>\n\t<meta property=\"og:image:type\" content=\"image\/jpeg\" \/>\n<meta name=\"twitter:card\" content=\"summary_large_image\" \/>\n<script type=\"application\/ld+json\" class=\"yoast-schema-graph\">{\"@context\":\"https:\/\/schema.org\",\"@graph\":[{\"@type\":\"WebPage\",\"@id\":\"https:\/\/dev.awero.ee\/fi\/toode\/kylpytynnyri-hexagon-180-ulkokamiinalla\/\",\"url\":\"https:\/\/dev.awero.ee\/fi\/toode\/kylpytynnyri-hexagon-180-ulkokamiinalla\/\",\"name\":\"Kylpytynnyri Hexagon 180 ulkokamiinalla - Awero - S\u00fcdamega L\u00f5una-Eestist\",\"isPartOf\":{\"@id\":\"https:\/\/dev.awero.ee\/fi\/#website\"},\"primaryImageOfPage\":{\"@id\":\"https:\/\/dev.awero.ee\/fi\/toode\/kylpytynnyri-hexagon-180-ulkokamiinalla\/#primaryimage\"},\"image\":{\"@id\":\"https:\/\/dev.awero.ee\/fi\/toode\/kylpytynnyri-hexagon-180-ulkokamiinalla\/#primaryimage\"},\"thumbnailUrl\":\"https:\/\/dev.awero.ee\/wp-content\/uploads\/2025\/02\/HEXAGON.jpg\",\"datePublished\":\"2025-01-21T08:06:08+00:00\",\"dateModified\":\"2026-03-10T07:59:06+00:00\",\"breadcrumb\":{\"@id\":\"https:\/\/dev.awero.ee\/fi\/toode\/kylpytynnyri-hexagon-180-ulkokamiinalla\/#breadcrumb\"},\"inLanguage\":\"fi\",\"potentialAction\":[{\"@type\":\"ReadAction\",\"target\":[\"https:\/\/dev.awero.ee\/fi\/toode\/kylpytynnyri-hexagon-180-ulkokamiinalla\/\"]}]},{\"@type\":\"ImageObject\",\"inLanguage\":\"fi\",\"@id\":\"https:\/\/dev.awero.ee\/fi\/toode\/kylpytynnyri-hexagon-180-ulkokamiinalla\/#primaryimage\",\"url\":\"https:\/\/dev.awero.ee\/wp-content\/uploads\/2025\/02\/HEXAGON.jpg\",\"contentUrl\":\"https:\/\/dev.awero.ee\/wp-content\/uploads\/2025\/02\/HEXAGON.jpg\",\"width\":2500,\"height\":1667},{\"@type\":\"BreadcrumbList\",\"@id\":\"https:\/\/dev.awero.ee\/fi\/toode\/kylpytynnyri-hexagon-180-ulkokamiinalla\/#breadcrumb\",\"itemListElement\":[{\"@type\":\"ListItem\",\"position\":1,\"name\":\"Home\",\"item\":\"https:\/\/dev.awero.ee\/fi\/etusivu\/\"},{\"@type\":\"ListItem\",\"position\":2,\"name\":\"Kauppa\",\"item\":\"https:\/\/dev.awero.ee\/fi\/kauppa\/\"},{\"@type\":\"ListItem\",\"position\":3,\"name\":\"Kylpytynnyri Hexagon 180 ulkokamiinalla\"}]},{\"@type\":\"WebSite\",\"@id\":\"https:\/\/dev.awero.ee\/fi\/#website\",\"url\":\"https:\/\/dev.awero.ee\/fi\/\",\"name\":\"Awero - S\u00fcdamega L\u00f5una Eestist\",\"description\":\"\",\"publisher\":{\"@id\":\"https:\/\/dev.awero.ee\/fi\/#organization\"},\"potentialAction\":[{\"@type\":\"SearchAction\",\"target\":{\"@type\":\"EntryPoint\",\"urlTemplate\":\"https:\/\/dev.awero.ee\/fi\/?s={search_term_string}\"},\"query-input\":{\"@type\":\"PropertyValueSpecification\",\"valueRequired\":true,\"valueName\":\"search_term_string\"}}],\"inLanguage\":\"fi\"},{\"@type\":\"Organization\",\"@id\":\"https:\/\/dev.awero.ee\/fi\/#organization\",\"name\":\"Awero - S\u00fcdamega L\u00f5una Eestist\",\"url\":\"https:\/\/dev.awero.ee\/fi\/\",\"logo\":{\"@type\":\"ImageObject\",\"inLanguage\":\"fi\",\"@id\":\"https:\/\/dev.awero.ee\/fi\/#\/schema\/logo\/image\/\",\"url\":\"https:\/\/dev.awero.ee\/wp-content\/uploads\/2024\/07\/aweroplaceholder.jpg\",\"contentUrl\":\"https:\/\/dev.awero.ee\/wp-content\/uploads\/2024\/07\/aweroplaceholder.jpg\",\"width\":1250,\"height\":834,\"caption\":\"Awero - S\u00fcdamega L\u00f5una Eestist\"},\"image\":{\"@id\":\"https:\/\/dev.awero.ee\/fi\/#\/schema\/logo\/image\/\"}}]}<\/script>\n<!-- \/ Yoast SEO plugin. -->","yoast_head_json":{"title":"Kylpytynnyri Hexagon 180 ulkokamiinalla - Awero - S\u00fcdamega L\u00f5una-Eestist","robots":{"index":"noindex","follow":"follow","max-snippet":"max-snippet:-1","max-image-preview":"max-image-preview:large","max-video-preview":"max-video-preview:-1"},"og_locale":"fi_FI","og_type":"article","og_title":"Kylpytynnyri Hexagon 180 ulkokamiinalla - Awero - S\u00fcdamega L\u00f5una-Eestist","og_description":"Hinta sis\u00e4lt\u00e4\u00e4 arvonlis\u00e4veron.Hexagon Lux -kylpytynnyri ulkokamiinalla on korkealaatuinen spa, joka on viimeistelty viimeist\u00e4 yksityiskohtaa my\u00f6ten. Sit\u00e4 voi k\u00e4ytt\u00e4\u00e4 ymp\u00e4ri vuoden ja se on helppo huoltaa.","og_url":"https:\/\/dev.awero.ee\/fi\/toode\/kylpytynnyri-hexagon-180-ulkokamiinalla\/","og_site_name":"Awero - S\u00fcdamega L\u00f5una-Eestist","article_modified_time":"2026-03-10T07:59:06+00:00","og_image":[{"width":2500,"height":1667,"url":"https:\/\/dev.awero.ee\/wp-content\/uploads\/2025\/02\/HEXAGON.jpg","type":"image\/jpeg"}],"twitter_card":"summary_large_image","schema":{"@context":"https:\/\/schema.org","@graph":[{"@type":"WebPage","@id":"https:\/\/dev.awero.ee\/fi\/toode\/kylpytynnyri-hexagon-180-ulkokamiinalla\/","url":"https:\/\/dev.awero.ee\/fi\/toode\/kylpytynnyri-hexagon-180-ulkokamiinalla\/","name":"Kylpytynnyri Hexagon 180 ulkokamiinalla - Awero - S\u00fcdamega L\u00f5una-Eestist","isPartOf":{"@id":"https:\/\/dev.awero.ee\/fi\/#website"},"primaryImageOfPage":{"@id":"https:\/\/dev.awero.ee\/fi\/toode\/kylpytynnyri-hexagon-180-ulkokamiinalla\/#primaryimage"},"image":{"@id":"https:\/\/dev.awero.ee\/fi\/toode\/kylpytynnyri-hexagon-180-ulkokamiinalla\/#primaryimage"},"thumbnailUrl":"https:\/\/dev.awero.ee\/wp-content\/uploads\/2025\/02\/HEXAGON.jpg","datePublished":"2025-01-21T08:06:08+00:00","dateModified":"2026-03-10T07:59:06+00:00","breadcrumb":{"@id":"https:\/\/dev.awero.ee\/fi\/toode\/kylpytynnyri-hexagon-180-ulkokamiinalla\/#breadcrumb"},"inLanguage":"fi","potentialAction":[{"@type":"ReadAction","target":["https:\/\/dev.awero.ee\/fi\/toode\/kylpytynnyri-hexagon-180-ulkokamiinalla\/"]}]},{"@type":"ImageObject","inLanguage":"fi","@id":"https:\/\/dev.awero.ee\/fi\/toode\/kylpytynnyri-hexagon-180-ulkokamiinalla\/#primaryimage","url":"https:\/\/dev.awero.ee\/wp-content\/uploads\/2025\/02\/HEXAGON.jpg","contentUrl":"https:\/\/dev.awero.ee\/wp-content\/uploads\/2025\/02\/HEXAGON.jpg","width":2500,"height":1667},{"@type":"BreadcrumbList","@id":"https:\/\/dev.awero.ee\/fi\/toode\/kylpytynnyri-hexagon-180-ulkokamiinalla\/#breadcrumb","itemListElement":[{"@type":"ListItem","position":1,"name":"Home","item":"https:\/\/dev.awero.ee\/fi\/etusivu\/"},{"@type":"ListItem","position":2,"name":"Kauppa","item":"https:\/\/dev.awero.ee\/fi\/kauppa\/"},{"@type":"ListItem","position":3,"name":"Kylpytynnyri Hexagon 180 ulkokamiinalla"}]},{"@type":"WebSite","@id":"https:\/\/dev.awero.ee\/fi\/#website","url":"https:\/\/dev.awero.ee\/fi\/","name":"Awero - S\u00fcdamega L\u00f5una Eestist","description":"","publisher":{"@id":"https:\/\/dev.awero.ee\/fi\/#organization"},"potentialAction":[{"@type":"SearchAction","target":{"@type":"EntryPoint","urlTemplate":"https:\/\/dev.awero.ee\/fi\/?s={search_term_string}"},"query-input":{"@type":"PropertyValueSpecification","valueRequired":true,"valueName":"search_term_string"}}],"inLanguage":"fi"},{"@type":"Organization","@id":"https:\/\/dev.awero.ee\/fi\/#organization","name":"Awero - S\u00fcdamega L\u00f5una Eestist","url":"https:\/\/dev.awero.ee\/fi\/","logo":{"@type":"ImageObject","inLanguage":"fi","@id":"https:\/\/dev.awero.ee\/fi\/#\/schema\/logo\/image\/","url":"https:\/\/dev.awero.ee\/wp-content\/uploads\/2024\/07\/aweroplaceholder.jpg","contentUrl":"https:\/\/dev.awero.ee\/wp-content\/uploads\/2024\/07\/aweroplaceholder.jpg","width":1250,"height":834,"caption":"Awero - S\u00fcdamega L\u00f5una Eestist"},"image":{"@id":"https:\/\/dev.awero.ee\/fi\/#\/schema\/logo\/image\/"}}]}},"_links":{"self":[{"href":"https:\/\/dev.awero.ee\/fi\/wp-json\/wp\/v2\/product\/8096","targetHints":{"allow":["GET"]}}],"collection":[{"href":"https:\/\/dev.awero.ee\/fi\/wp-json\/wp\/v2\/product"}],"about":[{"href":"https:\/\/dev.awero.ee\/fi\/wp-json\/wp\/v2\/types\/product"}],"wp:featuredmedia":[{"embeddable":true,"href":"https:\/\/dev.awero.ee\/fi\/wp-json\/wp\/v2\/media\/4955"}],"wp:attachment":[{"href":"https:\/\/dev.awero.ee\/fi\/wp-json\/wp\/v2\/media?parent=8096"}],"wp:term":[{"taxonomy":"product_brand","embeddable":true,"href":"https:\/\/dev.awero.ee\/fi\/wp-json\/wp\/v2\/product_brand?post=8096"},{"taxonomy":"product_cat","embeddable":true,"href":"https:\/\/dev.awero.ee\/fi\/wp-json\/wp\/v2\/product_cat?post=8096"},{"taxonomy":"product_tag","embeddable":true,"href":"https:\/\/dev.awero.ee\/fi\/wp-json\/wp\/v2\/product_tag?post=8096"}],"curies":[{"name":"wp","href":"https:\/\/api.w.org\/{rel}","templated":true}]}}