{"id":8163,"date":"2025-02-19T09:05:48","date_gmt":"2025-02-19T09:05:48","guid":{"rendered":"https:\/\/dev.awero.ee\/toode\/ofuro-ulkokamiinalla\/"},"modified":"2026-03-10T07:59:09","modified_gmt":"2026-03-10T07:59:09","slug":"ofuro-ulkokamiinalla","status":"publish","type":"product","link":"https:\/\/dev.awero.ee\/fi\/toode\/ofuro-ulkokamiinalla\/","title":{"rendered":"Ofuro ulkokamiinalla"},"content":{"rendered":"<div class=\"container single-product-description-text\">\n<p>Ofuron ainutlaatuisuus piilee <strong>sen ergonomisissa<strong> istuimissa<\/strong><\/strong> ja helppohoitoisessa l<strong>asikuituisessa <\/strong>sis\u00e4pinnassa, ylellisess\u00e4 l\u00e4mp\u00f6puup\u00e4\u00e4llysteess\u00e4 ja korkealaatuisesta ruostumattomasta ter\u00e4ksest\u00e4 valmistetussa kaasukamiinassa. Kylpyveden l\u00e4mmitt\u00e4minen on k\u00e4tev\u00e4\u00e4 ja nopeaa, joten voit nauttia sen tarjoamasta harmoniasta ja miellytt\u00e4vist\u00e4 hetkist\u00e4 entist\u00e4 nopeammin. <\/p>\n<p><strong>Pakettiin sis\u00e4ltyy:<\/strong><\/p>\n<ul>\n<li>ruostumaton AISI 304 ulkokamiina<\/li>\n<li>l\u00e4mp\u00f6puinen ulkopinta (k\u00e4sitelty puunsuoja-aineella)<\/li>\n<li>kaareva portaikko kahdella askelmalla<\/li>\n<li><strong> harmaa lasikuitusisusta ergonomisilla<\/strong> istuimilla.<\/li>\n<\/ul>\n<p>Altaaseen voi tilata laajan valikoiman <strong><br \/>\n  <a href=\"https:\/\/dev.awero.ee\/fi\/tootekategooria\/lisavarusteet\/\">lis\u00e4varusteita<\/a><br \/>\n<\/strong>: LED-valaistus (RGB), porej\u00e4rjestelm\u00e4, digitaalinen vesil\u00e4mp\u00f6mittari, stereoj\u00e4rjestelm\u00e4, juomatelineet, suodatinj\u00e4rjestelm\u00e4, l\u00e4mp\u00f6eristetty kansi.<\/p>\n<\/div>\n","protected":false},"excerpt":{"rendered":"<p><strong>OFURO-kylpytynnyri<\/strong><strong> AISI 304 Ulkokamiinall<\/strong>a on<strong> kahden hengen <\/strong>yksityinen ja laadukas koti-spa, joka on viimeistelty t\u00e4ydellisyytt\u00e4 hipoen, k\u00e4ytett\u00e4viss\u00e4 ymp\u00e4ri vuoden ja helppo huoltaa.<\/p>\n","protected":false},"featured_media":5459,"template":"","meta":{"_acf_changed":false},"product_brand":[],"product_cat":[1081,1084],"product_tag":[],"class_list":{"0":"post-8163","1":"product","2":"type-product","3":"status-publish","4":"has-post-thumbnail","6":"product_cat-kylpytynnyrituotteet","7":"product_cat-ulkokamiinalla","9":"first","10":"instock","11":"sale","12":"shipping-taxable","13":"product-type-variable"},"acf":[],"yoast_head":"<!-- This site is optimized with the Yoast SEO plugin v26.8 - https:\/\/yoast.com\/product\/yoast-seo-wordpress\/ -->\n<title>Ofuro ulkokamiinalla - Awero - S\u00fcdamega L\u00f5una-Eestist<\/title>\n<meta name=\"robots\" content=\"noindex, follow, max-snippet:-1, max-image-preview:large, max-video-preview:-1\" \/>\n<meta property=\"og:locale\" content=\"fi_FI\" \/>\n<meta property=\"og:type\" content=\"article\" \/>\n<meta property=\"og:title\" content=\"Ofuro ulkokamiinalla - Awero - S\u00fcdamega L\u00f5una-Eestist\" \/>\n<meta property=\"og:description\" content=\"OFURO-kylpytynnyri AISI 304 Ulkokamiinalla on kahden hengen yksityinen ja laadukas koti-spa, joka on viimeistelty t\u00e4ydellisyytt\u00e4 hipoen, k\u00e4ytett\u00e4viss\u00e4 ymp\u00e4ri vuoden ja helppo huoltaa.\" \/>\n<meta property=\"og:url\" content=\"https:\/\/dev.awero.ee\/fi\/toode\/ofuro-ulkokamiinalla\/\" \/>\n<meta property=\"og:site_name\" content=\"Awero - S\u00fcdamega L\u00f5una-Eestist\" \/>\n<meta property=\"article:modified_time\" content=\"2026-03-10T07:59:09+00:00\" \/>\n<meta property=\"og:image\" content=\"https:\/\/dev.awero.ee\/wp-content\/uploads\/2025\/02\/ofura-valisahjuga-scaled.jpg\" \/>\n\t<meta property=\"og:image:width\" content=\"2560\" \/>\n\t<meta property=\"og:image:height\" content=\"2560\" \/>\n\t<meta property=\"og:image:type\" content=\"image\/jpeg\" \/>\n<meta name=\"twitter:card\" content=\"summary_large_image\" \/>\n<script type=\"application\/ld+json\" class=\"yoast-schema-graph\">{\"@context\":\"https:\/\/schema.org\",\"@graph\":[{\"@type\":\"WebPage\",\"@id\":\"https:\/\/dev.awero.ee\/fi\/toode\/ofuro-ulkokamiinalla\/\",\"url\":\"https:\/\/dev.awero.ee\/fi\/toode\/ofuro-ulkokamiinalla\/\",\"name\":\"Ofuro ulkokamiinalla - Awero - S\u00fcdamega L\u00f5una-Eestist\",\"isPartOf\":{\"@id\":\"https:\/\/dev.awero.ee\/fi\/#website\"},\"primaryImageOfPage\":{\"@id\":\"https:\/\/dev.awero.ee\/fi\/toode\/ofuro-ulkokamiinalla\/#primaryimage\"},\"image\":{\"@id\":\"https:\/\/dev.awero.ee\/fi\/toode\/ofuro-ulkokamiinalla\/#primaryimage\"},\"thumbnailUrl\":\"https:\/\/dev.awero.ee\/wp-content\/uploads\/2025\/02\/ofura-valisahjuga-scaled.jpg\",\"datePublished\":\"2025-02-19T09:05:48+00:00\",\"dateModified\":\"2026-03-10T07:59:09+00:00\",\"breadcrumb\":{\"@id\":\"https:\/\/dev.awero.ee\/fi\/toode\/ofuro-ulkokamiinalla\/#breadcrumb\"},\"inLanguage\":\"fi\",\"potentialAction\":[{\"@type\":\"ReadAction\",\"target\":[\"https:\/\/dev.awero.ee\/fi\/toode\/ofuro-ulkokamiinalla\/\"]}]},{\"@type\":\"ImageObject\",\"inLanguage\":\"fi\",\"@id\":\"https:\/\/dev.awero.ee\/fi\/toode\/ofuro-ulkokamiinalla\/#primaryimage\",\"url\":\"https:\/\/dev.awero.ee\/wp-content\/uploads\/2025\/02\/ofura-valisahjuga-scaled.jpg\",\"contentUrl\":\"https:\/\/dev.awero.ee\/wp-content\/uploads\/2025\/02\/ofura-valisahjuga-scaled.jpg\",\"width\":2560,\"height\":2560},{\"@type\":\"BreadcrumbList\",\"@id\":\"https:\/\/dev.awero.ee\/fi\/toode\/ofuro-ulkokamiinalla\/#breadcrumb\",\"itemListElement\":[{\"@type\":\"ListItem\",\"position\":1,\"name\":\"Home\",\"item\":\"https:\/\/dev.awero.ee\/fi\/etusivu\/\"},{\"@type\":\"ListItem\",\"position\":2,\"name\":\"Kauppa\",\"item\":\"https:\/\/dev.awero.ee\/fi\/kauppa\/\"},{\"@type\":\"ListItem\",\"position\":3,\"name\":\"Ofuro ulkokamiinalla\"}]},{\"@type\":\"WebSite\",\"@id\":\"https:\/\/dev.awero.ee\/fi\/#website\",\"url\":\"https:\/\/dev.awero.ee\/fi\/\",\"name\":\"Awero - S\u00fcdamega L\u00f5una Eestist\",\"description\":\"\",\"publisher\":{\"@id\":\"https:\/\/dev.awero.ee\/fi\/#organization\"},\"potentialAction\":[{\"@type\":\"SearchAction\",\"target\":{\"@type\":\"EntryPoint\",\"urlTemplate\":\"https:\/\/dev.awero.ee\/fi\/?s={search_term_string}\"},\"query-input\":{\"@type\":\"PropertyValueSpecification\",\"valueRequired\":true,\"valueName\":\"search_term_string\"}}],\"inLanguage\":\"fi\"},{\"@type\":\"Organization\",\"@id\":\"https:\/\/dev.awero.ee\/fi\/#organization\",\"name\":\"Awero - S\u00fcdamega L\u00f5una Eestist\",\"url\":\"https:\/\/dev.awero.ee\/fi\/\",\"logo\":{\"@type\":\"ImageObject\",\"inLanguage\":\"fi\",\"@id\":\"https:\/\/dev.awero.ee\/fi\/#\/schema\/logo\/image\/\",\"url\":\"https:\/\/dev.awero.ee\/wp-content\/uploads\/2024\/07\/aweroplaceholder.jpg\",\"contentUrl\":\"https:\/\/dev.awero.ee\/wp-content\/uploads\/2024\/07\/aweroplaceholder.jpg\",\"width\":1250,\"height\":834,\"caption\":\"Awero - S\u00fcdamega L\u00f5una Eestist\"},\"image\":{\"@id\":\"https:\/\/dev.awero.ee\/fi\/#\/schema\/logo\/image\/\"}}]}<\/script>\n<!-- \/ Yoast SEO plugin. -->","yoast_head_json":{"title":"Ofuro ulkokamiinalla - Awero - S\u00fcdamega L\u00f5una-Eestist","robots":{"index":"noindex","follow":"follow","max-snippet":"max-snippet:-1","max-image-preview":"max-image-preview:large","max-video-preview":"max-video-preview:-1"},"og_locale":"fi_FI","og_type":"article","og_title":"Ofuro ulkokamiinalla - Awero - S\u00fcdamega L\u00f5una-Eestist","og_description":"OFURO-kylpytynnyri AISI 304 Ulkokamiinalla on kahden hengen yksityinen ja laadukas koti-spa, joka on viimeistelty t\u00e4ydellisyytt\u00e4 hipoen, k\u00e4ytett\u00e4viss\u00e4 ymp\u00e4ri vuoden ja helppo huoltaa.","og_url":"https:\/\/dev.awero.ee\/fi\/toode\/ofuro-ulkokamiinalla\/","og_site_name":"Awero - S\u00fcdamega L\u00f5una-Eestist","article_modified_time":"2026-03-10T07:59:09+00:00","og_image":[{"width":2560,"height":2560,"url":"https:\/\/dev.awero.ee\/wp-content\/uploads\/2025\/02\/ofura-valisahjuga-scaled.jpg","type":"image\/jpeg"}],"twitter_card":"summary_large_image","schema":{"@context":"https:\/\/schema.org","@graph":[{"@type":"WebPage","@id":"https:\/\/dev.awero.ee\/fi\/toode\/ofuro-ulkokamiinalla\/","url":"https:\/\/dev.awero.ee\/fi\/toode\/ofuro-ulkokamiinalla\/","name":"Ofuro ulkokamiinalla - Awero - S\u00fcdamega L\u00f5una-Eestist","isPartOf":{"@id":"https:\/\/dev.awero.ee\/fi\/#website"},"primaryImageOfPage":{"@id":"https:\/\/dev.awero.ee\/fi\/toode\/ofuro-ulkokamiinalla\/#primaryimage"},"image":{"@id":"https:\/\/dev.awero.ee\/fi\/toode\/ofuro-ulkokamiinalla\/#primaryimage"},"thumbnailUrl":"https:\/\/dev.awero.ee\/wp-content\/uploads\/2025\/02\/ofura-valisahjuga-scaled.jpg","datePublished":"2025-02-19T09:05:48+00:00","dateModified":"2026-03-10T07:59:09+00:00","breadcrumb":{"@id":"https:\/\/dev.awero.ee\/fi\/toode\/ofuro-ulkokamiinalla\/#breadcrumb"},"inLanguage":"fi","potentialAction":[{"@type":"ReadAction","target":["https:\/\/dev.awero.ee\/fi\/toode\/ofuro-ulkokamiinalla\/"]}]},{"@type":"ImageObject","inLanguage":"fi","@id":"https:\/\/dev.awero.ee\/fi\/toode\/ofuro-ulkokamiinalla\/#primaryimage","url":"https:\/\/dev.awero.ee\/wp-content\/uploads\/2025\/02\/ofura-valisahjuga-scaled.jpg","contentUrl":"https:\/\/dev.awero.ee\/wp-content\/uploads\/2025\/02\/ofura-valisahjuga-scaled.jpg","width":2560,"height":2560},{"@type":"BreadcrumbList","@id":"https:\/\/dev.awero.ee\/fi\/toode\/ofuro-ulkokamiinalla\/#breadcrumb","itemListElement":[{"@type":"ListItem","position":1,"name":"Home","item":"https:\/\/dev.awero.ee\/fi\/etusivu\/"},{"@type":"ListItem","position":2,"name":"Kauppa","item":"https:\/\/dev.awero.ee\/fi\/kauppa\/"},{"@type":"ListItem","position":3,"name":"Ofuro ulkokamiinalla"}]},{"@type":"WebSite","@id":"https:\/\/dev.awero.ee\/fi\/#website","url":"https:\/\/dev.awero.ee\/fi\/","name":"Awero - S\u00fcdamega L\u00f5una Eestist","description":"","publisher":{"@id":"https:\/\/dev.awero.ee\/fi\/#organization"},"potentialAction":[{"@type":"SearchAction","target":{"@type":"EntryPoint","urlTemplate":"https:\/\/dev.awero.ee\/fi\/?s={search_term_string}"},"query-input":{"@type":"PropertyValueSpecification","valueRequired":true,"valueName":"search_term_string"}}],"inLanguage":"fi"},{"@type":"Organization","@id":"https:\/\/dev.awero.ee\/fi\/#organization","name":"Awero - S\u00fcdamega L\u00f5una Eestist","url":"https:\/\/dev.awero.ee\/fi\/","logo":{"@type":"ImageObject","inLanguage":"fi","@id":"https:\/\/dev.awero.ee\/fi\/#\/schema\/logo\/image\/","url":"https:\/\/dev.awero.ee\/wp-content\/uploads\/2024\/07\/aweroplaceholder.jpg","contentUrl":"https:\/\/dev.awero.ee\/wp-content\/uploads\/2024\/07\/aweroplaceholder.jpg","width":1250,"height":834,"caption":"Awero - S\u00fcdamega L\u00f5una Eestist"},"image":{"@id":"https:\/\/dev.awero.ee\/fi\/#\/schema\/logo\/image\/"}}]}},"_links":{"self":[{"href":"https:\/\/dev.awero.ee\/fi\/wp-json\/wp\/v2\/product\/8163","targetHints":{"allow":["GET"]}}],"collection":[{"href":"https:\/\/dev.awero.ee\/fi\/wp-json\/wp\/v2\/product"}],"about":[{"href":"https:\/\/dev.awero.ee\/fi\/wp-json\/wp\/v2\/types\/product"}],"wp:featuredmedia":[{"embeddable":true,"href":"https:\/\/dev.awero.ee\/fi\/wp-json\/wp\/v2\/media\/5459"}],"wp:attachment":[{"href":"https:\/\/dev.awero.ee\/fi\/wp-json\/wp\/v2\/media?parent=8163"}],"wp:term":[{"taxonomy":"product_brand","embeddable":true,"href":"https:\/\/dev.awero.ee\/fi\/wp-json\/wp\/v2\/product_brand?post=8163"},{"taxonomy":"product_cat","embeddable":true,"href":"https:\/\/dev.awero.ee\/fi\/wp-json\/wp\/v2\/product_cat?post=8163"},{"taxonomy":"product_tag","embeddable":true,"href":"https:\/\/dev.awero.ee\/fi\/wp-json\/wp\/v2\/product_tag?post=8163"}],"curies":[{"name":"wp","href":"https:\/\/api.w.org\/{rel}","templated":true}]}}