{"id":8195,"date":"2025-02-19T10:12:38","date_gmt":"2025-02-19T10:12:38","guid":{"rendered":"https:\/\/dev.awero.ee\/toode\/poreallas-250\/"},"modified":"2026-03-10T07:59:09","modified_gmt":"2026-03-10T07:59:09","slug":"poreallas-250","status":"publish","type":"product","link":"https:\/\/dev.awero.ee\/fi\/toode\/poreallas-250\/","title":{"rendered":"Poreallas 250"},"content":{"rendered":"","protected":false},"excerpt":{"rendered":"<p>Halkaisijaltaan 250 cm:n kylpytynnyri ulkokamiinalla on suuri ja tilava, joten se sopii erinomaisesti suuremmille ryhmille. Ulkopuoli on valmistettu lujasta ja s\u00e4\u00e4nkest\u00e4v\u00e4st\u00e4 l\u00e4mp\u00f6puusta. Sis\u00e4puoli on valmistettu helppohoitoisesta ja kest\u00e4v\u00e4st\u00e4 lasikuidusta, mik\u00e4 takaa helppok\u00e4ytt\u00f6isyyden ja pitk\u00e4n k\u00e4ytt\u00f6i\u00e4n. Vesi l\u00e4mmitet\u00e4\u00e4n tehokkaalla 40 kW:n ruostumattomasta ter\u00e4ksest\u00e4 valmistetulla ulkokamiinalla. Pakettiin kuuluu my\u00f6s kaksiportainen kaareva portaikko. Ihanteellinen ymp\u00e4ri vuoden k\u00e4ytett\u00e4v\u00e4ksi perheille tai suuremmille ryhmille.     <\/p>\n","protected":false},"featured_media":4946,"template":"","meta":{"_acf_changed":false},"product_brand":[],"product_cat":[1081,1084],"product_tag":[],"class_list":{"0":"post-8195","1":"product","2":"type-product","3":"status-publish","4":"has-post-thumbnail","6":"product_cat-kylpytynnyrituotteet","7":"product_cat-ulkokamiinalla","9":"first","10":"instock","11":"sale","12":"shipping-taxable","13":"product-type-variable"},"acf":[],"yoast_head":"<!-- This site is optimized with the Yoast SEO plugin v26.8 - https:\/\/yoast.com\/product\/yoast-seo-wordpress\/ -->\n<title>Poreallas 250 - Awero - S\u00fcdamega L\u00f5una-Eestist<\/title>\n<meta name=\"robots\" content=\"noindex, follow, max-snippet:-1, max-image-preview:large, max-video-preview:-1\" \/>\n<meta property=\"og:locale\" content=\"fi_FI\" \/>\n<meta property=\"og:type\" content=\"article\" \/>\n<meta property=\"og:title\" content=\"Poreallas 250 - Awero - S\u00fcdamega L\u00f5una-Eestist\" \/>\n<meta property=\"og:description\" content=\"Halkaisijaltaan 250 cm:n kylpytynnyri ulkokamiinalla on suuri ja tilava, joten se sopii erinomaisesti suuremmille ryhmille. Ulkopuoli on valmistettu lujasta ja s\u00e4\u00e4nkest\u00e4v\u00e4st\u00e4 l\u00e4mp\u00f6puusta. Sis\u00e4puoli on valmistettu helppohoitoisesta ja kest\u00e4v\u00e4st\u00e4 lasikuidusta, mik\u00e4 takaa helppok\u00e4ytt\u00f6isyyden ja pitk\u00e4n k\u00e4ytt\u00f6i\u00e4n. Vesi l\u00e4mmitet\u00e4\u00e4n tehokkaalla 40 kW:n ruostumattomasta ter\u00e4ksest\u00e4 valmistetulla ulkokamiinalla. Pakettiin kuuluu my\u00f6s kaksiportainen kaareva portaikko. Ihanteellinen ymp\u00e4ri vuoden k\u00e4ytett\u00e4v\u00e4ksi perheille tai suuremmille ryhmille.\" \/>\n<meta property=\"og:url\" content=\"https:\/\/dev.awero.ee\/fi\/toode\/poreallas-250\/\" \/>\n<meta property=\"og:site_name\" content=\"Awero - S\u00fcdamega L\u00f5una-Eestist\" \/>\n<meta property=\"article:modified_time\" content=\"2026-03-10T07:59:09+00:00\" \/>\n<meta property=\"og:image\" content=\"https:\/\/dev.awero.ee\/wp-content\/uploads\/2025\/02\/Kymblustynn_250_g.jpg\" \/>\n\t<meta property=\"og:image:width\" content=\"2500\" \/>\n\t<meta property=\"og:image:height\" content=\"1667\" \/>\n\t<meta property=\"og:image:type\" content=\"image\/jpeg\" \/>\n<meta name=\"twitter:card\" content=\"summary_large_image\" \/>\n<script type=\"application\/ld+json\" class=\"yoast-schema-graph\">{\"@context\":\"https:\/\/schema.org\",\"@graph\":[{\"@type\":\"WebPage\",\"@id\":\"https:\/\/dev.awero.ee\/fi\/toode\/poreallas-250\/\",\"url\":\"https:\/\/dev.awero.ee\/fi\/toode\/poreallas-250\/\",\"name\":\"Poreallas 250 - Awero - S\u00fcdamega L\u00f5una-Eestist\",\"isPartOf\":{\"@id\":\"https:\/\/dev.awero.ee\/fi\/#website\"},\"primaryImageOfPage\":{\"@id\":\"https:\/\/dev.awero.ee\/fi\/toode\/poreallas-250\/#primaryimage\"},\"image\":{\"@id\":\"https:\/\/dev.awero.ee\/fi\/toode\/poreallas-250\/#primaryimage\"},\"thumbnailUrl\":\"https:\/\/dev.awero.ee\/wp-content\/uploads\/2025\/02\/Kymblustynn_250_g.jpg\",\"datePublished\":\"2025-02-19T10:12:38+00:00\",\"dateModified\":\"2026-03-10T07:59:09+00:00\",\"breadcrumb\":{\"@id\":\"https:\/\/dev.awero.ee\/fi\/toode\/poreallas-250\/#breadcrumb\"},\"inLanguage\":\"fi\",\"potentialAction\":[{\"@type\":\"ReadAction\",\"target\":[\"https:\/\/dev.awero.ee\/fi\/toode\/poreallas-250\/\"]}]},{\"@type\":\"ImageObject\",\"inLanguage\":\"fi\",\"@id\":\"https:\/\/dev.awero.ee\/fi\/toode\/poreallas-250\/#primaryimage\",\"url\":\"https:\/\/dev.awero.ee\/wp-content\/uploads\/2025\/02\/Kymblustynn_250_g.jpg\",\"contentUrl\":\"https:\/\/dev.awero.ee\/wp-content\/uploads\/2025\/02\/Kymblustynn_250_g.jpg\",\"width\":2500,\"height\":1667},{\"@type\":\"BreadcrumbList\",\"@id\":\"https:\/\/dev.awero.ee\/fi\/toode\/poreallas-250\/#breadcrumb\",\"itemListElement\":[{\"@type\":\"ListItem\",\"position\":1,\"name\":\"Home\",\"item\":\"https:\/\/dev.awero.ee\/fi\/etusivu\/\"},{\"@type\":\"ListItem\",\"position\":2,\"name\":\"Kauppa\",\"item\":\"https:\/\/dev.awero.ee\/fi\/kauppa\/\"},{\"@type\":\"ListItem\",\"position\":3,\"name\":\"Poreallas 250\"}]},{\"@type\":\"WebSite\",\"@id\":\"https:\/\/dev.awero.ee\/fi\/#website\",\"url\":\"https:\/\/dev.awero.ee\/fi\/\",\"name\":\"Awero - S\u00fcdamega L\u00f5una Eestist\",\"description\":\"\",\"publisher\":{\"@id\":\"https:\/\/dev.awero.ee\/fi\/#organization\"},\"potentialAction\":[{\"@type\":\"SearchAction\",\"target\":{\"@type\":\"EntryPoint\",\"urlTemplate\":\"https:\/\/dev.awero.ee\/fi\/?s={search_term_string}\"},\"query-input\":{\"@type\":\"PropertyValueSpecification\",\"valueRequired\":true,\"valueName\":\"search_term_string\"}}],\"inLanguage\":\"fi\"},{\"@type\":\"Organization\",\"@id\":\"https:\/\/dev.awero.ee\/fi\/#organization\",\"name\":\"Awero - S\u00fcdamega L\u00f5una Eestist\",\"url\":\"https:\/\/dev.awero.ee\/fi\/\",\"logo\":{\"@type\":\"ImageObject\",\"inLanguage\":\"fi\",\"@id\":\"https:\/\/dev.awero.ee\/fi\/#\/schema\/logo\/image\/\",\"url\":\"https:\/\/dev.awero.ee\/wp-content\/uploads\/2024\/07\/aweroplaceholder.jpg\",\"contentUrl\":\"https:\/\/dev.awero.ee\/wp-content\/uploads\/2024\/07\/aweroplaceholder.jpg\",\"width\":1250,\"height\":834,\"caption\":\"Awero - S\u00fcdamega L\u00f5una Eestist\"},\"image\":{\"@id\":\"https:\/\/dev.awero.ee\/fi\/#\/schema\/logo\/image\/\"}}]}<\/script>\n<!-- \/ Yoast SEO plugin. -->","yoast_head_json":{"title":"Poreallas 250 - Awero - S\u00fcdamega L\u00f5una-Eestist","robots":{"index":"noindex","follow":"follow","max-snippet":"max-snippet:-1","max-image-preview":"max-image-preview:large","max-video-preview":"max-video-preview:-1"},"og_locale":"fi_FI","og_type":"article","og_title":"Poreallas 250 - Awero - S\u00fcdamega L\u00f5una-Eestist","og_description":"Halkaisijaltaan 250 cm:n kylpytynnyri ulkokamiinalla on suuri ja tilava, joten se sopii erinomaisesti suuremmille ryhmille. Ulkopuoli on valmistettu lujasta ja s\u00e4\u00e4nkest\u00e4v\u00e4st\u00e4 l\u00e4mp\u00f6puusta. Sis\u00e4puoli on valmistettu helppohoitoisesta ja kest\u00e4v\u00e4st\u00e4 lasikuidusta, mik\u00e4 takaa helppok\u00e4ytt\u00f6isyyden ja pitk\u00e4n k\u00e4ytt\u00f6i\u00e4n. Vesi l\u00e4mmitet\u00e4\u00e4n tehokkaalla 40 kW:n ruostumattomasta ter\u00e4ksest\u00e4 valmistetulla ulkokamiinalla. Pakettiin kuuluu my\u00f6s kaksiportainen kaareva portaikko. Ihanteellinen ymp\u00e4ri vuoden k\u00e4ytett\u00e4v\u00e4ksi perheille tai suuremmille ryhmille.","og_url":"https:\/\/dev.awero.ee\/fi\/toode\/poreallas-250\/","og_site_name":"Awero - S\u00fcdamega L\u00f5una-Eestist","article_modified_time":"2026-03-10T07:59:09+00:00","og_image":[{"width":2500,"height":1667,"url":"https:\/\/dev.awero.ee\/wp-content\/uploads\/2025\/02\/Kymblustynn_250_g.jpg","type":"image\/jpeg"}],"twitter_card":"summary_large_image","schema":{"@context":"https:\/\/schema.org","@graph":[{"@type":"WebPage","@id":"https:\/\/dev.awero.ee\/fi\/toode\/poreallas-250\/","url":"https:\/\/dev.awero.ee\/fi\/toode\/poreallas-250\/","name":"Poreallas 250 - Awero - S\u00fcdamega L\u00f5una-Eestist","isPartOf":{"@id":"https:\/\/dev.awero.ee\/fi\/#website"},"primaryImageOfPage":{"@id":"https:\/\/dev.awero.ee\/fi\/toode\/poreallas-250\/#primaryimage"},"image":{"@id":"https:\/\/dev.awero.ee\/fi\/toode\/poreallas-250\/#primaryimage"},"thumbnailUrl":"https:\/\/dev.awero.ee\/wp-content\/uploads\/2025\/02\/Kymblustynn_250_g.jpg","datePublished":"2025-02-19T10:12:38+00:00","dateModified":"2026-03-10T07:59:09+00:00","breadcrumb":{"@id":"https:\/\/dev.awero.ee\/fi\/toode\/poreallas-250\/#breadcrumb"},"inLanguage":"fi","potentialAction":[{"@type":"ReadAction","target":["https:\/\/dev.awero.ee\/fi\/toode\/poreallas-250\/"]}]},{"@type":"ImageObject","inLanguage":"fi","@id":"https:\/\/dev.awero.ee\/fi\/toode\/poreallas-250\/#primaryimage","url":"https:\/\/dev.awero.ee\/wp-content\/uploads\/2025\/02\/Kymblustynn_250_g.jpg","contentUrl":"https:\/\/dev.awero.ee\/wp-content\/uploads\/2025\/02\/Kymblustynn_250_g.jpg","width":2500,"height":1667},{"@type":"BreadcrumbList","@id":"https:\/\/dev.awero.ee\/fi\/toode\/poreallas-250\/#breadcrumb","itemListElement":[{"@type":"ListItem","position":1,"name":"Home","item":"https:\/\/dev.awero.ee\/fi\/etusivu\/"},{"@type":"ListItem","position":2,"name":"Kauppa","item":"https:\/\/dev.awero.ee\/fi\/kauppa\/"},{"@type":"ListItem","position":3,"name":"Poreallas 250"}]},{"@type":"WebSite","@id":"https:\/\/dev.awero.ee\/fi\/#website","url":"https:\/\/dev.awero.ee\/fi\/","name":"Awero - S\u00fcdamega L\u00f5una Eestist","description":"","publisher":{"@id":"https:\/\/dev.awero.ee\/fi\/#organization"},"potentialAction":[{"@type":"SearchAction","target":{"@type":"EntryPoint","urlTemplate":"https:\/\/dev.awero.ee\/fi\/?s={search_term_string}"},"query-input":{"@type":"PropertyValueSpecification","valueRequired":true,"valueName":"search_term_string"}}],"inLanguage":"fi"},{"@type":"Organization","@id":"https:\/\/dev.awero.ee\/fi\/#organization","name":"Awero - S\u00fcdamega L\u00f5una Eestist","url":"https:\/\/dev.awero.ee\/fi\/","logo":{"@type":"ImageObject","inLanguage":"fi","@id":"https:\/\/dev.awero.ee\/fi\/#\/schema\/logo\/image\/","url":"https:\/\/dev.awero.ee\/wp-content\/uploads\/2024\/07\/aweroplaceholder.jpg","contentUrl":"https:\/\/dev.awero.ee\/wp-content\/uploads\/2024\/07\/aweroplaceholder.jpg","width":1250,"height":834,"caption":"Awero - S\u00fcdamega L\u00f5una Eestist"},"image":{"@id":"https:\/\/dev.awero.ee\/fi\/#\/schema\/logo\/image\/"}}]}},"_links":{"self":[{"href":"https:\/\/dev.awero.ee\/fi\/wp-json\/wp\/v2\/product\/8195","targetHints":{"allow":["GET"]}}],"collection":[{"href":"https:\/\/dev.awero.ee\/fi\/wp-json\/wp\/v2\/product"}],"about":[{"href":"https:\/\/dev.awero.ee\/fi\/wp-json\/wp\/v2\/types\/product"}],"wp:featuredmedia":[{"embeddable":true,"href":"https:\/\/dev.awero.ee\/fi\/wp-json\/wp\/v2\/media\/4946"}],"wp:attachment":[{"href":"https:\/\/dev.awero.ee\/fi\/wp-json\/wp\/v2\/media?parent=8195"}],"wp:term":[{"taxonomy":"product_brand","embeddable":true,"href":"https:\/\/dev.awero.ee\/fi\/wp-json\/wp\/v2\/product_brand?post=8195"},{"taxonomy":"product_cat","embeddable":true,"href":"https:\/\/dev.awero.ee\/fi\/wp-json\/wp\/v2\/product_cat?post=8195"},{"taxonomy":"product_tag","embeddable":true,"href":"https:\/\/dev.awero.ee\/fi\/wp-json\/wp\/v2\/product_tag?post=8195"}],"curies":[{"name":"wp","href":"https:\/\/api.w.org\/{rel}","templated":true}]}}