{"id":8263,"date":"2025-03-09T06:46:42","date_gmt":"2025-03-09T06:46:42","guid":{"rendered":"https:\/\/dev.awero.ee\/toode\/kylpytynnyri-208-ulkokamiinalla\/"},"modified":"2026-03-10T07:59:09","modified_gmt":"2026-03-10T07:59:09","slug":"kylpytynnyri-208-ulkokamiinalla","status":"publish","type":"product","link":"https:\/\/dev.awero.ee\/fi\/toode\/kylpytynnyri-208-ulkokamiinalla\/","title":{"rendered":"Kylpytynnyri 208 ulkokamiinalla"},"content":{"rendered":"","protected":false},"excerpt":{"rendered":"<p>Ulkokamiinalla varustettu, halkaisijaltaan 208 cm:n kylpytynnyri on erinomainen valinta mukavaan ja tehokkaaseen rentoutumiseen. Ulkopuoli on valmistettu kest\u00e4v\u00e4st\u00e4 ja s\u00e4\u00e4nkest\u00e4v\u00e4st\u00e4 l\u00e4mp\u00f6puusta. Sis\u00e4pinta on helppohoitoista lasikuitua, mik\u00e4 takaa k\u00e4yt\u00f6n mukavuuden ja pitk\u00e4n i\u00e4n. Veden l\u00e4mmitt\u00e4miseen on asennettu tehokas ruostumattomasta ter\u00e4ksest\u00e4 valmistettu ulkokamiina, joka takaa nopean ja tasaisen l\u00e4mmityksen. Pakettiin kuuluu my\u00f6s kaksiportainen kaareva l\u00e4mp\u00f6puusta valmistettu portaikko. Ihanteellinen valinta perheelle tai seurueelle ymp\u00e4rivuotiseen rentoutumiseen     <\/p>\n","protected":false},"featured_media":5006,"template":"","meta":{"_acf_changed":false},"product_brand":[],"product_cat":[1081,1084],"product_tag":[],"class_list":{"0":"post-8263","1":"product","2":"type-product","3":"status-publish","4":"has-post-thumbnail","6":"product_cat-kylpytynnyrituotteet","7":"product_cat-ulkokamiinalla","9":"first","10":"instock","11":"sale","12":"shipping-taxable","13":"product-type-variable"},"acf":[],"yoast_head":"<!-- This site is optimized with the Yoast SEO plugin v26.8 - https:\/\/yoast.com\/product\/yoast-seo-wordpress\/ -->\n<title>Kylpytynnyri 208 ulkokamiinalla - Awero - S\u00fcdamega L\u00f5una-Eestist<\/title>\n<meta name=\"robots\" content=\"noindex, follow, max-snippet:-1, max-image-preview:large, max-video-preview:-1\" \/>\n<meta property=\"og:locale\" content=\"fi_FI\" \/>\n<meta property=\"og:type\" content=\"article\" \/>\n<meta property=\"og:title\" content=\"Kylpytynnyri 208 ulkokamiinalla - Awero - S\u00fcdamega L\u00f5una-Eestist\" \/>\n<meta property=\"og:description\" content=\"Ulkokamiinalla varustettu, halkaisijaltaan 208 cm:n kylpytynnyri on erinomainen valinta mukavaan ja tehokkaaseen rentoutumiseen. Ulkopuoli on valmistettu kest\u00e4v\u00e4st\u00e4 ja s\u00e4\u00e4nkest\u00e4v\u00e4st\u00e4 l\u00e4mp\u00f6puusta. Sis\u00e4pinta on helppohoitoista lasikuitua, mik\u00e4 takaa k\u00e4yt\u00f6n mukavuuden ja pitk\u00e4n i\u00e4n. Veden l\u00e4mmitt\u00e4miseen on asennettu tehokas ruostumattomasta ter\u00e4ksest\u00e4 valmistettu ulkokamiina, joka takaa nopean ja tasaisen l\u00e4mmityksen. Pakettiin kuuluu my\u00f6s kaksiportainen kaareva l\u00e4mp\u00f6puusta valmistettu portaikko. Ihanteellinen valinta perheelle tai seurueelle ymp\u00e4rivuotiseen rentoutumiseen\" \/>\n<meta property=\"og:url\" content=\"https:\/\/dev.awero.ee\/fi\/toode\/kylpytynnyri-208-ulkokamiinalla\/\" \/>\n<meta property=\"og:site_name\" content=\"Awero - S\u00fcdamega L\u00f5una-Eestist\" \/>\n<meta property=\"article:modified_time\" content=\"2026-03-10T07:59:09+00:00\" \/>\n<meta property=\"og:image\" content=\"https:\/\/dev.awero.ee\/wp-content\/uploads\/2025\/03\/Kumblustunn-D208-valisahjuga.jpg\" \/>\n\t<meta property=\"og:image:width\" content=\"2500\" \/>\n\t<meta property=\"og:image:height\" content=\"1667\" \/>\n\t<meta property=\"og:image:type\" content=\"image\/jpeg\" \/>\n<meta name=\"twitter:card\" content=\"summary_large_image\" \/>\n<script type=\"application\/ld+json\" class=\"yoast-schema-graph\">{\"@context\":\"https:\/\/schema.org\",\"@graph\":[{\"@type\":\"WebPage\",\"@id\":\"https:\/\/dev.awero.ee\/fi\/toode\/kylpytynnyri-208-ulkokamiinalla\/\",\"url\":\"https:\/\/dev.awero.ee\/fi\/toode\/kylpytynnyri-208-ulkokamiinalla\/\",\"name\":\"Kylpytynnyri 208 ulkokamiinalla - Awero - S\u00fcdamega L\u00f5una-Eestist\",\"isPartOf\":{\"@id\":\"https:\/\/dev.awero.ee\/fi\/#website\"},\"primaryImageOfPage\":{\"@id\":\"https:\/\/dev.awero.ee\/fi\/toode\/kylpytynnyri-208-ulkokamiinalla\/#primaryimage\"},\"image\":{\"@id\":\"https:\/\/dev.awero.ee\/fi\/toode\/kylpytynnyri-208-ulkokamiinalla\/#primaryimage\"},\"thumbnailUrl\":\"https:\/\/dev.awero.ee\/wp-content\/uploads\/2025\/03\/Kumblustunn-D208-valisahjuga.jpg\",\"datePublished\":\"2025-03-09T06:46:42+00:00\",\"dateModified\":\"2026-03-10T07:59:09+00:00\",\"breadcrumb\":{\"@id\":\"https:\/\/dev.awero.ee\/fi\/toode\/kylpytynnyri-208-ulkokamiinalla\/#breadcrumb\"},\"inLanguage\":\"fi\",\"potentialAction\":[{\"@type\":\"ReadAction\",\"target\":[\"https:\/\/dev.awero.ee\/fi\/toode\/kylpytynnyri-208-ulkokamiinalla\/\"]}]},{\"@type\":\"ImageObject\",\"inLanguage\":\"fi\",\"@id\":\"https:\/\/dev.awero.ee\/fi\/toode\/kylpytynnyri-208-ulkokamiinalla\/#primaryimage\",\"url\":\"https:\/\/dev.awero.ee\/wp-content\/uploads\/2025\/03\/Kumblustunn-D208-valisahjuga.jpg\",\"contentUrl\":\"https:\/\/dev.awero.ee\/wp-content\/uploads\/2025\/03\/Kumblustunn-D208-valisahjuga.jpg\",\"width\":2500,\"height\":1667},{\"@type\":\"BreadcrumbList\",\"@id\":\"https:\/\/dev.awero.ee\/fi\/toode\/kylpytynnyri-208-ulkokamiinalla\/#breadcrumb\",\"itemListElement\":[{\"@type\":\"ListItem\",\"position\":1,\"name\":\"Home\",\"item\":\"https:\/\/dev.awero.ee\/fi\/etusivu\/\"},{\"@type\":\"ListItem\",\"position\":2,\"name\":\"Kauppa\",\"item\":\"https:\/\/dev.awero.ee\/fi\/kauppa\/\"},{\"@type\":\"ListItem\",\"position\":3,\"name\":\"Kylpytynnyri 208 ulkokamiinalla\"}]},{\"@type\":\"WebSite\",\"@id\":\"https:\/\/dev.awero.ee\/fi\/#website\",\"url\":\"https:\/\/dev.awero.ee\/fi\/\",\"name\":\"Awero - S\u00fcdamega L\u00f5una Eestist\",\"description\":\"\",\"publisher\":{\"@id\":\"https:\/\/dev.awero.ee\/fi\/#organization\"},\"potentialAction\":[{\"@type\":\"SearchAction\",\"target\":{\"@type\":\"EntryPoint\",\"urlTemplate\":\"https:\/\/dev.awero.ee\/fi\/?s={search_term_string}\"},\"query-input\":{\"@type\":\"PropertyValueSpecification\",\"valueRequired\":true,\"valueName\":\"search_term_string\"}}],\"inLanguage\":\"fi\"},{\"@type\":\"Organization\",\"@id\":\"https:\/\/dev.awero.ee\/fi\/#organization\",\"name\":\"Awero - S\u00fcdamega L\u00f5una Eestist\",\"url\":\"https:\/\/dev.awero.ee\/fi\/\",\"logo\":{\"@type\":\"ImageObject\",\"inLanguage\":\"fi\",\"@id\":\"https:\/\/dev.awero.ee\/fi\/#\/schema\/logo\/image\/\",\"url\":\"https:\/\/dev.awero.ee\/wp-content\/uploads\/2024\/07\/aweroplaceholder.jpg\",\"contentUrl\":\"https:\/\/dev.awero.ee\/wp-content\/uploads\/2024\/07\/aweroplaceholder.jpg\",\"width\":1250,\"height\":834,\"caption\":\"Awero - S\u00fcdamega L\u00f5una Eestist\"},\"image\":{\"@id\":\"https:\/\/dev.awero.ee\/fi\/#\/schema\/logo\/image\/\"}}]}<\/script>\n<!-- \/ Yoast SEO plugin. -->","yoast_head_json":{"title":"Kylpytynnyri 208 ulkokamiinalla - Awero - S\u00fcdamega L\u00f5una-Eestist","robots":{"index":"noindex","follow":"follow","max-snippet":"max-snippet:-1","max-image-preview":"max-image-preview:large","max-video-preview":"max-video-preview:-1"},"og_locale":"fi_FI","og_type":"article","og_title":"Kylpytynnyri 208 ulkokamiinalla - Awero - S\u00fcdamega L\u00f5una-Eestist","og_description":"Ulkokamiinalla varustettu, halkaisijaltaan 208 cm:n kylpytynnyri on erinomainen valinta mukavaan ja tehokkaaseen rentoutumiseen. Ulkopuoli on valmistettu kest\u00e4v\u00e4st\u00e4 ja s\u00e4\u00e4nkest\u00e4v\u00e4st\u00e4 l\u00e4mp\u00f6puusta. Sis\u00e4pinta on helppohoitoista lasikuitua, mik\u00e4 takaa k\u00e4yt\u00f6n mukavuuden ja pitk\u00e4n i\u00e4n. Veden l\u00e4mmitt\u00e4miseen on asennettu tehokas ruostumattomasta ter\u00e4ksest\u00e4 valmistettu ulkokamiina, joka takaa nopean ja tasaisen l\u00e4mmityksen. Pakettiin kuuluu my\u00f6s kaksiportainen kaareva l\u00e4mp\u00f6puusta valmistettu portaikko. Ihanteellinen valinta perheelle tai seurueelle ymp\u00e4rivuotiseen rentoutumiseen","og_url":"https:\/\/dev.awero.ee\/fi\/toode\/kylpytynnyri-208-ulkokamiinalla\/","og_site_name":"Awero - S\u00fcdamega L\u00f5una-Eestist","article_modified_time":"2026-03-10T07:59:09+00:00","og_image":[{"width":2500,"height":1667,"url":"https:\/\/dev.awero.ee\/wp-content\/uploads\/2025\/03\/Kumblustunn-D208-valisahjuga.jpg","type":"image\/jpeg"}],"twitter_card":"summary_large_image","schema":{"@context":"https:\/\/schema.org","@graph":[{"@type":"WebPage","@id":"https:\/\/dev.awero.ee\/fi\/toode\/kylpytynnyri-208-ulkokamiinalla\/","url":"https:\/\/dev.awero.ee\/fi\/toode\/kylpytynnyri-208-ulkokamiinalla\/","name":"Kylpytynnyri 208 ulkokamiinalla - Awero - S\u00fcdamega L\u00f5una-Eestist","isPartOf":{"@id":"https:\/\/dev.awero.ee\/fi\/#website"},"primaryImageOfPage":{"@id":"https:\/\/dev.awero.ee\/fi\/toode\/kylpytynnyri-208-ulkokamiinalla\/#primaryimage"},"image":{"@id":"https:\/\/dev.awero.ee\/fi\/toode\/kylpytynnyri-208-ulkokamiinalla\/#primaryimage"},"thumbnailUrl":"https:\/\/dev.awero.ee\/wp-content\/uploads\/2025\/03\/Kumblustunn-D208-valisahjuga.jpg","datePublished":"2025-03-09T06:46:42+00:00","dateModified":"2026-03-10T07:59:09+00:00","breadcrumb":{"@id":"https:\/\/dev.awero.ee\/fi\/toode\/kylpytynnyri-208-ulkokamiinalla\/#breadcrumb"},"inLanguage":"fi","potentialAction":[{"@type":"ReadAction","target":["https:\/\/dev.awero.ee\/fi\/toode\/kylpytynnyri-208-ulkokamiinalla\/"]}]},{"@type":"ImageObject","inLanguage":"fi","@id":"https:\/\/dev.awero.ee\/fi\/toode\/kylpytynnyri-208-ulkokamiinalla\/#primaryimage","url":"https:\/\/dev.awero.ee\/wp-content\/uploads\/2025\/03\/Kumblustunn-D208-valisahjuga.jpg","contentUrl":"https:\/\/dev.awero.ee\/wp-content\/uploads\/2025\/03\/Kumblustunn-D208-valisahjuga.jpg","width":2500,"height":1667},{"@type":"BreadcrumbList","@id":"https:\/\/dev.awero.ee\/fi\/toode\/kylpytynnyri-208-ulkokamiinalla\/#breadcrumb","itemListElement":[{"@type":"ListItem","position":1,"name":"Home","item":"https:\/\/dev.awero.ee\/fi\/etusivu\/"},{"@type":"ListItem","position":2,"name":"Kauppa","item":"https:\/\/dev.awero.ee\/fi\/kauppa\/"},{"@type":"ListItem","position":3,"name":"Kylpytynnyri 208 ulkokamiinalla"}]},{"@type":"WebSite","@id":"https:\/\/dev.awero.ee\/fi\/#website","url":"https:\/\/dev.awero.ee\/fi\/","name":"Awero - S\u00fcdamega L\u00f5una Eestist","description":"","publisher":{"@id":"https:\/\/dev.awero.ee\/fi\/#organization"},"potentialAction":[{"@type":"SearchAction","target":{"@type":"EntryPoint","urlTemplate":"https:\/\/dev.awero.ee\/fi\/?s={search_term_string}"},"query-input":{"@type":"PropertyValueSpecification","valueRequired":true,"valueName":"search_term_string"}}],"inLanguage":"fi"},{"@type":"Organization","@id":"https:\/\/dev.awero.ee\/fi\/#organization","name":"Awero - S\u00fcdamega L\u00f5una Eestist","url":"https:\/\/dev.awero.ee\/fi\/","logo":{"@type":"ImageObject","inLanguage":"fi","@id":"https:\/\/dev.awero.ee\/fi\/#\/schema\/logo\/image\/","url":"https:\/\/dev.awero.ee\/wp-content\/uploads\/2024\/07\/aweroplaceholder.jpg","contentUrl":"https:\/\/dev.awero.ee\/wp-content\/uploads\/2024\/07\/aweroplaceholder.jpg","width":1250,"height":834,"caption":"Awero - S\u00fcdamega L\u00f5una Eestist"},"image":{"@id":"https:\/\/dev.awero.ee\/fi\/#\/schema\/logo\/image\/"}}]}},"_links":{"self":[{"href":"https:\/\/dev.awero.ee\/fi\/wp-json\/wp\/v2\/product\/8263","targetHints":{"allow":["GET"]}}],"collection":[{"href":"https:\/\/dev.awero.ee\/fi\/wp-json\/wp\/v2\/product"}],"about":[{"href":"https:\/\/dev.awero.ee\/fi\/wp-json\/wp\/v2\/types\/product"}],"wp:featuredmedia":[{"embeddable":true,"href":"https:\/\/dev.awero.ee\/fi\/wp-json\/wp\/v2\/media\/5006"}],"wp:attachment":[{"href":"https:\/\/dev.awero.ee\/fi\/wp-json\/wp\/v2\/media?parent=8263"}],"wp:term":[{"taxonomy":"product_brand","embeddable":true,"href":"https:\/\/dev.awero.ee\/fi\/wp-json\/wp\/v2\/product_brand?post=8263"},{"taxonomy":"product_cat","embeddable":true,"href":"https:\/\/dev.awero.ee\/fi\/wp-json\/wp\/v2\/product_cat?post=8263"},{"taxonomy":"product_tag","embeddable":true,"href":"https:\/\/dev.awero.ee\/fi\/wp-json\/wp\/v2\/product_tag?post=8263"}],"curies":[{"name":"wp","href":"https:\/\/api.w.org\/{rel}","templated":true}]}}