{"id":8288,"date":"2025-03-09T07:30:47","date_gmt":"2025-03-09T07:30:47","guid":{"rendered":"https:\/\/dev.awero.ee\/toode\/kylpytynnyri-180-ulkokamiinalla-kuusi\/"},"modified":"2026-03-10T07:59:10","modified_gmt":"2026-03-10T07:59:10","slug":"kylpytynnyri-180-ulkokamiinalla-kuusi","status":"publish","type":"product","link":"https:\/\/dev.awero.ee\/fi\/toode\/kylpytynnyri-180-ulkokamiinalla-kuusi\/","title":{"rendered":"Kylpytynnyri 180 ulkokamiinalla, kuusi"},"content":{"rendered":"<p><strong>Pakettiin sis\u00e4ltyy:<\/strong><\/p>\n<ul>\n<li>Ulkokamiina (30 kW) ruostumattomasta ter\u00e4ksest\u00e4 AISI 304<\/li>\n<li>2-metrinen savupiippu suojaritil\u00e4ll\u00e4 ja savupiipun hatulla<\/li>\n<li>porras<\/li>\n<li>mela veden sekoittamiseksi.<\/li>\n<\/ul>\n<p>&nbsp;<\/p>\n<p>Kylpytynnyriin voi tilata <a href=\"https:\/\/dev.awero.ee\/fi\/tootekategooria\/lisavarusteet\/\">lis\u00e4varusteita<\/a>: juomatelineet, suodatinj\u00e4rjestelm\u00e4, PVC-peite, puukansi ja betoninen kylpytynnyrin jalusta.<\/p>\n","protected":false},"excerpt":{"rendered":"<p>Klassinen puinen kylpytynnyri vaatii hieman enemm\u00e4n huolenpitoa ja henkil\u00f6kohtaista l\u00e4hestymistapaa, mutta siit\u00e4 huolimatta se on hyv\u00e4 ja edullinen ratkaisu v\u00e4hemm\u00e4n vaativille ja luonnonpuuta rakastaville ihmisille.<\/p>\n<p>T\u00e4t\u00e4 kylpytynnyri\u00e4 k\u00e4ytett\u00e4ess\u00e4 on t\u00e4rke\u00e4\u00e4 tiet\u00e4\u00e4, ett\u00e4 sit\u00e4 ei saa j\u00e4tt\u00e4\u00e4 ilman vett\u00e4 kuivalla s\u00e4\u00e4ll\u00e4 kes\u00e4ll\u00e4, koska puun ominaisuuksien takia siihen voi synty\u00e4 kuivia rakoja. Veden lis\u00e4\u00e4minen ja puun turpoaminen vedenpit\u00e4v\u00e4ksi uudestaan on pitk\u00e4 prosessi, joten t\u00e4m\u00e4n v\u00e4ltt\u00e4miseksi v\u00e4hint\u00e4\u00e4n puolet kylpytynnyrist\u00e4 tulisi olla aina t\u00e4ynn\u00e4 vett\u00e4. Suosittelemme veden vaihtamista v\u00e4litt\u00f6m\u00e4sti ennen kylpytynnyrin uudelleen k\u00e4ytt\u00f6\u00e4.  <\/p>\n","protected":false},"featured_media":5015,"template":"","meta":{"_acf_changed":false},"product_brand":[],"product_cat":[1087,1081,1084],"product_tag":[],"class_list":{"0":"post-8288","1":"product","2":"type-product","3":"status-publish","4":"has-post-thumbnail","6":"product_cat-tarjous","7":"product_cat-kylpytynnyrituotteet","8":"product_cat-ulkokamiinalla","10":"first","11":"instock","12":"sale","13":"shipping-taxable","14":"product-type-variable"},"acf":[],"yoast_head":"<!-- This site is optimized with the Yoast SEO plugin v26.8 - https:\/\/yoast.com\/product\/yoast-seo-wordpress\/ -->\n<title>Kylpytynnyri 180 ulkokamiinalla, kuusi - Awero - S\u00fcdamega L\u00f5una-Eestist<\/title>\n<meta name=\"robots\" content=\"noindex, follow, max-snippet:-1, max-image-preview:large, max-video-preview:-1\" \/>\n<meta property=\"og:locale\" content=\"fi_FI\" \/>\n<meta property=\"og:type\" content=\"article\" \/>\n<meta property=\"og:title\" content=\"Kylpytynnyri 180 ulkokamiinalla, kuusi - Awero - S\u00fcdamega L\u00f5una-Eestist\" \/>\n<meta property=\"og:description\" content=\"Klassinen puinen kylpytynnyri vaatii hieman enemm\u00e4n huolenpitoa ja henkil\u00f6kohtaista l\u00e4hestymistapaa, mutta siit\u00e4 huolimatta se on hyv\u00e4 ja edullinen ratkaisu v\u00e4hemm\u00e4n vaativille ja luonnonpuuta rakastaville ihmisille. T\u00e4t\u00e4 kylpytynnyri\u00e4 k\u00e4ytett\u00e4ess\u00e4 on t\u00e4rke\u00e4\u00e4 tiet\u00e4\u00e4, ett\u00e4 sit\u00e4 ei saa j\u00e4tt\u00e4\u00e4 ilman vett\u00e4 kuivalla s\u00e4\u00e4ll\u00e4 kes\u00e4ll\u00e4, koska puun ominaisuuksien takia siihen voi synty\u00e4 kuivia rakoja. Veden lis\u00e4\u00e4minen ja puun turpoaminen vedenpit\u00e4v\u00e4ksi uudestaan on pitk\u00e4 prosessi, joten t\u00e4m\u00e4n v\u00e4ltt\u00e4miseksi v\u00e4hint\u00e4\u00e4n puolet kylpytynnyrist\u00e4 tulisi olla aina t\u00e4ynn\u00e4 vett\u00e4. Suosittelemme veden vaihtamista v\u00e4litt\u00f6m\u00e4sti ennen kylpytynnyrin uudelleen k\u00e4ytt\u00f6\u00e4.\" \/>\n<meta property=\"og:url\" content=\"https:\/\/dev.awero.ee\/fi\/toode\/kylpytynnyri-180-ulkokamiinalla-kuusi\/\" \/>\n<meta property=\"og:site_name\" content=\"Awero - S\u00fcdamega L\u00f5una-Eestist\" \/>\n<meta property=\"article:modified_time\" content=\"2026-03-10T07:59:10+00:00\" \/>\n<meta property=\"og:image\" content=\"https:\/\/dev.awero.ee\/wp-content\/uploads\/2025\/03\/Hottub_Eco_D180_kuusk_external.jpg\" \/>\n\t<meta property=\"og:image:width\" content=\"2500\" \/>\n\t<meta property=\"og:image:height\" content=\"1667\" \/>\n\t<meta property=\"og:image:type\" content=\"image\/jpeg\" \/>\n<meta name=\"twitter:card\" content=\"summary_large_image\" \/>\n<script type=\"application\/ld+json\" class=\"yoast-schema-graph\">{\"@context\":\"https:\/\/schema.org\",\"@graph\":[{\"@type\":\"WebPage\",\"@id\":\"https:\/\/dev.awero.ee\/fi\/toode\/kylpytynnyri-180-ulkokamiinalla-kuusi\/\",\"url\":\"https:\/\/dev.awero.ee\/fi\/toode\/kylpytynnyri-180-ulkokamiinalla-kuusi\/\",\"name\":\"Kylpytynnyri 180 ulkokamiinalla, kuusi - Awero - S\u00fcdamega L\u00f5una-Eestist\",\"isPartOf\":{\"@id\":\"https:\/\/dev.awero.ee\/fi\/#website\"},\"primaryImageOfPage\":{\"@id\":\"https:\/\/dev.awero.ee\/fi\/toode\/kylpytynnyri-180-ulkokamiinalla-kuusi\/#primaryimage\"},\"image\":{\"@id\":\"https:\/\/dev.awero.ee\/fi\/toode\/kylpytynnyri-180-ulkokamiinalla-kuusi\/#primaryimage\"},\"thumbnailUrl\":\"https:\/\/dev.awero.ee\/wp-content\/uploads\/2025\/03\/Hottub_Eco_D180_kuusk_external.jpg\",\"datePublished\":\"2025-03-09T07:30:47+00:00\",\"dateModified\":\"2026-03-10T07:59:10+00:00\",\"breadcrumb\":{\"@id\":\"https:\/\/dev.awero.ee\/fi\/toode\/kylpytynnyri-180-ulkokamiinalla-kuusi\/#breadcrumb\"},\"inLanguage\":\"fi\",\"potentialAction\":[{\"@type\":\"ReadAction\",\"target\":[\"https:\/\/dev.awero.ee\/fi\/toode\/kylpytynnyri-180-ulkokamiinalla-kuusi\/\"]}]},{\"@type\":\"ImageObject\",\"inLanguage\":\"fi\",\"@id\":\"https:\/\/dev.awero.ee\/fi\/toode\/kylpytynnyri-180-ulkokamiinalla-kuusi\/#primaryimage\",\"url\":\"https:\/\/dev.awero.ee\/wp-content\/uploads\/2025\/03\/Hottub_Eco_D180_kuusk_external.jpg\",\"contentUrl\":\"https:\/\/dev.awero.ee\/wp-content\/uploads\/2025\/03\/Hottub_Eco_D180_kuusk_external.jpg\",\"width\":2500,\"height\":1667},{\"@type\":\"BreadcrumbList\",\"@id\":\"https:\/\/dev.awero.ee\/fi\/toode\/kylpytynnyri-180-ulkokamiinalla-kuusi\/#breadcrumb\",\"itemListElement\":[{\"@type\":\"ListItem\",\"position\":1,\"name\":\"Home\",\"item\":\"https:\/\/dev.awero.ee\/fi\/etusivu\/\"},{\"@type\":\"ListItem\",\"position\":2,\"name\":\"Kauppa\",\"item\":\"https:\/\/dev.awero.ee\/fi\/kauppa\/\"},{\"@type\":\"ListItem\",\"position\":3,\"name\":\"Kylpytynnyri 180 ulkokamiinalla, kuusi\"}]},{\"@type\":\"WebSite\",\"@id\":\"https:\/\/dev.awero.ee\/fi\/#website\",\"url\":\"https:\/\/dev.awero.ee\/fi\/\",\"name\":\"Awero - S\u00fcdamega L\u00f5una Eestist\",\"description\":\"\",\"publisher\":{\"@id\":\"https:\/\/dev.awero.ee\/fi\/#organization\"},\"potentialAction\":[{\"@type\":\"SearchAction\",\"target\":{\"@type\":\"EntryPoint\",\"urlTemplate\":\"https:\/\/dev.awero.ee\/fi\/?s={search_term_string}\"},\"query-input\":{\"@type\":\"PropertyValueSpecification\",\"valueRequired\":true,\"valueName\":\"search_term_string\"}}],\"inLanguage\":\"fi\"},{\"@type\":\"Organization\",\"@id\":\"https:\/\/dev.awero.ee\/fi\/#organization\",\"name\":\"Awero - S\u00fcdamega L\u00f5una Eestist\",\"url\":\"https:\/\/dev.awero.ee\/fi\/\",\"logo\":{\"@type\":\"ImageObject\",\"inLanguage\":\"fi\",\"@id\":\"https:\/\/dev.awero.ee\/fi\/#\/schema\/logo\/image\/\",\"url\":\"https:\/\/dev.awero.ee\/wp-content\/uploads\/2024\/07\/aweroplaceholder.jpg\",\"contentUrl\":\"https:\/\/dev.awero.ee\/wp-content\/uploads\/2024\/07\/aweroplaceholder.jpg\",\"width\":1250,\"height\":834,\"caption\":\"Awero - S\u00fcdamega L\u00f5una Eestist\"},\"image\":{\"@id\":\"https:\/\/dev.awero.ee\/fi\/#\/schema\/logo\/image\/\"}}]}<\/script>\n<!-- \/ Yoast SEO plugin. -->","yoast_head_json":{"title":"Kylpytynnyri 180 ulkokamiinalla, kuusi - Awero - S\u00fcdamega L\u00f5una-Eestist","robots":{"index":"noindex","follow":"follow","max-snippet":"max-snippet:-1","max-image-preview":"max-image-preview:large","max-video-preview":"max-video-preview:-1"},"og_locale":"fi_FI","og_type":"article","og_title":"Kylpytynnyri 180 ulkokamiinalla, kuusi - Awero - S\u00fcdamega L\u00f5una-Eestist","og_description":"Klassinen puinen kylpytynnyri vaatii hieman enemm\u00e4n huolenpitoa ja henkil\u00f6kohtaista l\u00e4hestymistapaa, mutta siit\u00e4 huolimatta se on hyv\u00e4 ja edullinen ratkaisu v\u00e4hemm\u00e4n vaativille ja luonnonpuuta rakastaville ihmisille. T\u00e4t\u00e4 kylpytynnyri\u00e4 k\u00e4ytett\u00e4ess\u00e4 on t\u00e4rke\u00e4\u00e4 tiet\u00e4\u00e4, ett\u00e4 sit\u00e4 ei saa j\u00e4tt\u00e4\u00e4 ilman vett\u00e4 kuivalla s\u00e4\u00e4ll\u00e4 kes\u00e4ll\u00e4, koska puun ominaisuuksien takia siihen voi synty\u00e4 kuivia rakoja. Veden lis\u00e4\u00e4minen ja puun turpoaminen vedenpit\u00e4v\u00e4ksi uudestaan on pitk\u00e4 prosessi, joten t\u00e4m\u00e4n v\u00e4ltt\u00e4miseksi v\u00e4hint\u00e4\u00e4n puolet kylpytynnyrist\u00e4 tulisi olla aina t\u00e4ynn\u00e4 vett\u00e4. Suosittelemme veden vaihtamista v\u00e4litt\u00f6m\u00e4sti ennen kylpytynnyrin uudelleen k\u00e4ytt\u00f6\u00e4.","og_url":"https:\/\/dev.awero.ee\/fi\/toode\/kylpytynnyri-180-ulkokamiinalla-kuusi\/","og_site_name":"Awero - S\u00fcdamega L\u00f5una-Eestist","article_modified_time":"2026-03-10T07:59:10+00:00","og_image":[{"width":2500,"height":1667,"url":"https:\/\/dev.awero.ee\/wp-content\/uploads\/2025\/03\/Hottub_Eco_D180_kuusk_external.jpg","type":"image\/jpeg"}],"twitter_card":"summary_large_image","schema":{"@context":"https:\/\/schema.org","@graph":[{"@type":"WebPage","@id":"https:\/\/dev.awero.ee\/fi\/toode\/kylpytynnyri-180-ulkokamiinalla-kuusi\/","url":"https:\/\/dev.awero.ee\/fi\/toode\/kylpytynnyri-180-ulkokamiinalla-kuusi\/","name":"Kylpytynnyri 180 ulkokamiinalla, kuusi - Awero - S\u00fcdamega L\u00f5una-Eestist","isPartOf":{"@id":"https:\/\/dev.awero.ee\/fi\/#website"},"primaryImageOfPage":{"@id":"https:\/\/dev.awero.ee\/fi\/toode\/kylpytynnyri-180-ulkokamiinalla-kuusi\/#primaryimage"},"image":{"@id":"https:\/\/dev.awero.ee\/fi\/toode\/kylpytynnyri-180-ulkokamiinalla-kuusi\/#primaryimage"},"thumbnailUrl":"https:\/\/dev.awero.ee\/wp-content\/uploads\/2025\/03\/Hottub_Eco_D180_kuusk_external.jpg","datePublished":"2025-03-09T07:30:47+00:00","dateModified":"2026-03-10T07:59:10+00:00","breadcrumb":{"@id":"https:\/\/dev.awero.ee\/fi\/toode\/kylpytynnyri-180-ulkokamiinalla-kuusi\/#breadcrumb"},"inLanguage":"fi","potentialAction":[{"@type":"ReadAction","target":["https:\/\/dev.awero.ee\/fi\/toode\/kylpytynnyri-180-ulkokamiinalla-kuusi\/"]}]},{"@type":"ImageObject","inLanguage":"fi","@id":"https:\/\/dev.awero.ee\/fi\/toode\/kylpytynnyri-180-ulkokamiinalla-kuusi\/#primaryimage","url":"https:\/\/dev.awero.ee\/wp-content\/uploads\/2025\/03\/Hottub_Eco_D180_kuusk_external.jpg","contentUrl":"https:\/\/dev.awero.ee\/wp-content\/uploads\/2025\/03\/Hottub_Eco_D180_kuusk_external.jpg","width":2500,"height":1667},{"@type":"BreadcrumbList","@id":"https:\/\/dev.awero.ee\/fi\/toode\/kylpytynnyri-180-ulkokamiinalla-kuusi\/#breadcrumb","itemListElement":[{"@type":"ListItem","position":1,"name":"Home","item":"https:\/\/dev.awero.ee\/fi\/etusivu\/"},{"@type":"ListItem","position":2,"name":"Kauppa","item":"https:\/\/dev.awero.ee\/fi\/kauppa\/"},{"@type":"ListItem","position":3,"name":"Kylpytynnyri 180 ulkokamiinalla, kuusi"}]},{"@type":"WebSite","@id":"https:\/\/dev.awero.ee\/fi\/#website","url":"https:\/\/dev.awero.ee\/fi\/","name":"Awero - S\u00fcdamega L\u00f5una Eestist","description":"","publisher":{"@id":"https:\/\/dev.awero.ee\/fi\/#organization"},"potentialAction":[{"@type":"SearchAction","target":{"@type":"EntryPoint","urlTemplate":"https:\/\/dev.awero.ee\/fi\/?s={search_term_string}"},"query-input":{"@type":"PropertyValueSpecification","valueRequired":true,"valueName":"search_term_string"}}],"inLanguage":"fi"},{"@type":"Organization","@id":"https:\/\/dev.awero.ee\/fi\/#organization","name":"Awero - S\u00fcdamega L\u00f5una Eestist","url":"https:\/\/dev.awero.ee\/fi\/","logo":{"@type":"ImageObject","inLanguage":"fi","@id":"https:\/\/dev.awero.ee\/fi\/#\/schema\/logo\/image\/","url":"https:\/\/dev.awero.ee\/wp-content\/uploads\/2024\/07\/aweroplaceholder.jpg","contentUrl":"https:\/\/dev.awero.ee\/wp-content\/uploads\/2024\/07\/aweroplaceholder.jpg","width":1250,"height":834,"caption":"Awero - S\u00fcdamega L\u00f5una Eestist"},"image":{"@id":"https:\/\/dev.awero.ee\/fi\/#\/schema\/logo\/image\/"}}]}},"_links":{"self":[{"href":"https:\/\/dev.awero.ee\/fi\/wp-json\/wp\/v2\/product\/8288","targetHints":{"allow":["GET"]}}],"collection":[{"href":"https:\/\/dev.awero.ee\/fi\/wp-json\/wp\/v2\/product"}],"about":[{"href":"https:\/\/dev.awero.ee\/fi\/wp-json\/wp\/v2\/types\/product"}],"wp:featuredmedia":[{"embeddable":true,"href":"https:\/\/dev.awero.ee\/fi\/wp-json\/wp\/v2\/media\/5015"}],"wp:attachment":[{"href":"https:\/\/dev.awero.ee\/fi\/wp-json\/wp\/v2\/media?parent=8288"}],"wp:term":[{"taxonomy":"product_brand","embeddable":true,"href":"https:\/\/dev.awero.ee\/fi\/wp-json\/wp\/v2\/product_brand?post=8288"},{"taxonomy":"product_cat","embeddable":true,"href":"https:\/\/dev.awero.ee\/fi\/wp-json\/wp\/v2\/product_cat?post=8288"},{"taxonomy":"product_tag","embeddable":true,"href":"https:\/\/dev.awero.ee\/fi\/wp-json\/wp\/v2\/product_tag?post=8288"}],"curies":[{"name":"wp","href":"https:\/\/api.w.org\/{rel}","templated":true}]}}