{"id":8340,"date":"2025-04-10T10:34:47","date_gmt":"2025-04-10T10:34:47","guid":{"rendered":"https:\/\/dev.awero.ee\/toode\/nano-spa\/"},"modified":"2026-03-10T07:59:08","modified_gmt":"2026-03-10T07:59:08","slug":"nano-spa","status":"publish","type":"product","link":"https:\/\/dev.awero.ee\/fi\/toode\/nano-spa\/","title":{"rendered":"Nano Spa"},"content":{"rendered":"<div class=\"container single-product-description-text\">\n<p>Kylpytynnyrin ainutlaatuisuus piilee sen <strong>ergonomisessa <\/strong>ja helppohoitoisessa<strong> lasikuitup\u00e4\u00e4llysteisess\u00e4<\/strong> sis\u00e4osassa, ylellisess\u00e4 l\u00e4mp\u00f6puup\u00e4\u00e4llysteess\u00e4 ja s\u00e4hk\u00f6kamiinassa. Kylpytynnyriin on valittavissa kaksi eri s\u00e4hk\u00f6kamiinan tehoa: 3 kW tai 6 kW. Kylpytynnyrin s\u00e4hk\u00f6kamiinalliseen pakettiin kuuluu my\u00f6s suodatinj\u00e4rjestelm\u00e4, joka pit\u00e4\u00e4 veden puhtaana ja jatkuvassa liikkeess\u00e4. S\u00e4hk\u00f6kamiinan avulla voit l\u00e4mmitt\u00e4\u00e4 kylpytynnyrin veden k\u00e4tev\u00e4sti ja helposti, jotta voit keskitty\u00e4 nauttimaan harmoniasta ja miellytt\u00e4vist\u00e4 hetkist\u00e4.   <\/p>\n<p><strong>Pakettiin sis\u00e4ltyy:<\/strong><\/p>\n<ul>\n<li>integroitu s\u00e4hk\u00f6kamiina (3 kW tai 6 kW)<\/li>\n<li>kamiinan kaukos\u00e4\u00e4din<\/li>\n<li>suodatinj\u00e4rjestelm\u00e4 suodatinpalloilla<\/li>\n<li>l\u00e4mp\u00f6puinen ulkopinta (k\u00e4sitelty puunsuoja-aineella)<\/li>\n<li>kaksiaskelmainen kaareva portaikko<\/li>\n<li><strong>ergonominen lasikuituinen sis\u00e4osa<\/strong> (v\u00e4rivaihtoehdot: harmaa, sininen, musta, valkoinen).<\/li>\n<\/ul>\n<p>Kylpytynnyriin on saatavana laaja valikoima <strong><br \/>\n  <a href=\"https:\/\/dev.awero.ee\/fi\/tootekategooria\/lisavarusteet\/\">lis\u00e4varusteita<\/a><br \/>\n<\/strong>: LED-valaistus (RGB), porej\u00e4rjestelm\u00e4, digitaalinen vesil\u00e4mp\u00f6mittari, stereoj\u00e4rjestelm\u00e4, juomatelineet, eristetty l\u00e4mp\u00f6kansi ja betoninen kylpytynnyrin jalusta<\/p>\n<\/div>\n","protected":false},"excerpt":{"rendered":"<p><strong>S\u00e4hk\u00f6l\u00e4mmitteinen kylpytynnyri<\/strong> on korkealaatuinen koti-spa, joka on viimeistelty pienimpi\u00e4 yksityiskohtia my\u00f6ten. Sit\u00e4 voi k\u00e4ytt\u00e4\u00e4 ymp\u00e4ri vuoden ja se on helppo huoltaa. Kylpytynnyriin voi lis\u00e4t\u00e4 lis\u00e4varusteita, jotka lis\u00e4\u00e4v\u00e4t mukavuutta ja ylellisyytt\u00e4. S\u00e4hk\u00f6l\u00e4mmitteisiin kylpytynnyrin varusteisiin kuuluu my\u00f6s suodatinj\u00e4rjestelm\u00e4 suodatinpalloineen.  <\/p>\n","protected":false},"featured_media":12524,"template":"","meta":{"_acf_changed":false},"product_brand":[],"product_cat":[1081,1088],"product_tag":[],"class_list":{"0":"post-8340","1":"product","2":"type-product","3":"status-publish","4":"has-post-thumbnail","6":"product_cat-kylpytynnyrituotteet","7":"product_cat-sahkolammitys","9":"first","10":"instock","11":"sale","12":"shipping-taxable","13":"product-type-variable"},"acf":[],"yoast_head":"<!-- This site is optimized with the Yoast SEO plugin v26.8 - https:\/\/yoast.com\/product\/yoast-seo-wordpress\/ -->\n<title>Nano Spa - Awero - S\u00fcdamega L\u00f5una-Eestist<\/title>\n<meta name=\"robots\" content=\"noindex, follow, max-snippet:-1, max-image-preview:large, max-video-preview:-1\" \/>\n<meta property=\"og:locale\" content=\"fi_FI\" \/>\n<meta property=\"og:type\" content=\"article\" \/>\n<meta property=\"og:title\" content=\"Nano Spa - Awero - S\u00fcdamega L\u00f5una-Eestist\" \/>\n<meta property=\"og:description\" content=\"S\u00e4hk\u00f6l\u00e4mmitteinen kylpytynnyri on korkealaatuinen koti-spa, joka on viimeistelty pienimpi\u00e4 yksityiskohtia my\u00f6ten. Sit\u00e4 voi k\u00e4ytt\u00e4\u00e4 ymp\u00e4ri vuoden ja se on helppo huoltaa. Kylpytynnyriin voi lis\u00e4t\u00e4 lis\u00e4varusteita, jotka lis\u00e4\u00e4v\u00e4t mukavuutta ja ylellisyytt\u00e4. S\u00e4hk\u00f6l\u00e4mmitteisiin kylpytynnyrin varusteisiin kuuluu my\u00f6s suodatinj\u00e4rjestelm\u00e4 suodatinpalloineen.\" \/>\n<meta property=\"og:url\" content=\"https:\/\/dev.awero.ee\/fi\/toode\/nano-spa\/\" \/>\n<meta property=\"og:site_name\" content=\"Awero - S\u00fcdamega L\u00f5una-Eestist\" \/>\n<meta property=\"article:modified_time\" content=\"2026-03-10T07:59:08+00:00\" \/>\n<meta property=\"og:image\" content=\"https:\/\/dev.awero.ee\/wp-content\/uploads\/2025\/04\/nanospa3.jpg\" \/>\n\t<meta property=\"og:image:width\" content=\"1920\" \/>\n\t<meta property=\"og:image:height\" content=\"1280\" \/>\n\t<meta property=\"og:image:type\" content=\"image\/jpeg\" \/>\n<meta name=\"twitter:card\" content=\"summary_large_image\" \/>\n<meta name=\"twitter:label1\" content=\"Arvioitu lukuaika\" \/>\n\t<meta name=\"twitter:data1\" content=\"1 minuutti\" \/>\n<script type=\"application\/ld+json\" class=\"yoast-schema-graph\">{\"@context\":\"https:\/\/schema.org\",\"@graph\":[{\"@type\":\"WebPage\",\"@id\":\"https:\/\/dev.awero.ee\/fi\/toode\/nano-spa\/\",\"url\":\"https:\/\/dev.awero.ee\/fi\/toode\/nano-spa\/\",\"name\":\"Nano Spa - Awero - S\u00fcdamega L\u00f5una-Eestist\",\"isPartOf\":{\"@id\":\"https:\/\/dev.awero.ee\/fi\/#website\"},\"primaryImageOfPage\":{\"@id\":\"https:\/\/dev.awero.ee\/fi\/toode\/nano-spa\/#primaryimage\"},\"image\":{\"@id\":\"https:\/\/dev.awero.ee\/fi\/toode\/nano-spa\/#primaryimage\"},\"thumbnailUrl\":\"https:\/\/dev.awero.ee\/wp-content\/uploads\/2025\/04\/1-8-scaled.jpg\",\"datePublished\":\"2025-04-10T10:34:47+00:00\",\"dateModified\":\"2026-03-10T07:59:08+00:00\",\"breadcrumb\":{\"@id\":\"https:\/\/dev.awero.ee\/fi\/toode\/nano-spa\/#breadcrumb\"},\"inLanguage\":\"fi\",\"potentialAction\":[{\"@type\":\"ReadAction\",\"target\":[\"https:\/\/dev.awero.ee\/fi\/toode\/nano-spa\/\"]}]},{\"@type\":\"ImageObject\",\"inLanguage\":\"fi\",\"@id\":\"https:\/\/dev.awero.ee\/fi\/toode\/nano-spa\/#primaryimage\",\"url\":\"https:\/\/dev.awero.ee\/wp-content\/uploads\/2025\/04\/1-8-scaled.jpg\",\"contentUrl\":\"https:\/\/dev.awero.ee\/wp-content\/uploads\/2025\/04\/1-8-scaled.jpg\",\"width\":2560,\"height\":2560},{\"@type\":\"BreadcrumbList\",\"@id\":\"https:\/\/dev.awero.ee\/fi\/toode\/nano-spa\/#breadcrumb\",\"itemListElement\":[{\"@type\":\"ListItem\",\"position\":1,\"name\":\"Home\",\"item\":\"https:\/\/dev.awero.ee\/fi\/etusivu\/\"},{\"@type\":\"ListItem\",\"position\":2,\"name\":\"Kauppa\",\"item\":\"https:\/\/dev.awero.ee\/fi\/kauppa\/\"},{\"@type\":\"ListItem\",\"position\":3,\"name\":\"Nano Spa\"}]},{\"@type\":\"WebSite\",\"@id\":\"https:\/\/dev.awero.ee\/fi\/#website\",\"url\":\"https:\/\/dev.awero.ee\/fi\/\",\"name\":\"Awero - S\u00fcdamega L\u00f5una Eestist\",\"description\":\"\",\"publisher\":{\"@id\":\"https:\/\/dev.awero.ee\/fi\/#organization\"},\"potentialAction\":[{\"@type\":\"SearchAction\",\"target\":{\"@type\":\"EntryPoint\",\"urlTemplate\":\"https:\/\/dev.awero.ee\/fi\/?s={search_term_string}\"},\"query-input\":{\"@type\":\"PropertyValueSpecification\",\"valueRequired\":true,\"valueName\":\"search_term_string\"}}],\"inLanguage\":\"fi\"},{\"@type\":\"Organization\",\"@id\":\"https:\/\/dev.awero.ee\/fi\/#organization\",\"name\":\"Awero - S\u00fcdamega L\u00f5una Eestist\",\"url\":\"https:\/\/dev.awero.ee\/fi\/\",\"logo\":{\"@type\":\"ImageObject\",\"inLanguage\":\"fi\",\"@id\":\"https:\/\/dev.awero.ee\/fi\/#\/schema\/logo\/image\/\",\"url\":\"https:\/\/dev.awero.ee\/wp-content\/uploads\/2024\/07\/aweroplaceholder.jpg\",\"contentUrl\":\"https:\/\/dev.awero.ee\/wp-content\/uploads\/2024\/07\/aweroplaceholder.jpg\",\"width\":1250,\"height\":834,\"caption\":\"Awero - S\u00fcdamega L\u00f5una Eestist\"},\"image\":{\"@id\":\"https:\/\/dev.awero.ee\/fi\/#\/schema\/logo\/image\/\"}}]}<\/script>\n<!-- \/ Yoast SEO plugin. -->","yoast_head_json":{"title":"Nano Spa - Awero - S\u00fcdamega L\u00f5una-Eestist","robots":{"index":"noindex","follow":"follow","max-snippet":"max-snippet:-1","max-image-preview":"max-image-preview:large","max-video-preview":"max-video-preview:-1"},"og_locale":"fi_FI","og_type":"article","og_title":"Nano Spa - Awero - S\u00fcdamega L\u00f5una-Eestist","og_description":"S\u00e4hk\u00f6l\u00e4mmitteinen kylpytynnyri on korkealaatuinen koti-spa, joka on viimeistelty pienimpi\u00e4 yksityiskohtia my\u00f6ten. Sit\u00e4 voi k\u00e4ytt\u00e4\u00e4 ymp\u00e4ri vuoden ja se on helppo huoltaa. Kylpytynnyriin voi lis\u00e4t\u00e4 lis\u00e4varusteita, jotka lis\u00e4\u00e4v\u00e4t mukavuutta ja ylellisyytt\u00e4. S\u00e4hk\u00f6l\u00e4mmitteisiin kylpytynnyrin varusteisiin kuuluu my\u00f6s suodatinj\u00e4rjestelm\u00e4 suodatinpalloineen.","og_url":"https:\/\/dev.awero.ee\/fi\/toode\/nano-spa\/","og_site_name":"Awero - S\u00fcdamega L\u00f5una-Eestist","article_modified_time":"2026-03-10T07:59:08+00:00","og_image":[{"width":1920,"height":1280,"url":"https:\/\/dev.awero.ee\/wp-content\/uploads\/2025\/04\/nanospa3.jpg","type":"image\/jpeg"}],"twitter_card":"summary_large_image","twitter_misc":{"Arvioitu lukuaika":"1 minuutti"},"schema":{"@context":"https:\/\/schema.org","@graph":[{"@type":"WebPage","@id":"https:\/\/dev.awero.ee\/fi\/toode\/nano-spa\/","url":"https:\/\/dev.awero.ee\/fi\/toode\/nano-spa\/","name":"Nano Spa - Awero - S\u00fcdamega L\u00f5una-Eestist","isPartOf":{"@id":"https:\/\/dev.awero.ee\/fi\/#website"},"primaryImageOfPage":{"@id":"https:\/\/dev.awero.ee\/fi\/toode\/nano-spa\/#primaryimage"},"image":{"@id":"https:\/\/dev.awero.ee\/fi\/toode\/nano-spa\/#primaryimage"},"thumbnailUrl":"https:\/\/dev.awero.ee\/wp-content\/uploads\/2025\/04\/1-8-scaled.jpg","datePublished":"2025-04-10T10:34:47+00:00","dateModified":"2026-03-10T07:59:08+00:00","breadcrumb":{"@id":"https:\/\/dev.awero.ee\/fi\/toode\/nano-spa\/#breadcrumb"},"inLanguage":"fi","potentialAction":[{"@type":"ReadAction","target":["https:\/\/dev.awero.ee\/fi\/toode\/nano-spa\/"]}]},{"@type":"ImageObject","inLanguage":"fi","@id":"https:\/\/dev.awero.ee\/fi\/toode\/nano-spa\/#primaryimage","url":"https:\/\/dev.awero.ee\/wp-content\/uploads\/2025\/04\/1-8-scaled.jpg","contentUrl":"https:\/\/dev.awero.ee\/wp-content\/uploads\/2025\/04\/1-8-scaled.jpg","width":2560,"height":2560},{"@type":"BreadcrumbList","@id":"https:\/\/dev.awero.ee\/fi\/toode\/nano-spa\/#breadcrumb","itemListElement":[{"@type":"ListItem","position":1,"name":"Home","item":"https:\/\/dev.awero.ee\/fi\/etusivu\/"},{"@type":"ListItem","position":2,"name":"Kauppa","item":"https:\/\/dev.awero.ee\/fi\/kauppa\/"},{"@type":"ListItem","position":3,"name":"Nano Spa"}]},{"@type":"WebSite","@id":"https:\/\/dev.awero.ee\/fi\/#website","url":"https:\/\/dev.awero.ee\/fi\/","name":"Awero - S\u00fcdamega L\u00f5una Eestist","description":"","publisher":{"@id":"https:\/\/dev.awero.ee\/fi\/#organization"},"potentialAction":[{"@type":"SearchAction","target":{"@type":"EntryPoint","urlTemplate":"https:\/\/dev.awero.ee\/fi\/?s={search_term_string}"},"query-input":{"@type":"PropertyValueSpecification","valueRequired":true,"valueName":"search_term_string"}}],"inLanguage":"fi"},{"@type":"Organization","@id":"https:\/\/dev.awero.ee\/fi\/#organization","name":"Awero - S\u00fcdamega L\u00f5una Eestist","url":"https:\/\/dev.awero.ee\/fi\/","logo":{"@type":"ImageObject","inLanguage":"fi","@id":"https:\/\/dev.awero.ee\/fi\/#\/schema\/logo\/image\/","url":"https:\/\/dev.awero.ee\/wp-content\/uploads\/2024\/07\/aweroplaceholder.jpg","contentUrl":"https:\/\/dev.awero.ee\/wp-content\/uploads\/2024\/07\/aweroplaceholder.jpg","width":1250,"height":834,"caption":"Awero - S\u00fcdamega L\u00f5una Eestist"},"image":{"@id":"https:\/\/dev.awero.ee\/fi\/#\/schema\/logo\/image\/"}}]}},"_links":{"self":[{"href":"https:\/\/dev.awero.ee\/fi\/wp-json\/wp\/v2\/product\/8340","targetHints":{"allow":["GET"]}}],"collection":[{"href":"https:\/\/dev.awero.ee\/fi\/wp-json\/wp\/v2\/product"}],"about":[{"href":"https:\/\/dev.awero.ee\/fi\/wp-json\/wp\/v2\/types\/product"}],"wp:featuredmedia":[{"embeddable":true,"href":"https:\/\/dev.awero.ee\/fi\/wp-json\/wp\/v2\/media\/12524"}],"wp:attachment":[{"href":"https:\/\/dev.awero.ee\/fi\/wp-json\/wp\/v2\/media?parent=8340"}],"wp:term":[{"taxonomy":"product_brand","embeddable":true,"href":"https:\/\/dev.awero.ee\/fi\/wp-json\/wp\/v2\/product_brand?post=8340"},{"taxonomy":"product_cat","embeddable":true,"href":"https:\/\/dev.awero.ee\/fi\/wp-json\/wp\/v2\/product_cat?post=8340"},{"taxonomy":"product_tag","embeddable":true,"href":"https:\/\/dev.awero.ee\/fi\/wp-json\/wp\/v2\/product_tag?post=8340"}],"curies":[{"name":"wp","href":"https:\/\/api.w.org\/{rel}","templated":true}]}}