{"id":8410,"date":"2025-04-13T17:10:39","date_gmt":"2025-04-13T17:10:39","guid":{"rendered":"https:\/\/dev.awero.ee\/toode\/jacuzzy-sahkolammittimella\/"},"modified":"2026-03-10T07:59:07","modified_gmt":"2026-03-10T07:59:07","slug":"jacuzzy-sahkolammittimella","status":"publish","type":"product","link":"https:\/\/dev.awero.ee\/fi\/toode\/jacuzzy-sahkolammittimella\/","title":{"rendered":"Jacuzzi s\u00e4hk\u00f6isell\u00e4 l\u00e4mmittimell\u00e4"},"content":{"rendered":"","protected":false},"excerpt":{"rendered":"<p>2,2 m x 2,2 m:n kokoinen, akryylisella sis\u00e4osalla ja s\u00e4hk\u00f6l\u00e4mmityksell\u00e4 varustettu kylpytynnyri tarjoaa miellytt\u00e4v\u00e4\u00e4 rentoutumista. Sile\u00e4 ja kest\u00e4v\u00e4 sis\u00e4pinta on helppo huoltaa ja takaa ylellisen k\u00e4ytt\u00f6kokemuksen. Kylpytynnyriss\u00e4 on ergonomiset istuimet ja lepoasento tukee kehoa mukavasti. S\u00e4hk\u00f6l\u00e4mmitysratkaisu takaa tarkan ja vakaan veden l\u00e4mp\u00f6tilan hallinnan. Ihanteellinen ratkaisu ymp\u00e4rivuotiseen k\u00e4ytt\u00f6\u00f6n terassilla tai puutarhassa.    <\/p>\n","protected":false},"featured_media":8699,"template":"","meta":{"_acf_changed":false},"product_brand":[],"product_cat":[1081,1088],"product_tag":[],"class_list":{"0":"post-8410","1":"product","2":"type-product","3":"status-publish","4":"has-post-thumbnail","6":"product_cat-kylpytynnyrituotteet","7":"product_cat-sahkolammitys","9":"first","10":"instock","11":"sale","12":"shipping-taxable","13":"product-type-variable"},"acf":[],"yoast_head":"<!-- This site is optimized with the Yoast SEO plugin v26.8 - https:\/\/yoast.com\/product\/yoast-seo-wordpress\/ -->\n<title>Jacuzzi s\u00e4hk\u00f6isell\u00e4 l\u00e4mmittimell\u00e4 - Awero - S\u00fcdamega L\u00f5una-Eestist<\/title>\n<meta name=\"robots\" content=\"noindex, follow, max-snippet:-1, max-image-preview:large, max-video-preview:-1\" \/>\n<meta property=\"og:locale\" content=\"fi_FI\" \/>\n<meta property=\"og:type\" content=\"article\" \/>\n<meta property=\"og:title\" content=\"Jacuzzi s\u00e4hk\u00f6isell\u00e4 l\u00e4mmittimell\u00e4 - Awero - S\u00fcdamega L\u00f5una-Eestist\" \/>\n<meta property=\"og:description\" content=\"2,2 m x 2,2 m:n kokoinen, akryylisella sis\u00e4osalla ja s\u00e4hk\u00f6l\u00e4mmityksell\u00e4 varustettu kylpytynnyri tarjoaa miellytt\u00e4v\u00e4\u00e4 rentoutumista. Sile\u00e4 ja kest\u00e4v\u00e4 sis\u00e4pinta on helppo huoltaa ja takaa ylellisen k\u00e4ytt\u00f6kokemuksen. Kylpytynnyriss\u00e4 on ergonomiset istuimet ja lepoasento tukee kehoa mukavasti. S\u00e4hk\u00f6l\u00e4mmitysratkaisu takaa tarkan ja vakaan veden l\u00e4mp\u00f6tilan hallinnan. Ihanteellinen ratkaisu ymp\u00e4rivuotiseen k\u00e4ytt\u00f6\u00f6n terassilla tai puutarhassa.\" \/>\n<meta property=\"og:url\" content=\"https:\/\/dev.awero.ee\/fi\/toode\/jacuzzy-sahkolammittimella\/\" \/>\n<meta property=\"og:site_name\" content=\"Awero - S\u00fcdamega L\u00f5una-Eestist\" \/>\n<meta property=\"article:modified_time\" content=\"2026-03-10T07:59:07+00:00\" \/>\n<meta property=\"og:image\" content=\"https:\/\/dev.awero.ee\/wp-content\/uploads\/2025\/04\/2f2-scaled.jpg\" \/>\n\t<meta property=\"og:image:width\" content=\"2560\" \/>\n\t<meta property=\"og:image:height\" content=\"2133\" \/>\n\t<meta property=\"og:image:type\" content=\"image\/jpeg\" \/>\n<meta name=\"twitter:card\" content=\"summary_large_image\" \/>\n<script type=\"application\/ld+json\" class=\"yoast-schema-graph\">{\"@context\":\"https:\/\/schema.org\",\"@graph\":[{\"@type\":\"WebPage\",\"@id\":\"https:\/\/dev.awero.ee\/fi\/toode\/jacuzzy-sahkolammittimella\/\",\"url\":\"https:\/\/dev.awero.ee\/fi\/toode\/jacuzzy-sahkolammittimella\/\",\"name\":\"Jacuzzi s\u00e4hk\u00f6isell\u00e4 l\u00e4mmittimell\u00e4 - Awero - S\u00fcdamega L\u00f5una-Eestist\",\"isPartOf\":{\"@id\":\"https:\/\/dev.awero.ee\/fi\/#website\"},\"primaryImageOfPage\":{\"@id\":\"https:\/\/dev.awero.ee\/fi\/toode\/jacuzzy-sahkolammittimella\/#primaryimage\"},\"image\":{\"@id\":\"https:\/\/dev.awero.ee\/fi\/toode\/jacuzzy-sahkolammittimella\/#primaryimage\"},\"thumbnailUrl\":\"https:\/\/dev.awero.ee\/wp-content\/uploads\/2025\/04\/1-16-scaled.jpg\",\"datePublished\":\"2025-04-13T17:10:39+00:00\",\"dateModified\":\"2026-03-10T07:59:07+00:00\",\"breadcrumb\":{\"@id\":\"https:\/\/dev.awero.ee\/fi\/toode\/jacuzzy-sahkolammittimella\/#breadcrumb\"},\"inLanguage\":\"fi\",\"potentialAction\":[{\"@type\":\"ReadAction\",\"target\":[\"https:\/\/dev.awero.ee\/fi\/toode\/jacuzzy-sahkolammittimella\/\"]}]},{\"@type\":\"ImageObject\",\"inLanguage\":\"fi\",\"@id\":\"https:\/\/dev.awero.ee\/fi\/toode\/jacuzzy-sahkolammittimella\/#primaryimage\",\"url\":\"https:\/\/dev.awero.ee\/wp-content\/uploads\/2025\/04\/1-16-scaled.jpg\",\"contentUrl\":\"https:\/\/dev.awero.ee\/wp-content\/uploads\/2025\/04\/1-16-scaled.jpg\",\"width\":2560,\"height\":2560},{\"@type\":\"BreadcrumbList\",\"@id\":\"https:\/\/dev.awero.ee\/fi\/toode\/jacuzzy-sahkolammittimella\/#breadcrumb\",\"itemListElement\":[{\"@type\":\"ListItem\",\"position\":1,\"name\":\"Home\",\"item\":\"https:\/\/dev.awero.ee\/fi\/etusivu\/\"},{\"@type\":\"ListItem\",\"position\":2,\"name\":\"Kauppa\",\"item\":\"https:\/\/dev.awero.ee\/fi\/kauppa\/\"},{\"@type\":\"ListItem\",\"position\":3,\"name\":\"Jacuzzi s\u00e4hk\u00f6isell\u00e4 l\u00e4mmittimell\u00e4\"}]},{\"@type\":\"WebSite\",\"@id\":\"https:\/\/dev.awero.ee\/fi\/#website\",\"url\":\"https:\/\/dev.awero.ee\/fi\/\",\"name\":\"Awero - S\u00fcdamega L\u00f5una Eestist\",\"description\":\"\",\"publisher\":{\"@id\":\"https:\/\/dev.awero.ee\/fi\/#organization\"},\"potentialAction\":[{\"@type\":\"SearchAction\",\"target\":{\"@type\":\"EntryPoint\",\"urlTemplate\":\"https:\/\/dev.awero.ee\/fi\/?s={search_term_string}\"},\"query-input\":{\"@type\":\"PropertyValueSpecification\",\"valueRequired\":true,\"valueName\":\"search_term_string\"}}],\"inLanguage\":\"fi\"},{\"@type\":\"Organization\",\"@id\":\"https:\/\/dev.awero.ee\/fi\/#organization\",\"name\":\"Awero - S\u00fcdamega L\u00f5una Eestist\",\"url\":\"https:\/\/dev.awero.ee\/fi\/\",\"logo\":{\"@type\":\"ImageObject\",\"inLanguage\":\"fi\",\"@id\":\"https:\/\/dev.awero.ee\/fi\/#\/schema\/logo\/image\/\",\"url\":\"https:\/\/dev.awero.ee\/wp-content\/uploads\/2024\/07\/aweroplaceholder.jpg\",\"contentUrl\":\"https:\/\/dev.awero.ee\/wp-content\/uploads\/2024\/07\/aweroplaceholder.jpg\",\"width\":1250,\"height\":834,\"caption\":\"Awero - S\u00fcdamega L\u00f5una Eestist\"},\"image\":{\"@id\":\"https:\/\/dev.awero.ee\/fi\/#\/schema\/logo\/image\/\"}}]}<\/script>\n<!-- \/ Yoast SEO plugin. -->","yoast_head_json":{"title":"Jacuzzi s\u00e4hk\u00f6isell\u00e4 l\u00e4mmittimell\u00e4 - Awero - S\u00fcdamega L\u00f5una-Eestist","robots":{"index":"noindex","follow":"follow","max-snippet":"max-snippet:-1","max-image-preview":"max-image-preview:large","max-video-preview":"max-video-preview:-1"},"og_locale":"fi_FI","og_type":"article","og_title":"Jacuzzi s\u00e4hk\u00f6isell\u00e4 l\u00e4mmittimell\u00e4 - Awero - S\u00fcdamega L\u00f5una-Eestist","og_description":"2,2 m x 2,2 m:n kokoinen, akryylisella sis\u00e4osalla ja s\u00e4hk\u00f6l\u00e4mmityksell\u00e4 varustettu kylpytynnyri tarjoaa miellytt\u00e4v\u00e4\u00e4 rentoutumista. Sile\u00e4 ja kest\u00e4v\u00e4 sis\u00e4pinta on helppo huoltaa ja takaa ylellisen k\u00e4ytt\u00f6kokemuksen. Kylpytynnyriss\u00e4 on ergonomiset istuimet ja lepoasento tukee kehoa mukavasti. S\u00e4hk\u00f6l\u00e4mmitysratkaisu takaa tarkan ja vakaan veden l\u00e4mp\u00f6tilan hallinnan. Ihanteellinen ratkaisu ymp\u00e4rivuotiseen k\u00e4ytt\u00f6\u00f6n terassilla tai puutarhassa.","og_url":"https:\/\/dev.awero.ee\/fi\/toode\/jacuzzy-sahkolammittimella\/","og_site_name":"Awero - S\u00fcdamega L\u00f5una-Eestist","article_modified_time":"2026-03-10T07:59:07+00:00","og_image":[{"width":2560,"height":2133,"url":"https:\/\/dev.awero.ee\/wp-content\/uploads\/2025\/04\/2f2-scaled.jpg","type":"image\/jpeg"}],"twitter_card":"summary_large_image","schema":{"@context":"https:\/\/schema.org","@graph":[{"@type":"WebPage","@id":"https:\/\/dev.awero.ee\/fi\/toode\/jacuzzy-sahkolammittimella\/","url":"https:\/\/dev.awero.ee\/fi\/toode\/jacuzzy-sahkolammittimella\/","name":"Jacuzzi s\u00e4hk\u00f6isell\u00e4 l\u00e4mmittimell\u00e4 - Awero - S\u00fcdamega L\u00f5una-Eestist","isPartOf":{"@id":"https:\/\/dev.awero.ee\/fi\/#website"},"primaryImageOfPage":{"@id":"https:\/\/dev.awero.ee\/fi\/toode\/jacuzzy-sahkolammittimella\/#primaryimage"},"image":{"@id":"https:\/\/dev.awero.ee\/fi\/toode\/jacuzzy-sahkolammittimella\/#primaryimage"},"thumbnailUrl":"https:\/\/dev.awero.ee\/wp-content\/uploads\/2025\/04\/1-16-scaled.jpg","datePublished":"2025-04-13T17:10:39+00:00","dateModified":"2026-03-10T07:59:07+00:00","breadcrumb":{"@id":"https:\/\/dev.awero.ee\/fi\/toode\/jacuzzy-sahkolammittimella\/#breadcrumb"},"inLanguage":"fi","potentialAction":[{"@type":"ReadAction","target":["https:\/\/dev.awero.ee\/fi\/toode\/jacuzzy-sahkolammittimella\/"]}]},{"@type":"ImageObject","inLanguage":"fi","@id":"https:\/\/dev.awero.ee\/fi\/toode\/jacuzzy-sahkolammittimella\/#primaryimage","url":"https:\/\/dev.awero.ee\/wp-content\/uploads\/2025\/04\/1-16-scaled.jpg","contentUrl":"https:\/\/dev.awero.ee\/wp-content\/uploads\/2025\/04\/1-16-scaled.jpg","width":2560,"height":2560},{"@type":"BreadcrumbList","@id":"https:\/\/dev.awero.ee\/fi\/toode\/jacuzzy-sahkolammittimella\/#breadcrumb","itemListElement":[{"@type":"ListItem","position":1,"name":"Home","item":"https:\/\/dev.awero.ee\/fi\/etusivu\/"},{"@type":"ListItem","position":2,"name":"Kauppa","item":"https:\/\/dev.awero.ee\/fi\/kauppa\/"},{"@type":"ListItem","position":3,"name":"Jacuzzi s\u00e4hk\u00f6isell\u00e4 l\u00e4mmittimell\u00e4"}]},{"@type":"WebSite","@id":"https:\/\/dev.awero.ee\/fi\/#website","url":"https:\/\/dev.awero.ee\/fi\/","name":"Awero - S\u00fcdamega L\u00f5una Eestist","description":"","publisher":{"@id":"https:\/\/dev.awero.ee\/fi\/#organization"},"potentialAction":[{"@type":"SearchAction","target":{"@type":"EntryPoint","urlTemplate":"https:\/\/dev.awero.ee\/fi\/?s={search_term_string}"},"query-input":{"@type":"PropertyValueSpecification","valueRequired":true,"valueName":"search_term_string"}}],"inLanguage":"fi"},{"@type":"Organization","@id":"https:\/\/dev.awero.ee\/fi\/#organization","name":"Awero - S\u00fcdamega L\u00f5una Eestist","url":"https:\/\/dev.awero.ee\/fi\/","logo":{"@type":"ImageObject","inLanguage":"fi","@id":"https:\/\/dev.awero.ee\/fi\/#\/schema\/logo\/image\/","url":"https:\/\/dev.awero.ee\/wp-content\/uploads\/2024\/07\/aweroplaceholder.jpg","contentUrl":"https:\/\/dev.awero.ee\/wp-content\/uploads\/2024\/07\/aweroplaceholder.jpg","width":1250,"height":834,"caption":"Awero - S\u00fcdamega L\u00f5una Eestist"},"image":{"@id":"https:\/\/dev.awero.ee\/fi\/#\/schema\/logo\/image\/"}}]}},"_links":{"self":[{"href":"https:\/\/dev.awero.ee\/fi\/wp-json\/wp\/v2\/product\/8410","targetHints":{"allow":["GET"]}}],"collection":[{"href":"https:\/\/dev.awero.ee\/fi\/wp-json\/wp\/v2\/product"}],"about":[{"href":"https:\/\/dev.awero.ee\/fi\/wp-json\/wp\/v2\/types\/product"}],"wp:featuredmedia":[{"embeddable":true,"href":"https:\/\/dev.awero.ee\/fi\/wp-json\/wp\/v2\/media\/8699"}],"wp:attachment":[{"href":"https:\/\/dev.awero.ee\/fi\/wp-json\/wp\/v2\/media?parent=8410"}],"wp:term":[{"taxonomy":"product_brand","embeddable":true,"href":"https:\/\/dev.awero.ee\/fi\/wp-json\/wp\/v2\/product_brand?post=8410"},{"taxonomy":"product_cat","embeddable":true,"href":"https:\/\/dev.awero.ee\/fi\/wp-json\/wp\/v2\/product_cat?post=8410"},{"taxonomy":"product_tag","embeddable":true,"href":"https:\/\/dev.awero.ee\/fi\/wp-json\/wp\/v2\/product_tag?post=8410"}],"curies":[{"name":"wp","href":"https:\/\/api.w.org\/{rel}","templated":true}]}}