{"id":11765,"date":"2025-01-21T08:06:08","date_gmt":"2025-01-21T08:06:08","guid":{"rendered":"https:\/\/dev.awero.ee\/toode\/kubls-hexagon-180-ar-arejo-krasninu\/"},"modified":"2026-03-10T07:59:06","modified_gmt":"2026-03-10T07:59:06","slug":"kubls-hexagon-180-ar-arejo-krasninu","status":"publish","type":"product","link":"https:\/\/dev.awero.ee\/lv\/toode\/kubls-hexagon-180-ar-arejo-krasninu\/","title":{"rendered":"Kubls Hexagon 180 ar \u0101r\u0113jo kr\u0101sni\u0146u"},"content":{"rendered":"<p style=\"text-align: justify;\">Kublu par \u012bpa\u0161u padara ar\u012b viegli kopjam\u0101 stikla \u0161\u0137iedras \u010daula un luksusa l\u012bme\u0146a termokoka apdare, k\u0101 ar\u012b \u0101r\u0113j\u0101 kr\u0101sni\u0146a, kas izgatavota no kvalitat\u012bva (AISI 304) t\u0113rauda, \u200b\u200bkas noz\u012bm\u0113, ka kurin\u0101\u0161anai nepiecie\u0161ams maz\u0101k malkas un laika, \u013caujot \u0101tr\u0101k piev\u0113rsties relaks\u0113jo\u0161ai peldei.<\/p>\n<p style=\"text-align: justify;\">Kubla komplekt\u0101cijai iesp\u0113jams pievienot da\u017e\u0101du<b><span lang=\"ET\"> <a href=\"https:\/\/dev.awero.ee\/tootekategooria\/lisavarustus\/\">papildu apr\u012bkojumu<\/a><\/span>:<\/b> LED apgaismojumu (RGB), <span lang=\"ET\">burbu\u013cu sist\u0113mu<\/span>, <span lang=\"ET\">digit\u0101lo \u016bdens termometru,<\/span> stereo sist\u0113mu, gl\u0101\u017eu tur\u0113t\u0101ju, filtru sist\u0113mu, izol\u0113tu termov\u0101ku, betona pamatni.<\/p>\n","protected":false},"excerpt":{"rendered":"<p>Cen\u0101 iek\u013cauts PVN. Hexagon Lux kubls ar \u0101r\u0113jo kr\u0101sni\u0146u ir kvalitat\u012bvs un l\u012bdz deta\u013c\u0101m p\u0101rdom\u0101ts spa ar bag\u0101t\u012bgu papildu apr\u012bkojumu, lietojams visu gadu, turkl\u0101t t\u0101 apkope ir pa sp\u0113kam ikvienam.<\/p>\n","protected":false},"featured_media":11770,"template":"","meta":{"_acf_changed":false},"product_brand":[],"product_cat":[1620,1626],"product_tag":[],"class_list":{"0":"post-11765","1":"product","2":"type-product","3":"status-publish","4":"has-post-thumbnail","6":"product_cat-kubli","7":"product_cat-ar-arejo-krasninu","9":"first","10":"instock","11":"sale","12":"shipping-taxable","13":"product-type-variable"},"acf":[],"yoast_head":"<!-- This site is optimized with the Yoast SEO plugin v26.8 - https:\/\/yoast.com\/product\/yoast-seo-wordpress\/ -->\n<title>Kubls Hexagon 180 ar \u0101r\u0113jo kr\u0101sni\u0146u - Awero - S\u00fcdamega L\u00f5una-Eestist<\/title>\n<meta name=\"robots\" content=\"noindex, follow, max-snippet:-1, max-image-preview:large, max-video-preview:-1\" \/>\n<meta property=\"og:locale\" content=\"lv_LV\" \/>\n<meta property=\"og:type\" content=\"article\" \/>\n<meta property=\"og:title\" content=\"Kubls Hexagon 180 ar \u0101r\u0113jo kr\u0101sni\u0146u - Awero - S\u00fcdamega L\u00f5una-Eestist\" \/>\n<meta property=\"og:description\" content=\"Cen\u0101 iek\u013cauts PVN. Hexagon Lux kubls ar \u0101r\u0113jo kr\u0101sni\u0146u ir kvalitat\u012bvs un l\u012bdz deta\u013c\u0101m p\u0101rdom\u0101ts spa ar bag\u0101t\u012bgu papildu apr\u012bkojumu, lietojams visu gadu, turkl\u0101t t\u0101 apkope ir pa sp\u0113kam ikvienam.\" \/>\n<meta property=\"og:url\" content=\"https:\/\/dev.awero.ee\/lv\/toode\/kubls-hexagon-180-ar-arejo-krasninu\/\" \/>\n<meta property=\"og:site_name\" content=\"Awero - S\u00fcdamega L\u00f5una-Eestist\" \/>\n<meta property=\"article:modified_time\" content=\"2026-03-10T07:59:06+00:00\" \/>\n<meta property=\"og:image\" content=\"https:\/\/dev.awero.ee\/wp-content\/uploads\/2025\/02\/HEXAGON.jpg\" \/>\n\t<meta property=\"og:image:width\" content=\"2500\" \/>\n\t<meta property=\"og:image:height\" content=\"1667\" \/>\n\t<meta property=\"og:image:type\" content=\"image\/jpeg\" \/>\n<meta name=\"twitter:card\" content=\"summary_large_image\" \/>\n<meta name=\"twitter:label1\" content=\"Est. reading time\" \/>\n\t<meta name=\"twitter:data1\" content=\"1 minute\" \/>\n<script type=\"application\/ld+json\" class=\"yoast-schema-graph\">{\"@context\":\"https:\/\/schema.org\",\"@graph\":[{\"@type\":\"WebPage\",\"@id\":\"https:\/\/dev.awero.ee\/lv\/toode\/kubls-hexagon-180-ar-arejo-krasninu\/\",\"url\":\"https:\/\/dev.awero.ee\/lv\/toode\/kubls-hexagon-180-ar-arejo-krasninu\/\",\"name\":\"Kubls Hexagon 180 ar \u0101r\u0113jo kr\u0101sni\u0146u - Awero - S\u00fcdamega L\u00f5una-Eestist\",\"isPartOf\":{\"@id\":\"https:\/\/dev.awero.ee\/lv\/#website\"},\"primaryImageOfPage\":{\"@id\":\"https:\/\/dev.awero.ee\/lv\/toode\/kubls-hexagon-180-ar-arejo-krasninu\/#primaryimage\"},\"image\":{\"@id\":\"https:\/\/dev.awero.ee\/lv\/toode\/kubls-hexagon-180-ar-arejo-krasninu\/#primaryimage\"},\"thumbnailUrl\":\"https:\/\/dev.awero.ee\/wp-content\/uploads\/2025\/02\/HEXAGON.jpg\",\"datePublished\":\"2025-01-21T08:06:08+00:00\",\"dateModified\":\"2026-03-10T07:59:06+00:00\",\"breadcrumb\":{\"@id\":\"https:\/\/dev.awero.ee\/lv\/toode\/kubls-hexagon-180-ar-arejo-krasninu\/#breadcrumb\"},\"inLanguage\":\"lv-LV\",\"potentialAction\":[{\"@type\":\"ReadAction\",\"target\":[\"https:\/\/dev.awero.ee\/lv\/toode\/kubls-hexagon-180-ar-arejo-krasninu\/\"]}]},{\"@type\":\"ImageObject\",\"inLanguage\":\"lv-LV\",\"@id\":\"https:\/\/dev.awero.ee\/lv\/toode\/kubls-hexagon-180-ar-arejo-krasninu\/#primaryimage\",\"url\":\"https:\/\/dev.awero.ee\/wp-content\/uploads\/2025\/02\/HEXAGON.jpg\",\"contentUrl\":\"https:\/\/dev.awero.ee\/wp-content\/uploads\/2025\/02\/HEXAGON.jpg\",\"width\":2500,\"height\":1667},{\"@type\":\"BreadcrumbList\",\"@id\":\"https:\/\/dev.awero.ee\/lv\/toode\/kubls-hexagon-180-ar-arejo-krasninu\/#breadcrumb\",\"itemListElement\":[{\"@type\":\"ListItem\",\"position\":1,\"name\":\"Home\",\"item\":\"https:\/\/dev.awero.ee\/lv\/sakums\/\"},{\"@type\":\"ListItem\",\"position\":2,\"name\":\"Veikals\",\"item\":\"https:\/\/dev.awero.ee\/lv\/veikals\/\"},{\"@type\":\"ListItem\",\"position\":3,\"name\":\"Kubls Hexagon 180 ar \u0101r\u0113jo kr\u0101sni\u0146u\"}]},{\"@type\":\"WebSite\",\"@id\":\"https:\/\/dev.awero.ee\/lv\/#website\",\"url\":\"https:\/\/dev.awero.ee\/lv\/\",\"name\":\"Awero - S\u00fcdamega L\u00f5una Eestist\",\"description\":\"\",\"publisher\":{\"@id\":\"https:\/\/dev.awero.ee\/lv\/#organization\"},\"potentialAction\":[{\"@type\":\"SearchAction\",\"target\":{\"@type\":\"EntryPoint\",\"urlTemplate\":\"https:\/\/dev.awero.ee\/lv\/?s={search_term_string}\"},\"query-input\":{\"@type\":\"PropertyValueSpecification\",\"valueRequired\":true,\"valueName\":\"search_term_string\"}}],\"inLanguage\":\"lv-LV\"},{\"@type\":\"Organization\",\"@id\":\"https:\/\/dev.awero.ee\/lv\/#organization\",\"name\":\"Awero - S\u00fcdamega L\u00f5una Eestist\",\"url\":\"https:\/\/dev.awero.ee\/lv\/\",\"logo\":{\"@type\":\"ImageObject\",\"inLanguage\":\"lv-LV\",\"@id\":\"https:\/\/dev.awero.ee\/lv\/#\/schema\/logo\/image\/\",\"url\":\"https:\/\/dev.awero.ee\/wp-content\/uploads\/2024\/07\/aweroplaceholder.jpg\",\"contentUrl\":\"https:\/\/dev.awero.ee\/wp-content\/uploads\/2024\/07\/aweroplaceholder.jpg\",\"width\":1250,\"height\":834,\"caption\":\"Awero - S\u00fcdamega L\u00f5una Eestist\"},\"image\":{\"@id\":\"https:\/\/dev.awero.ee\/lv\/#\/schema\/logo\/image\/\"}}]}<\/script>\n<!-- \/ Yoast SEO plugin. -->","yoast_head_json":{"title":"Kubls Hexagon 180 ar \u0101r\u0113jo kr\u0101sni\u0146u - Awero - S\u00fcdamega L\u00f5una-Eestist","robots":{"index":"noindex","follow":"follow","max-snippet":"max-snippet:-1","max-image-preview":"max-image-preview:large","max-video-preview":"max-video-preview:-1"},"og_locale":"lv_LV","og_type":"article","og_title":"Kubls Hexagon 180 ar \u0101r\u0113jo kr\u0101sni\u0146u - Awero - S\u00fcdamega L\u00f5una-Eestist","og_description":"Cen\u0101 iek\u013cauts PVN. Hexagon Lux kubls ar \u0101r\u0113jo kr\u0101sni\u0146u ir kvalitat\u012bvs un l\u012bdz deta\u013c\u0101m p\u0101rdom\u0101ts spa ar bag\u0101t\u012bgu papildu apr\u012bkojumu, lietojams visu gadu, turkl\u0101t t\u0101 apkope ir pa sp\u0113kam ikvienam.","og_url":"https:\/\/dev.awero.ee\/lv\/toode\/kubls-hexagon-180-ar-arejo-krasninu\/","og_site_name":"Awero - S\u00fcdamega L\u00f5una-Eestist","article_modified_time":"2026-03-10T07:59:06+00:00","og_image":[{"width":2500,"height":1667,"url":"https:\/\/dev.awero.ee\/wp-content\/uploads\/2025\/02\/HEXAGON.jpg","type":"image\/jpeg"}],"twitter_card":"summary_large_image","twitter_misc":{"Est. reading time":"1 minute"},"schema":{"@context":"https:\/\/schema.org","@graph":[{"@type":"WebPage","@id":"https:\/\/dev.awero.ee\/lv\/toode\/kubls-hexagon-180-ar-arejo-krasninu\/","url":"https:\/\/dev.awero.ee\/lv\/toode\/kubls-hexagon-180-ar-arejo-krasninu\/","name":"Kubls Hexagon 180 ar \u0101r\u0113jo kr\u0101sni\u0146u - Awero - S\u00fcdamega L\u00f5una-Eestist","isPartOf":{"@id":"https:\/\/dev.awero.ee\/lv\/#website"},"primaryImageOfPage":{"@id":"https:\/\/dev.awero.ee\/lv\/toode\/kubls-hexagon-180-ar-arejo-krasninu\/#primaryimage"},"image":{"@id":"https:\/\/dev.awero.ee\/lv\/toode\/kubls-hexagon-180-ar-arejo-krasninu\/#primaryimage"},"thumbnailUrl":"https:\/\/dev.awero.ee\/wp-content\/uploads\/2025\/02\/HEXAGON.jpg","datePublished":"2025-01-21T08:06:08+00:00","dateModified":"2026-03-10T07:59:06+00:00","breadcrumb":{"@id":"https:\/\/dev.awero.ee\/lv\/toode\/kubls-hexagon-180-ar-arejo-krasninu\/#breadcrumb"},"inLanguage":"lv-LV","potentialAction":[{"@type":"ReadAction","target":["https:\/\/dev.awero.ee\/lv\/toode\/kubls-hexagon-180-ar-arejo-krasninu\/"]}]},{"@type":"ImageObject","inLanguage":"lv-LV","@id":"https:\/\/dev.awero.ee\/lv\/toode\/kubls-hexagon-180-ar-arejo-krasninu\/#primaryimage","url":"https:\/\/dev.awero.ee\/wp-content\/uploads\/2025\/02\/HEXAGON.jpg","contentUrl":"https:\/\/dev.awero.ee\/wp-content\/uploads\/2025\/02\/HEXAGON.jpg","width":2500,"height":1667},{"@type":"BreadcrumbList","@id":"https:\/\/dev.awero.ee\/lv\/toode\/kubls-hexagon-180-ar-arejo-krasninu\/#breadcrumb","itemListElement":[{"@type":"ListItem","position":1,"name":"Home","item":"https:\/\/dev.awero.ee\/lv\/sakums\/"},{"@type":"ListItem","position":2,"name":"Veikals","item":"https:\/\/dev.awero.ee\/lv\/veikals\/"},{"@type":"ListItem","position":3,"name":"Kubls Hexagon 180 ar \u0101r\u0113jo kr\u0101sni\u0146u"}]},{"@type":"WebSite","@id":"https:\/\/dev.awero.ee\/lv\/#website","url":"https:\/\/dev.awero.ee\/lv\/","name":"Awero - S\u00fcdamega L\u00f5una Eestist","description":"","publisher":{"@id":"https:\/\/dev.awero.ee\/lv\/#organization"},"potentialAction":[{"@type":"SearchAction","target":{"@type":"EntryPoint","urlTemplate":"https:\/\/dev.awero.ee\/lv\/?s={search_term_string}"},"query-input":{"@type":"PropertyValueSpecification","valueRequired":true,"valueName":"search_term_string"}}],"inLanguage":"lv-LV"},{"@type":"Organization","@id":"https:\/\/dev.awero.ee\/lv\/#organization","name":"Awero - S\u00fcdamega L\u00f5una Eestist","url":"https:\/\/dev.awero.ee\/lv\/","logo":{"@type":"ImageObject","inLanguage":"lv-LV","@id":"https:\/\/dev.awero.ee\/lv\/#\/schema\/logo\/image\/","url":"https:\/\/dev.awero.ee\/wp-content\/uploads\/2024\/07\/aweroplaceholder.jpg","contentUrl":"https:\/\/dev.awero.ee\/wp-content\/uploads\/2024\/07\/aweroplaceholder.jpg","width":1250,"height":834,"caption":"Awero - S\u00fcdamega L\u00f5una Eestist"},"image":{"@id":"https:\/\/dev.awero.ee\/lv\/#\/schema\/logo\/image\/"}}]}},"_links":{"self":[{"href":"https:\/\/dev.awero.ee\/lv\/wp-json\/wp\/v2\/product\/11765","targetHints":{"allow":["GET"]}}],"collection":[{"href":"https:\/\/dev.awero.ee\/lv\/wp-json\/wp\/v2\/product"}],"about":[{"href":"https:\/\/dev.awero.ee\/lv\/wp-json\/wp\/v2\/types\/product"}],"wp:featuredmedia":[{"embeddable":true,"href":"https:\/\/dev.awero.ee\/lv\/wp-json\/wp\/v2\/media\/11770"}],"wp:attachment":[{"href":"https:\/\/dev.awero.ee\/lv\/wp-json\/wp\/v2\/media?parent=11765"}],"wp:term":[{"taxonomy":"product_brand","embeddable":true,"href":"https:\/\/dev.awero.ee\/lv\/wp-json\/wp\/v2\/product_brand?post=11765"},{"taxonomy":"product_cat","embeddable":true,"href":"https:\/\/dev.awero.ee\/lv\/wp-json\/wp\/v2\/product_cat?post=11765"},{"taxonomy":"product_tag","embeddable":true,"href":"https:\/\/dev.awero.ee\/lv\/wp-json\/wp\/v2\/product_tag?post=11765"}],"curies":[{"name":"wp","href":"https:\/\/api.w.org\/{rel}","templated":true}]}}