{"id":12034,"date":"2025-02-19T12:35:47","date_gmt":"2025-02-19T12:35:47","guid":{"rendered":"https:\/\/dev.awero.ee\/toode\/kubls-160-ar-arejo-krasninu\/"},"modified":"2026-03-10T07:59:09","modified_gmt":"2026-03-10T07:59:09","slug":"kubls-160-ar-arejo-krasninu","status":"publish","type":"product","link":"https:\/\/dev.awero.ee\/lv\/toode\/kubls-160-ar-arejo-krasninu\/","title":{"rendered":"Kubls 160 ar \u0101r\u0113jo kr\u0101sni\u0146u"},"content":{"rendered":"<div class=\"container single-product-description-text\">\n<p><strong>Komplekt\u0101cij\u0101:<\/strong><\/p>\n<ul>\n<li>integr\u0113ta ner\u016bs\u0113jo\u0161\u0101 t\u0113rauda kr\u0101sni\u0146a (30 kW)<\/li>\n<li>2 m d\u016bmvads ar aizsargre\u017e\u0123i un d\u016bmvada v\u0101ci\u0146u<\/li>\n<li>termokoka \u0101r\u0113jais apvalks (apstr\u0101d\u0101ts ar koksnes aizsargl\u012bdzekli)<\/li>\n<li>divda\u013c\u012bgs apa\u013c\u0161 pak\u0101piens<\/li>\n<li><strong>stikla \u0161\u0137iedras<\/strong> \u010daula (kr\u0101su iesp\u0113jas: pel\u0113ka, balta, zila).<\/li>\n<\/ul>\n<p>Kubla komplekt\u0101cijai iesp\u0113jams pievienot da\u017e\u0101du <a href=\"https:\/\/dev.awero.ee\/tootekategooria\/lisavarustus\/\">papildu apr\u012bkojumu<\/a>: LED apgaismojumu (RGB), burbu\u013cu sist\u0113mu, digit\u0101lo \u016bdens termometru, gl\u0101\u017eu tur\u0113t\u0101ju, filtru sist\u0113mu, stikla \u0161\u0137iedras v\u0101ku, izol\u0113tu termov\u0101ku, PVC p\u0101rsegu un betona pamatni.<\/p>\n<\/div>\n","protected":false},"excerpt":{"rendered":"<p>: Kublu par \u012bpa\u0161u padara t\u0101 viegli kopjam\u0101 stikla \u0161\u0137iedras \u010daula, luksusa l\u012bme\u0146a termiski apstr\u0101d\u0101t\u0101 koka apdare un no kvalitat\u012bva ner\u016bs\u0113jo\u0161\u0101 t\u0113rauda izgatavot\u0101 \u0101r\u0113j\u0101 kr\u0101sni\u0146a. Kubl\u0101 eso\u0161\u0101 \u016bdens uzsild\u012b\u0161ana prasa maz\u0101k laika un malkas, t\u0101p\u0113c baud\u012bt kubla sniegto harmoniju un pat\u012bkamos mirk\u013cus var\u0113siet s\u0101kt \u0101tr\u0101k.<\/p>\n","protected":false},"featured_media":12035,"template":"","meta":{"_acf_changed":false},"product_brand":[],"product_cat":[1620,1626],"product_tag":[],"class_list":{"0":"post-12034","1":"product","2":"type-product","3":"status-publish","4":"has-post-thumbnail","6":"product_cat-kubli","7":"product_cat-ar-arejo-krasninu","9":"first","10":"instock","11":"sale","12":"shipping-taxable","13":"product-type-variable"},"acf":[],"yoast_head":"<!-- This site is optimized with the Yoast SEO plugin v26.8 - https:\/\/yoast.com\/product\/yoast-seo-wordpress\/ -->\n<title>Kubls 160 ar \u0101r\u0113jo kr\u0101sni\u0146u - Awero - S\u00fcdamega L\u00f5una-Eestist<\/title>\n<meta name=\"robots\" content=\"noindex, follow, max-snippet:-1, max-image-preview:large, max-video-preview:-1\" \/>\n<meta property=\"og:locale\" content=\"lv_LV\" \/>\n<meta property=\"og:type\" content=\"article\" \/>\n<meta property=\"og:title\" content=\"Kubls 160 ar \u0101r\u0113jo kr\u0101sni\u0146u - Awero - S\u00fcdamega L\u00f5una-Eestist\" \/>\n<meta property=\"og:description\" content=\": Kublu par \u012bpa\u0161u padara t\u0101 viegli kopjam\u0101 stikla \u0161\u0137iedras \u010daula, luksusa l\u012bme\u0146a termiski apstr\u0101d\u0101t\u0101 koka apdare un no kvalitat\u012bva ner\u016bs\u0113jo\u0161\u0101 t\u0113rauda izgatavot\u0101 \u0101r\u0113j\u0101 kr\u0101sni\u0146a. Kubl\u0101 eso\u0161\u0101 \u016bdens uzsild\u012b\u0161ana prasa maz\u0101k laika un malkas, t\u0101p\u0113c baud\u012bt kubla sniegto harmoniju un pat\u012bkamos mirk\u013cus var\u0113siet s\u0101kt \u0101tr\u0101k.\" \/>\n<meta property=\"og:url\" content=\"https:\/\/dev.awero.ee\/lv\/toode\/kubls-160-ar-arejo-krasninu\/\" \/>\n<meta property=\"og:site_name\" content=\"Awero - S\u00fcdamega L\u00f5una-Eestist\" \/>\n<meta property=\"article:modified_time\" content=\"2026-03-10T07:59:09+00:00\" \/>\n<meta property=\"og:image\" content=\"https:\/\/dev.awero.ee\/wp-content\/uploads\/2025\/02\/Hottube-D160-valisahjuga.jpg\" \/>\n\t<meta property=\"og:image:width\" content=\"2500\" \/>\n\t<meta property=\"og:image:height\" content=\"1667\" \/>\n\t<meta property=\"og:image:type\" content=\"image\/jpeg\" \/>\n<meta name=\"twitter:card\" content=\"summary_large_image\" \/>\n<meta name=\"twitter:label1\" content=\"Est. reading time\" \/>\n\t<meta name=\"twitter:data1\" content=\"1 minute\" \/>\n<script type=\"application\/ld+json\" class=\"yoast-schema-graph\">{\"@context\":\"https:\/\/schema.org\",\"@graph\":[{\"@type\":\"WebPage\",\"@id\":\"https:\/\/dev.awero.ee\/lv\/toode\/kubls-160-ar-arejo-krasninu\/\",\"url\":\"https:\/\/dev.awero.ee\/lv\/toode\/kubls-160-ar-arejo-krasninu\/\",\"name\":\"Kubls 160 ar \u0101r\u0113jo kr\u0101sni\u0146u - Awero - S\u00fcdamega L\u00f5una-Eestist\",\"isPartOf\":{\"@id\":\"https:\/\/dev.awero.ee\/lv\/#website\"},\"primaryImageOfPage\":{\"@id\":\"https:\/\/dev.awero.ee\/lv\/toode\/kubls-160-ar-arejo-krasninu\/#primaryimage\"},\"image\":{\"@id\":\"https:\/\/dev.awero.ee\/lv\/toode\/kubls-160-ar-arejo-krasninu\/#primaryimage\"},\"thumbnailUrl\":\"https:\/\/dev.awero.ee\/wp-content\/uploads\/2025\/02\/Hottube-D160-valisahjuga.jpg\",\"datePublished\":\"2025-02-19T12:35:47+00:00\",\"dateModified\":\"2026-03-10T07:59:09+00:00\",\"breadcrumb\":{\"@id\":\"https:\/\/dev.awero.ee\/lv\/toode\/kubls-160-ar-arejo-krasninu\/#breadcrumb\"},\"inLanguage\":\"lv-LV\",\"potentialAction\":[{\"@type\":\"ReadAction\",\"target\":[\"https:\/\/dev.awero.ee\/lv\/toode\/kubls-160-ar-arejo-krasninu\/\"]}]},{\"@type\":\"ImageObject\",\"inLanguage\":\"lv-LV\",\"@id\":\"https:\/\/dev.awero.ee\/lv\/toode\/kubls-160-ar-arejo-krasninu\/#primaryimage\",\"url\":\"https:\/\/dev.awero.ee\/wp-content\/uploads\/2025\/02\/Hottube-D160-valisahjuga.jpg\",\"contentUrl\":\"https:\/\/dev.awero.ee\/wp-content\/uploads\/2025\/02\/Hottube-D160-valisahjuga.jpg\",\"width\":2500,\"height\":1667},{\"@type\":\"BreadcrumbList\",\"@id\":\"https:\/\/dev.awero.ee\/lv\/toode\/kubls-160-ar-arejo-krasninu\/#breadcrumb\",\"itemListElement\":[{\"@type\":\"ListItem\",\"position\":1,\"name\":\"Home\",\"item\":\"https:\/\/dev.awero.ee\/lv\/sakums\/\"},{\"@type\":\"ListItem\",\"position\":2,\"name\":\"Veikals\",\"item\":\"https:\/\/dev.awero.ee\/lv\/veikals\/\"},{\"@type\":\"ListItem\",\"position\":3,\"name\":\"Kubls 160 ar \u0101r\u0113jo kr\u0101sni\u0146u\"}]},{\"@type\":\"WebSite\",\"@id\":\"https:\/\/dev.awero.ee\/lv\/#website\",\"url\":\"https:\/\/dev.awero.ee\/lv\/\",\"name\":\"Awero - S\u00fcdamega L\u00f5una Eestist\",\"description\":\"\",\"publisher\":{\"@id\":\"https:\/\/dev.awero.ee\/lv\/#organization\"},\"potentialAction\":[{\"@type\":\"SearchAction\",\"target\":{\"@type\":\"EntryPoint\",\"urlTemplate\":\"https:\/\/dev.awero.ee\/lv\/?s={search_term_string}\"},\"query-input\":{\"@type\":\"PropertyValueSpecification\",\"valueRequired\":true,\"valueName\":\"search_term_string\"}}],\"inLanguage\":\"lv-LV\"},{\"@type\":\"Organization\",\"@id\":\"https:\/\/dev.awero.ee\/lv\/#organization\",\"name\":\"Awero - S\u00fcdamega L\u00f5una Eestist\",\"url\":\"https:\/\/dev.awero.ee\/lv\/\",\"logo\":{\"@type\":\"ImageObject\",\"inLanguage\":\"lv-LV\",\"@id\":\"https:\/\/dev.awero.ee\/lv\/#\/schema\/logo\/image\/\",\"url\":\"https:\/\/dev.awero.ee\/wp-content\/uploads\/2024\/07\/aweroplaceholder.jpg\",\"contentUrl\":\"https:\/\/dev.awero.ee\/wp-content\/uploads\/2024\/07\/aweroplaceholder.jpg\",\"width\":1250,\"height\":834,\"caption\":\"Awero - S\u00fcdamega L\u00f5una Eestist\"},\"image\":{\"@id\":\"https:\/\/dev.awero.ee\/lv\/#\/schema\/logo\/image\/\"}}]}<\/script>\n<!-- \/ Yoast SEO plugin. -->","yoast_head_json":{"title":"Kubls 160 ar \u0101r\u0113jo kr\u0101sni\u0146u - Awero - S\u00fcdamega L\u00f5una-Eestist","robots":{"index":"noindex","follow":"follow","max-snippet":"max-snippet:-1","max-image-preview":"max-image-preview:large","max-video-preview":"max-video-preview:-1"},"og_locale":"lv_LV","og_type":"article","og_title":"Kubls 160 ar \u0101r\u0113jo kr\u0101sni\u0146u - Awero - S\u00fcdamega L\u00f5una-Eestist","og_description":": Kublu par \u012bpa\u0161u padara t\u0101 viegli kopjam\u0101 stikla \u0161\u0137iedras \u010daula, luksusa l\u012bme\u0146a termiski apstr\u0101d\u0101t\u0101 koka apdare un no kvalitat\u012bva ner\u016bs\u0113jo\u0161\u0101 t\u0113rauda izgatavot\u0101 \u0101r\u0113j\u0101 kr\u0101sni\u0146a. Kubl\u0101 eso\u0161\u0101 \u016bdens uzsild\u012b\u0161ana prasa maz\u0101k laika un malkas, t\u0101p\u0113c baud\u012bt kubla sniegto harmoniju un pat\u012bkamos mirk\u013cus var\u0113siet s\u0101kt \u0101tr\u0101k.","og_url":"https:\/\/dev.awero.ee\/lv\/toode\/kubls-160-ar-arejo-krasninu\/","og_site_name":"Awero - S\u00fcdamega L\u00f5una-Eestist","article_modified_time":"2026-03-10T07:59:09+00:00","og_image":[{"width":2500,"height":1667,"url":"https:\/\/dev.awero.ee\/wp-content\/uploads\/2025\/02\/Hottube-D160-valisahjuga.jpg","type":"image\/jpeg"}],"twitter_card":"summary_large_image","twitter_misc":{"Est. reading time":"1 minute"},"schema":{"@context":"https:\/\/schema.org","@graph":[{"@type":"WebPage","@id":"https:\/\/dev.awero.ee\/lv\/toode\/kubls-160-ar-arejo-krasninu\/","url":"https:\/\/dev.awero.ee\/lv\/toode\/kubls-160-ar-arejo-krasninu\/","name":"Kubls 160 ar \u0101r\u0113jo kr\u0101sni\u0146u - Awero - S\u00fcdamega L\u00f5una-Eestist","isPartOf":{"@id":"https:\/\/dev.awero.ee\/lv\/#website"},"primaryImageOfPage":{"@id":"https:\/\/dev.awero.ee\/lv\/toode\/kubls-160-ar-arejo-krasninu\/#primaryimage"},"image":{"@id":"https:\/\/dev.awero.ee\/lv\/toode\/kubls-160-ar-arejo-krasninu\/#primaryimage"},"thumbnailUrl":"https:\/\/dev.awero.ee\/wp-content\/uploads\/2025\/02\/Hottube-D160-valisahjuga.jpg","datePublished":"2025-02-19T12:35:47+00:00","dateModified":"2026-03-10T07:59:09+00:00","breadcrumb":{"@id":"https:\/\/dev.awero.ee\/lv\/toode\/kubls-160-ar-arejo-krasninu\/#breadcrumb"},"inLanguage":"lv-LV","potentialAction":[{"@type":"ReadAction","target":["https:\/\/dev.awero.ee\/lv\/toode\/kubls-160-ar-arejo-krasninu\/"]}]},{"@type":"ImageObject","inLanguage":"lv-LV","@id":"https:\/\/dev.awero.ee\/lv\/toode\/kubls-160-ar-arejo-krasninu\/#primaryimage","url":"https:\/\/dev.awero.ee\/wp-content\/uploads\/2025\/02\/Hottube-D160-valisahjuga.jpg","contentUrl":"https:\/\/dev.awero.ee\/wp-content\/uploads\/2025\/02\/Hottube-D160-valisahjuga.jpg","width":2500,"height":1667},{"@type":"BreadcrumbList","@id":"https:\/\/dev.awero.ee\/lv\/toode\/kubls-160-ar-arejo-krasninu\/#breadcrumb","itemListElement":[{"@type":"ListItem","position":1,"name":"Home","item":"https:\/\/dev.awero.ee\/lv\/sakums\/"},{"@type":"ListItem","position":2,"name":"Veikals","item":"https:\/\/dev.awero.ee\/lv\/veikals\/"},{"@type":"ListItem","position":3,"name":"Kubls 160 ar \u0101r\u0113jo kr\u0101sni\u0146u"}]},{"@type":"WebSite","@id":"https:\/\/dev.awero.ee\/lv\/#website","url":"https:\/\/dev.awero.ee\/lv\/","name":"Awero - S\u00fcdamega L\u00f5una Eestist","description":"","publisher":{"@id":"https:\/\/dev.awero.ee\/lv\/#organization"},"potentialAction":[{"@type":"SearchAction","target":{"@type":"EntryPoint","urlTemplate":"https:\/\/dev.awero.ee\/lv\/?s={search_term_string}"},"query-input":{"@type":"PropertyValueSpecification","valueRequired":true,"valueName":"search_term_string"}}],"inLanguage":"lv-LV"},{"@type":"Organization","@id":"https:\/\/dev.awero.ee\/lv\/#organization","name":"Awero - S\u00fcdamega L\u00f5una Eestist","url":"https:\/\/dev.awero.ee\/lv\/","logo":{"@type":"ImageObject","inLanguage":"lv-LV","@id":"https:\/\/dev.awero.ee\/lv\/#\/schema\/logo\/image\/","url":"https:\/\/dev.awero.ee\/wp-content\/uploads\/2024\/07\/aweroplaceholder.jpg","contentUrl":"https:\/\/dev.awero.ee\/wp-content\/uploads\/2024\/07\/aweroplaceholder.jpg","width":1250,"height":834,"caption":"Awero - S\u00fcdamega L\u00f5una Eestist"},"image":{"@id":"https:\/\/dev.awero.ee\/lv\/#\/schema\/logo\/image\/"}}]}},"_links":{"self":[{"href":"https:\/\/dev.awero.ee\/lv\/wp-json\/wp\/v2\/product\/12034","targetHints":{"allow":["GET"]}}],"collection":[{"href":"https:\/\/dev.awero.ee\/lv\/wp-json\/wp\/v2\/product"}],"about":[{"href":"https:\/\/dev.awero.ee\/lv\/wp-json\/wp\/v2\/types\/product"}],"wp:featuredmedia":[{"embeddable":true,"href":"https:\/\/dev.awero.ee\/lv\/wp-json\/wp\/v2\/media\/12035"}],"wp:attachment":[{"href":"https:\/\/dev.awero.ee\/lv\/wp-json\/wp\/v2\/media?parent=12034"}],"wp:term":[{"taxonomy":"product_brand","embeddable":true,"href":"https:\/\/dev.awero.ee\/lv\/wp-json\/wp\/v2\/product_brand?post=12034"},{"taxonomy":"product_cat","embeddable":true,"href":"https:\/\/dev.awero.ee\/lv\/wp-json\/wp\/v2\/product_cat?post=12034"},{"taxonomy":"product_tag","embeddable":true,"href":"https:\/\/dev.awero.ee\/lv\/wp-json\/wp\/v2\/product_tag?post=12034"}],"curies":[{"name":"wp","href":"https:\/\/api.w.org\/{rel}","templated":true}]}}