{"id":12070,"date":"2025-03-09T06:34:11","date_gmt":"2025-03-09T06:34:11","guid":{"rendered":"https:\/\/dev.awero.ee\/toode\/kubls-208-ar-ieksejo-krasninu\/"},"modified":"2026-03-10T07:59:06","modified_gmt":"2026-03-10T07:59:06","slug":"kubls-208-ar-ieksejo-krasninu","status":"publish","type":"product","link":"https:\/\/dev.awero.ee\/lv\/toode\/kubls-208-ar-ieksejo-krasninu\/","title":{"rendered":"Kubls 208 ar iek\u0161\u0113jo kr\u0101sni\u0146u"},"content":{"rendered":"","protected":false},"excerpt":{"rendered":"<p>Kvalitat\u012bvs kubls 208 cm diametr\u0101 ar iek\u0161\u0113jo kr\u0101sni\u0146u, ide\u0101li piem\u0113rots liel\u0101kai komp\u0101nijai. \u0100r\u0113j\u0101 da\u013ca izgatavota no iztur\u012bga un laikapst\u0101k\u013ciem notur\u012bga termokoka. \u010caula izgatavota no viegli kopjamas stikla \u0161\u0137iedras, kas nodro\u0161ina \u0113rtu lieto\u0161anu un ilgu kalpo\u0161anas laiku. \u016adens sild\u012b\u0161anai ir uzst\u0101d\u012bta efekt\u012bva ner\u016bs\u0113jo\u0161\u0101 t\u0113rauda iek\u0161\u0113j\u0101 kr\u0101sni\u0146a, kas nodro\u0161ina \u0101tru un vienm\u0113r\u012bgu \u016bdens uzsil\u0161anu. Komplekt\u0101cij\u0101 ar\u012b apa\u013cas termokoka k\u0101pnes ar diviem pak\u0101pieniem. Ide\u0101la izv\u0113le atp\u016btai visa gada garum\u0101.<\/p>\n","protected":false},"featured_media":12072,"template":"","meta":{"_acf_changed":false},"product_brand":[],"product_cat":[1620,1625],"product_tag":[],"class_list":{"0":"post-12070","1":"product","2":"type-product","3":"status-publish","4":"has-post-thumbnail","6":"product_cat-kubli","7":"product_cat-ar-ieksejo-krasninu","9":"first","10":"instock","11":"sale","12":"shipping-taxable","13":"product-type-variable"},"acf":[],"yoast_head":"<!-- This site is optimized with the Yoast SEO plugin v26.8 - https:\/\/yoast.com\/product\/yoast-seo-wordpress\/ -->\n<title>Kubls 208 ar iek\u0161\u0113jo kr\u0101sni\u0146u - Awero - S\u00fcdamega L\u00f5una-Eestist<\/title>\n<meta name=\"robots\" content=\"noindex, follow, max-snippet:-1, max-image-preview:large, max-video-preview:-1\" \/>\n<meta property=\"og:locale\" content=\"lv_LV\" \/>\n<meta property=\"og:type\" content=\"article\" \/>\n<meta property=\"og:title\" content=\"Kubls 208 ar iek\u0161\u0113jo kr\u0101sni\u0146u - Awero - S\u00fcdamega L\u00f5una-Eestist\" \/>\n<meta property=\"og:description\" content=\"Kvalitat\u012bvs kubls 208 cm diametr\u0101 ar iek\u0161\u0113jo kr\u0101sni\u0146u, ide\u0101li piem\u0113rots liel\u0101kai komp\u0101nijai. \u0100r\u0113j\u0101 da\u013ca izgatavota no iztur\u012bga un laikapst\u0101k\u013ciem notur\u012bga termokoka. \u010caula izgatavota no viegli kopjamas stikla \u0161\u0137iedras, kas nodro\u0161ina \u0113rtu lieto\u0161anu un ilgu kalpo\u0161anas laiku. \u016adens sild\u012b\u0161anai ir uzst\u0101d\u012bta efekt\u012bva ner\u016bs\u0113jo\u0161\u0101 t\u0113rauda iek\u0161\u0113j\u0101 kr\u0101sni\u0146a, kas nodro\u0161ina \u0101tru un vienm\u0113r\u012bgu \u016bdens uzsil\u0161anu. Komplekt\u0101cij\u0101 ar\u012b apa\u013cas termokoka k\u0101pnes ar diviem pak\u0101pieniem. Ide\u0101la izv\u0113le atp\u016btai visa gada garum\u0101.\" \/>\n<meta property=\"og:url\" content=\"https:\/\/dev.awero.ee\/lv\/toode\/kubls-208-ar-ieksejo-krasninu\/\" \/>\n<meta property=\"og:site_name\" content=\"Awero - S\u00fcdamega L\u00f5una-Eestist\" \/>\n<meta property=\"article:modified_time\" content=\"2026-03-10T07:59:06+00:00\" \/>\n<meta property=\"og:image\" content=\"https:\/\/dev.awero.ee\/wp-content\/uploads\/2025\/03\/Hottube-D208-siseahjuga.jpg\" \/>\n\t<meta property=\"og:image:width\" content=\"2500\" \/>\n\t<meta property=\"og:image:height\" content=\"1667\" \/>\n\t<meta property=\"og:image:type\" content=\"image\/jpeg\" \/>\n<meta name=\"twitter:card\" content=\"summary_large_image\" \/>\n<meta name=\"twitter:label1\" content=\"Est. reading time\" \/>\n\t<meta name=\"twitter:data1\" content=\"1 minute\" \/>\n<script type=\"application\/ld+json\" class=\"yoast-schema-graph\">{\"@context\":\"https:\/\/schema.org\",\"@graph\":[{\"@type\":\"WebPage\",\"@id\":\"https:\/\/dev.awero.ee\/lv\/toode\/kubls-208-ar-ieksejo-krasninu\/\",\"url\":\"https:\/\/dev.awero.ee\/lv\/toode\/kubls-208-ar-ieksejo-krasninu\/\",\"name\":\"Kubls 208 ar iek\u0161\u0113jo kr\u0101sni\u0146u - Awero - S\u00fcdamega L\u00f5una-Eestist\",\"isPartOf\":{\"@id\":\"https:\/\/dev.awero.ee\/lv\/#website\"},\"primaryImageOfPage\":{\"@id\":\"https:\/\/dev.awero.ee\/lv\/toode\/kubls-208-ar-ieksejo-krasninu\/#primaryimage\"},\"image\":{\"@id\":\"https:\/\/dev.awero.ee\/lv\/toode\/kubls-208-ar-ieksejo-krasninu\/#primaryimage\"},\"thumbnailUrl\":\"https:\/\/dev.awero.ee\/wp-content\/uploads\/2025\/03\/Hottube-D208-siseahjuga.jpg\",\"datePublished\":\"2025-03-09T06:34:11+00:00\",\"dateModified\":\"2026-03-10T07:59:06+00:00\",\"breadcrumb\":{\"@id\":\"https:\/\/dev.awero.ee\/lv\/toode\/kubls-208-ar-ieksejo-krasninu\/#breadcrumb\"},\"inLanguage\":\"lv-LV\",\"potentialAction\":[{\"@type\":\"ReadAction\",\"target\":[\"https:\/\/dev.awero.ee\/lv\/toode\/kubls-208-ar-ieksejo-krasninu\/\"]}]},{\"@type\":\"ImageObject\",\"inLanguage\":\"lv-LV\",\"@id\":\"https:\/\/dev.awero.ee\/lv\/toode\/kubls-208-ar-ieksejo-krasninu\/#primaryimage\",\"url\":\"https:\/\/dev.awero.ee\/wp-content\/uploads\/2025\/03\/Hottube-D208-siseahjuga.jpg\",\"contentUrl\":\"https:\/\/dev.awero.ee\/wp-content\/uploads\/2025\/03\/Hottube-D208-siseahjuga.jpg\",\"width\":2500,\"height\":1667},{\"@type\":\"BreadcrumbList\",\"@id\":\"https:\/\/dev.awero.ee\/lv\/toode\/kubls-208-ar-ieksejo-krasninu\/#breadcrumb\",\"itemListElement\":[{\"@type\":\"ListItem\",\"position\":1,\"name\":\"Home\",\"item\":\"https:\/\/dev.awero.ee\/lv\/sakums\/\"},{\"@type\":\"ListItem\",\"position\":2,\"name\":\"Veikals\",\"item\":\"https:\/\/dev.awero.ee\/lv\/veikals\/\"},{\"@type\":\"ListItem\",\"position\":3,\"name\":\"Kubls 208 ar iek\u0161\u0113jo kr\u0101sni\u0146u\"}]},{\"@type\":\"WebSite\",\"@id\":\"https:\/\/dev.awero.ee\/lv\/#website\",\"url\":\"https:\/\/dev.awero.ee\/lv\/\",\"name\":\"Awero - S\u00fcdamega L\u00f5una Eestist\",\"description\":\"\",\"publisher\":{\"@id\":\"https:\/\/dev.awero.ee\/lv\/#organization\"},\"potentialAction\":[{\"@type\":\"SearchAction\",\"target\":{\"@type\":\"EntryPoint\",\"urlTemplate\":\"https:\/\/dev.awero.ee\/lv\/?s={search_term_string}\"},\"query-input\":{\"@type\":\"PropertyValueSpecification\",\"valueRequired\":true,\"valueName\":\"search_term_string\"}}],\"inLanguage\":\"lv-LV\"},{\"@type\":\"Organization\",\"@id\":\"https:\/\/dev.awero.ee\/lv\/#organization\",\"name\":\"Awero - S\u00fcdamega L\u00f5una Eestist\",\"url\":\"https:\/\/dev.awero.ee\/lv\/\",\"logo\":{\"@type\":\"ImageObject\",\"inLanguage\":\"lv-LV\",\"@id\":\"https:\/\/dev.awero.ee\/lv\/#\/schema\/logo\/image\/\",\"url\":\"https:\/\/dev.awero.ee\/wp-content\/uploads\/2024\/07\/aweroplaceholder.jpg\",\"contentUrl\":\"https:\/\/dev.awero.ee\/wp-content\/uploads\/2024\/07\/aweroplaceholder.jpg\",\"width\":1250,\"height\":834,\"caption\":\"Awero - S\u00fcdamega L\u00f5una Eestist\"},\"image\":{\"@id\":\"https:\/\/dev.awero.ee\/lv\/#\/schema\/logo\/image\/\"}}]}<\/script>\n<!-- \/ Yoast SEO plugin. -->","yoast_head_json":{"title":"Kubls 208 ar iek\u0161\u0113jo kr\u0101sni\u0146u - Awero - S\u00fcdamega L\u00f5una-Eestist","robots":{"index":"noindex","follow":"follow","max-snippet":"max-snippet:-1","max-image-preview":"max-image-preview:large","max-video-preview":"max-video-preview:-1"},"og_locale":"lv_LV","og_type":"article","og_title":"Kubls 208 ar iek\u0161\u0113jo kr\u0101sni\u0146u - Awero - S\u00fcdamega L\u00f5una-Eestist","og_description":"Kvalitat\u012bvs kubls 208 cm diametr\u0101 ar iek\u0161\u0113jo kr\u0101sni\u0146u, ide\u0101li piem\u0113rots liel\u0101kai komp\u0101nijai. \u0100r\u0113j\u0101 da\u013ca izgatavota no iztur\u012bga un laikapst\u0101k\u013ciem notur\u012bga termokoka. \u010caula izgatavota no viegli kopjamas stikla \u0161\u0137iedras, kas nodro\u0161ina \u0113rtu lieto\u0161anu un ilgu kalpo\u0161anas laiku. \u016adens sild\u012b\u0161anai ir uzst\u0101d\u012bta efekt\u012bva ner\u016bs\u0113jo\u0161\u0101 t\u0113rauda iek\u0161\u0113j\u0101 kr\u0101sni\u0146a, kas nodro\u0161ina \u0101tru un vienm\u0113r\u012bgu \u016bdens uzsil\u0161anu. Komplekt\u0101cij\u0101 ar\u012b apa\u013cas termokoka k\u0101pnes ar diviem pak\u0101pieniem. Ide\u0101la izv\u0113le atp\u016btai visa gada garum\u0101.","og_url":"https:\/\/dev.awero.ee\/lv\/toode\/kubls-208-ar-ieksejo-krasninu\/","og_site_name":"Awero - S\u00fcdamega L\u00f5una-Eestist","article_modified_time":"2026-03-10T07:59:06+00:00","og_image":[{"width":2500,"height":1667,"url":"https:\/\/dev.awero.ee\/wp-content\/uploads\/2025\/03\/Hottube-D208-siseahjuga.jpg","type":"image\/jpeg"}],"twitter_card":"summary_large_image","twitter_misc":{"Est. reading time":"1 minute"},"schema":{"@context":"https:\/\/schema.org","@graph":[{"@type":"WebPage","@id":"https:\/\/dev.awero.ee\/lv\/toode\/kubls-208-ar-ieksejo-krasninu\/","url":"https:\/\/dev.awero.ee\/lv\/toode\/kubls-208-ar-ieksejo-krasninu\/","name":"Kubls 208 ar iek\u0161\u0113jo kr\u0101sni\u0146u - Awero - S\u00fcdamega L\u00f5una-Eestist","isPartOf":{"@id":"https:\/\/dev.awero.ee\/lv\/#website"},"primaryImageOfPage":{"@id":"https:\/\/dev.awero.ee\/lv\/toode\/kubls-208-ar-ieksejo-krasninu\/#primaryimage"},"image":{"@id":"https:\/\/dev.awero.ee\/lv\/toode\/kubls-208-ar-ieksejo-krasninu\/#primaryimage"},"thumbnailUrl":"https:\/\/dev.awero.ee\/wp-content\/uploads\/2025\/03\/Hottube-D208-siseahjuga.jpg","datePublished":"2025-03-09T06:34:11+00:00","dateModified":"2026-03-10T07:59:06+00:00","breadcrumb":{"@id":"https:\/\/dev.awero.ee\/lv\/toode\/kubls-208-ar-ieksejo-krasninu\/#breadcrumb"},"inLanguage":"lv-LV","potentialAction":[{"@type":"ReadAction","target":["https:\/\/dev.awero.ee\/lv\/toode\/kubls-208-ar-ieksejo-krasninu\/"]}]},{"@type":"ImageObject","inLanguage":"lv-LV","@id":"https:\/\/dev.awero.ee\/lv\/toode\/kubls-208-ar-ieksejo-krasninu\/#primaryimage","url":"https:\/\/dev.awero.ee\/wp-content\/uploads\/2025\/03\/Hottube-D208-siseahjuga.jpg","contentUrl":"https:\/\/dev.awero.ee\/wp-content\/uploads\/2025\/03\/Hottube-D208-siseahjuga.jpg","width":2500,"height":1667},{"@type":"BreadcrumbList","@id":"https:\/\/dev.awero.ee\/lv\/toode\/kubls-208-ar-ieksejo-krasninu\/#breadcrumb","itemListElement":[{"@type":"ListItem","position":1,"name":"Home","item":"https:\/\/dev.awero.ee\/lv\/sakums\/"},{"@type":"ListItem","position":2,"name":"Veikals","item":"https:\/\/dev.awero.ee\/lv\/veikals\/"},{"@type":"ListItem","position":3,"name":"Kubls 208 ar iek\u0161\u0113jo kr\u0101sni\u0146u"}]},{"@type":"WebSite","@id":"https:\/\/dev.awero.ee\/lv\/#website","url":"https:\/\/dev.awero.ee\/lv\/","name":"Awero - S\u00fcdamega L\u00f5una Eestist","description":"","publisher":{"@id":"https:\/\/dev.awero.ee\/lv\/#organization"},"potentialAction":[{"@type":"SearchAction","target":{"@type":"EntryPoint","urlTemplate":"https:\/\/dev.awero.ee\/lv\/?s={search_term_string}"},"query-input":{"@type":"PropertyValueSpecification","valueRequired":true,"valueName":"search_term_string"}}],"inLanguage":"lv-LV"},{"@type":"Organization","@id":"https:\/\/dev.awero.ee\/lv\/#organization","name":"Awero - S\u00fcdamega L\u00f5una Eestist","url":"https:\/\/dev.awero.ee\/lv\/","logo":{"@type":"ImageObject","inLanguage":"lv-LV","@id":"https:\/\/dev.awero.ee\/lv\/#\/schema\/logo\/image\/","url":"https:\/\/dev.awero.ee\/wp-content\/uploads\/2024\/07\/aweroplaceholder.jpg","contentUrl":"https:\/\/dev.awero.ee\/wp-content\/uploads\/2024\/07\/aweroplaceholder.jpg","width":1250,"height":834,"caption":"Awero - S\u00fcdamega L\u00f5una Eestist"},"image":{"@id":"https:\/\/dev.awero.ee\/lv\/#\/schema\/logo\/image\/"}}]}},"_links":{"self":[{"href":"https:\/\/dev.awero.ee\/lv\/wp-json\/wp\/v2\/product\/12070","targetHints":{"allow":["GET"]}}],"collection":[{"href":"https:\/\/dev.awero.ee\/lv\/wp-json\/wp\/v2\/product"}],"about":[{"href":"https:\/\/dev.awero.ee\/lv\/wp-json\/wp\/v2\/types\/product"}],"wp:featuredmedia":[{"embeddable":true,"href":"https:\/\/dev.awero.ee\/lv\/wp-json\/wp\/v2\/media\/12072"}],"wp:attachment":[{"href":"https:\/\/dev.awero.ee\/lv\/wp-json\/wp\/v2\/media?parent=12070"}],"wp:term":[{"taxonomy":"product_brand","embeddable":true,"href":"https:\/\/dev.awero.ee\/lv\/wp-json\/wp\/v2\/product_brand?post=12070"},{"taxonomy":"product_cat","embeddable":true,"href":"https:\/\/dev.awero.ee\/lv\/wp-json\/wp\/v2\/product_cat?post=12070"},{"taxonomy":"product_tag","embeddable":true,"href":"https:\/\/dev.awero.ee\/lv\/wp-json\/wp\/v2\/product_tag?post=12070"}],"curies":[{"name":"wp","href":"https:\/\/api.w.org\/{rel}","templated":true}]}}