{"id":12119,"date":"2025-03-09T07:30:47","date_gmt":"2025-03-09T07:30:47","guid":{"rendered":"https:\/\/dev.awero.ee\/toode\/kubls-180-ar-arejo-krasninu-egle\/"},"modified":"2026-03-10T07:59:10","modified_gmt":"2026-03-10T07:59:10","slug":"kubls-180-ar-arejo-krasninu-egle","status":"publish","type":"product","link":"https:\/\/dev.awero.ee\/lv\/toode\/kubls-180-ar-arejo-krasninu-egle\/","title":{"rendered":"Kubls 180 ar \u0101r\u0113jo kr\u0101sni\u0146u, egle"},"content":{"rendered":"<p><strong>Komplekt\u0101cij\u0101:<\/strong><\/p>\n<ul>\n<li>\u0101r\u0113j\u0101 kr\u0101sni\u0146a (30 kW) no AISI 304 ner\u016bs\u0113jo\u0161\u0101 t\u0113rauda<\/li>\n<li>2 m d\u016bmvads ar aizsargre\u017e\u0123i un d\u016bmvada v\u0101ci\u0146u<\/li>\n<li>k\u0101pnes<\/li>\n<li>l\u0101psti\u0146a \u016bdens mais\u012b\u0161anai.<\/li>\n<\/ul>\n<p>&nbsp;<\/p>\n<p>Kubla komplekt\u0101cijai iesp\u0113jams pievienot <a href=\"https:\/\/dev.awero.ee\/tootekategooria\/lisavarustus\/\">papildu apr\u012bkojumu<\/a>: gl\u0101\u017eu tur\u0113t\u0101jus, filtru sist\u0113mu, PVC p\u0101rsegu, koka v\u0101ku un betona pamatni.<\/p>\n","protected":false},"excerpt":{"rendered":"<p>Klasisks koka kubls, kas prasa nedaudz liel\u0101ku r\u016bp\u012bbu un individu\u0101l\u0101ku pieeju, ta\u010du, neskatoties uz to, tas ir labs maci\u0146am draudz\u012bgs risin\u0101jums maz\u0101k pras\u012bgiem klientiem, kuriem t\u012bk dab\u012bgs koks.<\/p>\n<p>Lietojot \u0161o kublu, svar\u012bgi zin\u0101t, ka kublu saus\u0101 vasaras laik\u0101 nedr\u012bkst atst\u0101t bez \u016bdens, jo koksnes \u012bpa\u0161\u012bbu d\u0113\u013c taj\u0101 eso\u0161\u0101s spraugas var iz\u017e\u016bt. Atk\u0101rtota piepild\u012b\u0161ana ar \u016bdeni un koksnes izple\u0161ana, lai to atkal padar\u012btu \u016bdensnecaurlaid\u012bgu, ir ilg\u0101ks process, un, lai no t\u0101 izvair\u012btos, kubl\u0101 vismaz l\u012bdz pusei vienm\u0113r j\u0101b\u016bt \u016bdenim. \u016adeni ieteicams nomain\u012bt tie\u0161i pirms kubla atk\u0101rtotas lieto\u0161anas.<\/p>\n","protected":false},"featured_media":12112,"template":"","meta":{"_acf_changed":false},"product_brand":[],"product_cat":[1630,1620,1626],"product_tag":[],"class_list":{"0":"post-12119","1":"product","2":"type-product","3":"status-publish","4":"has-post-thumbnail","6":"product_cat-atlaide","7":"product_cat-kubli","8":"product_cat-ar-arejo-krasninu","10":"first","11":"instock","12":"sale","13":"shipping-taxable","14":"product-type-variable"},"acf":[],"yoast_head":"<!-- This site is optimized with the Yoast SEO plugin v26.8 - https:\/\/yoast.com\/product\/yoast-seo-wordpress\/ -->\n<title>Kubls 180 ar \u0101r\u0113jo kr\u0101sni\u0146u, egle - Awero - S\u00fcdamega L\u00f5una-Eestist<\/title>\n<meta name=\"robots\" content=\"noindex, follow, max-snippet:-1, max-image-preview:large, max-video-preview:-1\" \/>\n<meta property=\"og:locale\" content=\"lv_LV\" \/>\n<meta property=\"og:type\" content=\"article\" \/>\n<meta property=\"og:title\" content=\"Kubls 180 ar \u0101r\u0113jo kr\u0101sni\u0146u, egle - Awero - S\u00fcdamega L\u00f5una-Eestist\" \/>\n<meta property=\"og:description\" content=\"Klasisks koka kubls, kas prasa nedaudz liel\u0101ku r\u016bp\u012bbu un individu\u0101l\u0101ku pieeju, ta\u010du, neskatoties uz to, tas ir labs maci\u0146am draudz\u012bgs risin\u0101jums maz\u0101k pras\u012bgiem klientiem, kuriem t\u012bk dab\u012bgs koks.  Lietojot \u0161o kublu, svar\u012bgi zin\u0101t, ka kublu saus\u0101 vasaras laik\u0101 nedr\u012bkst atst\u0101t bez \u016bdens, jo koksnes \u012bpa\u0161\u012bbu d\u0113\u013c taj\u0101 eso\u0161\u0101s spraugas var iz\u017e\u016bt. Atk\u0101rtota piepild\u012b\u0161ana ar \u016bdeni un koksnes izple\u0161ana, lai to atkal padar\u012btu \u016bdensnecaurlaid\u012bgu, ir ilg\u0101ks process, un, lai no t\u0101 izvair\u012btos, kubl\u0101 vismaz l\u012bdz pusei vienm\u0113r j\u0101b\u016bt \u016bdenim. \u016adeni ieteicams nomain\u012bt tie\u0161i pirms kubla atk\u0101rtotas lieto\u0161anas.\" \/>\n<meta property=\"og:url\" content=\"https:\/\/dev.awero.ee\/lv\/toode\/kubls-180-ar-arejo-krasninu-egle\/\" \/>\n<meta property=\"og:site_name\" content=\"Awero - S\u00fcdamega L\u00f5una-Eestist\" \/>\n<meta property=\"article:modified_time\" content=\"2026-03-10T07:59:10+00:00\" \/>\n<meta property=\"og:image\" content=\"https:\/\/dev.awero.ee\/wp-content\/uploads\/2025\/03\/Hottub_Eco_D180_kuusk_external.jpg\" \/>\n\t<meta property=\"og:image:width\" content=\"2500\" \/>\n\t<meta property=\"og:image:height\" content=\"1667\" \/>\n\t<meta property=\"og:image:type\" content=\"image\/jpeg\" \/>\n<meta name=\"twitter:card\" content=\"summary_large_image\" \/>\n<meta name=\"twitter:label1\" content=\"Est. reading time\" \/>\n\t<meta name=\"twitter:data1\" content=\"1 minute\" \/>\n<script type=\"application\/ld+json\" class=\"yoast-schema-graph\">{\"@context\":\"https:\/\/schema.org\",\"@graph\":[{\"@type\":\"WebPage\",\"@id\":\"https:\/\/dev.awero.ee\/lv\/toode\/kubls-180-ar-arejo-krasninu-egle\/\",\"url\":\"https:\/\/dev.awero.ee\/lv\/toode\/kubls-180-ar-arejo-krasninu-egle\/\",\"name\":\"Kubls 180 ar \u0101r\u0113jo kr\u0101sni\u0146u, egle - Awero - S\u00fcdamega L\u00f5una-Eestist\",\"isPartOf\":{\"@id\":\"https:\/\/dev.awero.ee\/lv\/#website\"},\"primaryImageOfPage\":{\"@id\":\"https:\/\/dev.awero.ee\/lv\/toode\/kubls-180-ar-arejo-krasninu-egle\/#primaryimage\"},\"image\":{\"@id\":\"https:\/\/dev.awero.ee\/lv\/toode\/kubls-180-ar-arejo-krasninu-egle\/#primaryimage\"},\"thumbnailUrl\":\"https:\/\/dev.awero.ee\/wp-content\/uploads\/2025\/03\/Hottub_Eco_D180_kuusk_external.jpg\",\"datePublished\":\"2025-03-09T07:30:47+00:00\",\"dateModified\":\"2026-03-10T07:59:10+00:00\",\"breadcrumb\":{\"@id\":\"https:\/\/dev.awero.ee\/lv\/toode\/kubls-180-ar-arejo-krasninu-egle\/#breadcrumb\"},\"inLanguage\":\"lv-LV\",\"potentialAction\":[{\"@type\":\"ReadAction\",\"target\":[\"https:\/\/dev.awero.ee\/lv\/toode\/kubls-180-ar-arejo-krasninu-egle\/\"]}]},{\"@type\":\"ImageObject\",\"inLanguage\":\"lv-LV\",\"@id\":\"https:\/\/dev.awero.ee\/lv\/toode\/kubls-180-ar-arejo-krasninu-egle\/#primaryimage\",\"url\":\"https:\/\/dev.awero.ee\/wp-content\/uploads\/2025\/03\/Hottub_Eco_D180_kuusk_external.jpg\",\"contentUrl\":\"https:\/\/dev.awero.ee\/wp-content\/uploads\/2025\/03\/Hottub_Eco_D180_kuusk_external.jpg\",\"width\":2500,\"height\":1667},{\"@type\":\"BreadcrumbList\",\"@id\":\"https:\/\/dev.awero.ee\/lv\/toode\/kubls-180-ar-arejo-krasninu-egle\/#breadcrumb\",\"itemListElement\":[{\"@type\":\"ListItem\",\"position\":1,\"name\":\"Home\",\"item\":\"https:\/\/dev.awero.ee\/lv\/sakums\/\"},{\"@type\":\"ListItem\",\"position\":2,\"name\":\"Veikals\",\"item\":\"https:\/\/dev.awero.ee\/lv\/veikals\/\"},{\"@type\":\"ListItem\",\"position\":3,\"name\":\"Kubls 180 ar \u0101r\u0113jo kr\u0101sni\u0146u, egle\"}]},{\"@type\":\"WebSite\",\"@id\":\"https:\/\/dev.awero.ee\/lv\/#website\",\"url\":\"https:\/\/dev.awero.ee\/lv\/\",\"name\":\"Awero - S\u00fcdamega L\u00f5una Eestist\",\"description\":\"\",\"publisher\":{\"@id\":\"https:\/\/dev.awero.ee\/lv\/#organization\"},\"potentialAction\":[{\"@type\":\"SearchAction\",\"target\":{\"@type\":\"EntryPoint\",\"urlTemplate\":\"https:\/\/dev.awero.ee\/lv\/?s={search_term_string}\"},\"query-input\":{\"@type\":\"PropertyValueSpecification\",\"valueRequired\":true,\"valueName\":\"search_term_string\"}}],\"inLanguage\":\"lv-LV\"},{\"@type\":\"Organization\",\"@id\":\"https:\/\/dev.awero.ee\/lv\/#organization\",\"name\":\"Awero - S\u00fcdamega L\u00f5una Eestist\",\"url\":\"https:\/\/dev.awero.ee\/lv\/\",\"logo\":{\"@type\":\"ImageObject\",\"inLanguage\":\"lv-LV\",\"@id\":\"https:\/\/dev.awero.ee\/lv\/#\/schema\/logo\/image\/\",\"url\":\"https:\/\/dev.awero.ee\/wp-content\/uploads\/2024\/07\/aweroplaceholder.jpg\",\"contentUrl\":\"https:\/\/dev.awero.ee\/wp-content\/uploads\/2024\/07\/aweroplaceholder.jpg\",\"width\":1250,\"height\":834,\"caption\":\"Awero - S\u00fcdamega L\u00f5una Eestist\"},\"image\":{\"@id\":\"https:\/\/dev.awero.ee\/lv\/#\/schema\/logo\/image\/\"}}]}<\/script>\n<!-- \/ Yoast SEO plugin. -->","yoast_head_json":{"title":"Kubls 180 ar \u0101r\u0113jo kr\u0101sni\u0146u, egle - Awero - S\u00fcdamega L\u00f5una-Eestist","robots":{"index":"noindex","follow":"follow","max-snippet":"max-snippet:-1","max-image-preview":"max-image-preview:large","max-video-preview":"max-video-preview:-1"},"og_locale":"lv_LV","og_type":"article","og_title":"Kubls 180 ar \u0101r\u0113jo kr\u0101sni\u0146u, egle - Awero - S\u00fcdamega L\u00f5una-Eestist","og_description":"Klasisks koka kubls, kas prasa nedaudz liel\u0101ku r\u016bp\u012bbu un individu\u0101l\u0101ku pieeju, ta\u010du, neskatoties uz to, tas ir labs maci\u0146am draudz\u012bgs risin\u0101jums maz\u0101k pras\u012bgiem klientiem, kuriem t\u012bk dab\u012bgs koks.  Lietojot \u0161o kublu, svar\u012bgi zin\u0101t, ka kublu saus\u0101 vasaras laik\u0101 nedr\u012bkst atst\u0101t bez \u016bdens, jo koksnes \u012bpa\u0161\u012bbu d\u0113\u013c taj\u0101 eso\u0161\u0101s spraugas var iz\u017e\u016bt. Atk\u0101rtota piepild\u012b\u0161ana ar \u016bdeni un koksnes izple\u0161ana, lai to atkal padar\u012btu \u016bdensnecaurlaid\u012bgu, ir ilg\u0101ks process, un, lai no t\u0101 izvair\u012btos, kubl\u0101 vismaz l\u012bdz pusei vienm\u0113r j\u0101b\u016bt \u016bdenim. \u016adeni ieteicams nomain\u012bt tie\u0161i pirms kubla atk\u0101rtotas lieto\u0161anas.","og_url":"https:\/\/dev.awero.ee\/lv\/toode\/kubls-180-ar-arejo-krasninu-egle\/","og_site_name":"Awero - S\u00fcdamega L\u00f5una-Eestist","article_modified_time":"2026-03-10T07:59:10+00:00","og_image":[{"width":2500,"height":1667,"url":"https:\/\/dev.awero.ee\/wp-content\/uploads\/2025\/03\/Hottub_Eco_D180_kuusk_external.jpg","type":"image\/jpeg"}],"twitter_card":"summary_large_image","twitter_misc":{"Est. reading time":"1 minute"},"schema":{"@context":"https:\/\/schema.org","@graph":[{"@type":"WebPage","@id":"https:\/\/dev.awero.ee\/lv\/toode\/kubls-180-ar-arejo-krasninu-egle\/","url":"https:\/\/dev.awero.ee\/lv\/toode\/kubls-180-ar-arejo-krasninu-egle\/","name":"Kubls 180 ar \u0101r\u0113jo kr\u0101sni\u0146u, egle - Awero - S\u00fcdamega L\u00f5una-Eestist","isPartOf":{"@id":"https:\/\/dev.awero.ee\/lv\/#website"},"primaryImageOfPage":{"@id":"https:\/\/dev.awero.ee\/lv\/toode\/kubls-180-ar-arejo-krasninu-egle\/#primaryimage"},"image":{"@id":"https:\/\/dev.awero.ee\/lv\/toode\/kubls-180-ar-arejo-krasninu-egle\/#primaryimage"},"thumbnailUrl":"https:\/\/dev.awero.ee\/wp-content\/uploads\/2025\/03\/Hottub_Eco_D180_kuusk_external.jpg","datePublished":"2025-03-09T07:30:47+00:00","dateModified":"2026-03-10T07:59:10+00:00","breadcrumb":{"@id":"https:\/\/dev.awero.ee\/lv\/toode\/kubls-180-ar-arejo-krasninu-egle\/#breadcrumb"},"inLanguage":"lv-LV","potentialAction":[{"@type":"ReadAction","target":["https:\/\/dev.awero.ee\/lv\/toode\/kubls-180-ar-arejo-krasninu-egle\/"]}]},{"@type":"ImageObject","inLanguage":"lv-LV","@id":"https:\/\/dev.awero.ee\/lv\/toode\/kubls-180-ar-arejo-krasninu-egle\/#primaryimage","url":"https:\/\/dev.awero.ee\/wp-content\/uploads\/2025\/03\/Hottub_Eco_D180_kuusk_external.jpg","contentUrl":"https:\/\/dev.awero.ee\/wp-content\/uploads\/2025\/03\/Hottub_Eco_D180_kuusk_external.jpg","width":2500,"height":1667},{"@type":"BreadcrumbList","@id":"https:\/\/dev.awero.ee\/lv\/toode\/kubls-180-ar-arejo-krasninu-egle\/#breadcrumb","itemListElement":[{"@type":"ListItem","position":1,"name":"Home","item":"https:\/\/dev.awero.ee\/lv\/sakums\/"},{"@type":"ListItem","position":2,"name":"Veikals","item":"https:\/\/dev.awero.ee\/lv\/veikals\/"},{"@type":"ListItem","position":3,"name":"Kubls 180 ar \u0101r\u0113jo kr\u0101sni\u0146u, egle"}]},{"@type":"WebSite","@id":"https:\/\/dev.awero.ee\/lv\/#website","url":"https:\/\/dev.awero.ee\/lv\/","name":"Awero - S\u00fcdamega L\u00f5una Eestist","description":"","publisher":{"@id":"https:\/\/dev.awero.ee\/lv\/#organization"},"potentialAction":[{"@type":"SearchAction","target":{"@type":"EntryPoint","urlTemplate":"https:\/\/dev.awero.ee\/lv\/?s={search_term_string}"},"query-input":{"@type":"PropertyValueSpecification","valueRequired":true,"valueName":"search_term_string"}}],"inLanguage":"lv-LV"},{"@type":"Organization","@id":"https:\/\/dev.awero.ee\/lv\/#organization","name":"Awero - S\u00fcdamega L\u00f5una Eestist","url":"https:\/\/dev.awero.ee\/lv\/","logo":{"@type":"ImageObject","inLanguage":"lv-LV","@id":"https:\/\/dev.awero.ee\/lv\/#\/schema\/logo\/image\/","url":"https:\/\/dev.awero.ee\/wp-content\/uploads\/2024\/07\/aweroplaceholder.jpg","contentUrl":"https:\/\/dev.awero.ee\/wp-content\/uploads\/2024\/07\/aweroplaceholder.jpg","width":1250,"height":834,"caption":"Awero - S\u00fcdamega L\u00f5una Eestist"},"image":{"@id":"https:\/\/dev.awero.ee\/lv\/#\/schema\/logo\/image\/"}}]}},"_links":{"self":[{"href":"https:\/\/dev.awero.ee\/lv\/wp-json\/wp\/v2\/product\/12119","targetHints":{"allow":["GET"]}}],"collection":[{"href":"https:\/\/dev.awero.ee\/lv\/wp-json\/wp\/v2\/product"}],"about":[{"href":"https:\/\/dev.awero.ee\/lv\/wp-json\/wp\/v2\/types\/product"}],"wp:featuredmedia":[{"embeddable":true,"href":"https:\/\/dev.awero.ee\/lv\/wp-json\/wp\/v2\/media\/12112"}],"wp:attachment":[{"href":"https:\/\/dev.awero.ee\/lv\/wp-json\/wp\/v2\/media?parent=12119"}],"wp:term":[{"taxonomy":"product_brand","embeddable":true,"href":"https:\/\/dev.awero.ee\/lv\/wp-json\/wp\/v2\/product_brand?post=12119"},{"taxonomy":"product_cat","embeddable":true,"href":"https:\/\/dev.awero.ee\/lv\/wp-json\/wp\/v2\/product_cat?post=12119"},{"taxonomy":"product_tag","embeddable":true,"href":"https:\/\/dev.awero.ee\/lv\/wp-json\/wp\/v2\/product_tag?post=12119"}],"curies":[{"name":"wp","href":"https:\/\/api.w.org\/{rel}","templated":true}]}}