{"id":12229,"date":"2025-04-10T10:34:47","date_gmt":"2025-04-10T10:34:47","guid":{"rendered":"https:\/\/dev.awero.ee\/toode\/nano-spa-2\/"},"modified":"2026-03-10T07:59:08","modified_gmt":"2026-03-10T07:59:08","slug":"nano-spa-2","status":"publish","type":"product","link":"https:\/\/dev.awero.ee\/lv\/toode\/nano-spa-2\/","title":{"rendered":"Nano Spa"},"content":{"rendered":"<div class=\"container single-product-description-text\">\n<p>Kublu par \u012bpa\u0161u padara t\u0101 <strong>ergonomisk\u0101<\/strong> un viegli kopjam\u0101 <strong>stikla \u0161\u0137iedras<\/strong> \u010daula, luksusa l\u012bme\u0146a termiski apstr\u0101d\u0101t\u0101 koka apdare un kr\u0101sni\u0146a ar elektrisko apkuri. Izv\u0113l\u0113ties var starp div\u0101m da\u017e\u0101das jaudas elektriskaj\u0101m kr\u0101sni\u0146\u0101m \u2013 3 kW vai 6 kW. Kubla komplekt\u0101cij\u0101 ir ar\u012b filtra sist\u0113ma, kas uztur \u016bdeni t\u012bru un nep\u0101rtraukti cirkul\u0113jo\u0161u. Elektrisk\u0101 kr\u0101sni\u0146a \u013cauj \u0113rti un vienk\u0101r\u0161i uzsild\u012bt kubl\u0101 eso\u0161o \u016bdeni, lai bezr\u016bp\u012bgi var\u0113tu baud\u012bt harmoniju un pat\u012bkamus mirk\u013cus.<\/p>\n<p><strong>Komplekt\u0101cij\u0101:<\/strong><\/p>\n<ul>\n<li>integr\u0113t\u0101 kr\u0101sni\u0146a ar elektrisko apkuri (3 kW vai 6 kW)<\/li>\n<li>kr\u0101sns vad\u012bbas pults<\/li>\n<li>filtr\u0101cijas sist\u0113ma ar filtr\u0113\u0161anas bumbi\u0146\u0101m<\/li>\n<li>termokoka \u0101r\u0113jais apvalks (apstr\u0101d\u0101ts ar koksnes aizsargl\u012bdzekli)<\/li>\n<li>divda\u013c\u012bgs apa\u013c\u0161 pak\u0101piens<\/li>\n<li><strong>ergonomiska stikla \u0161\u0137iedras<\/strong> \u010daula (kr\u0101su iesp\u0113jas: pel\u0113ka, zila, melna, balta).<\/li>\n<\/ul>\n<p>Kubla komplekt\u0101cijai iesp\u0113jams pievienot da\u017e\u0101du <strong><a href=\"https:\/\/dev.awero.ee\/tootekategooria\/lisavarustus\/\">papildu apr\u012bkojumu:<\/a><\/strong> LED apgaismojumu (RGB), burbu\u013cu sist\u0113mu, digit\u0101lo \u016bdens termometru, stereo sist\u0113mu, gl\u0101\u017eu tur\u0113t\u0101ju, izol\u0113tu termov\u0101ku un betona pamatni.<\/p>\n<\/div>\n","protected":false},"excerpt":{"rendered":"<p>Kubls ar <strong>elektrisko apkuri<\/strong> ir kvalitat\u012bvs un l\u012bdz deta\u013c\u0101m p\u0101rdom\u0101ts m\u0101jas spa, kas lietojams visu gadu, turkl\u0101t tas ir viegli kopjams. Kublam ir iesp\u0113jams pievienot papildu apr\u012bkojumu, kas nodro\u0161in\u0101s komfortu un grezn\u012bbu.<\/p>\n<p>Elektriski apsild\u0101m\u0101 kubla komplekt\u0101 ietilpst ar\u012b filtr\u0101cijas sist\u0113ma ar filtra bumbi\u0146\u0101m.<\/p>\n","protected":false},"featured_media":12526,"template":"","meta":{"_acf_changed":false},"product_brand":[],"product_cat":[1620,1621],"product_tag":[],"class_list":{"0":"post-12229","1":"product","2":"type-product","3":"status-publish","4":"has-post-thumbnail","6":"product_cat-kubli","7":"product_cat-elektriska-apkure","9":"first","10":"instock","11":"sale","12":"shipping-taxable","13":"product-type-variable"},"acf":[],"yoast_head":"<!-- This site is optimized with the Yoast SEO plugin v26.8 - https:\/\/yoast.com\/product\/yoast-seo-wordpress\/ -->\n<title>Nano Spa - Awero - S\u00fcdamega L\u00f5una-Eestist<\/title>\n<meta name=\"robots\" content=\"noindex, follow, max-snippet:-1, max-image-preview:large, max-video-preview:-1\" \/>\n<meta property=\"og:locale\" content=\"lv_LV\" \/>\n<meta property=\"og:type\" content=\"article\" \/>\n<meta property=\"og:title\" content=\"Nano Spa - Awero - S\u00fcdamega L\u00f5una-Eestist\" \/>\n<meta property=\"og:description\" content=\"Kubls ar elektrisko apkuri ir kvalitat\u012bvs un l\u012bdz deta\u013c\u0101m p\u0101rdom\u0101ts m\u0101jas spa, kas lietojams visu gadu, turkl\u0101t tas ir viegli kopjams. Kublam ir iesp\u0113jams pievienot papildu apr\u012bkojumu, kas nodro\u0161in\u0101s komfortu un grezn\u012bbu.  Elektriski apsild\u0101m\u0101 kubla komplekt\u0101 ietilpst ar\u012b filtr\u0101cijas sist\u0113ma ar filtra bumbi\u0146\u0101m.\" \/>\n<meta property=\"og:url\" content=\"https:\/\/dev.awero.ee\/lv\/toode\/nano-spa-2\/\" \/>\n<meta property=\"og:site_name\" content=\"Awero - S\u00fcdamega L\u00f5una-Eestist\" \/>\n<meta property=\"article:modified_time\" content=\"2026-03-10T07:59:08+00:00\" \/>\n<meta property=\"og:image\" content=\"https:\/\/dev.awero.ee\/wp-content\/uploads\/2025\/04\/1-8-scaled.jpg\" \/>\n\t<meta property=\"og:image:width\" content=\"2560\" \/>\n\t<meta property=\"og:image:height\" content=\"2560\" \/>\n\t<meta property=\"og:image:type\" content=\"image\/jpeg\" \/>\n<meta name=\"twitter:card\" content=\"summary_large_image\" \/>\n<meta name=\"twitter:label1\" content=\"Est. reading time\" \/>\n\t<meta name=\"twitter:data1\" content=\"1 minute\" \/>\n<script type=\"application\/ld+json\" class=\"yoast-schema-graph\">{\"@context\":\"https:\/\/schema.org\",\"@graph\":[{\"@type\":\"WebPage\",\"@id\":\"https:\/\/dev.awero.ee\/lv\/toode\/nano-spa-2\/\",\"url\":\"https:\/\/dev.awero.ee\/lv\/toode\/nano-spa-2\/\",\"name\":\"Nano Spa - Awero - S\u00fcdamega L\u00f5una-Eestist\",\"isPartOf\":{\"@id\":\"https:\/\/dev.awero.ee\/lv\/#website\"},\"primaryImageOfPage\":{\"@id\":\"https:\/\/dev.awero.ee\/lv\/toode\/nano-spa-2\/#primaryimage\"},\"image\":{\"@id\":\"https:\/\/dev.awero.ee\/lv\/toode\/nano-spa-2\/#primaryimage\"},\"thumbnailUrl\":\"https:\/\/dev.awero.ee\/wp-content\/uploads\/2025\/04\/1-8-scaled.jpg\",\"datePublished\":\"2025-04-10T10:34:47+00:00\",\"dateModified\":\"2026-03-10T07:59:08+00:00\",\"breadcrumb\":{\"@id\":\"https:\/\/dev.awero.ee\/lv\/toode\/nano-spa-2\/#breadcrumb\"},\"inLanguage\":\"lv-LV\",\"potentialAction\":[{\"@type\":\"ReadAction\",\"target\":[\"https:\/\/dev.awero.ee\/lv\/toode\/nano-spa-2\/\"]}]},{\"@type\":\"ImageObject\",\"inLanguage\":\"lv-LV\",\"@id\":\"https:\/\/dev.awero.ee\/lv\/toode\/nano-spa-2\/#primaryimage\",\"url\":\"https:\/\/dev.awero.ee\/wp-content\/uploads\/2025\/04\/1-8-scaled.jpg\",\"contentUrl\":\"https:\/\/dev.awero.ee\/wp-content\/uploads\/2025\/04\/1-8-scaled.jpg\",\"width\":2560,\"height\":2560},{\"@type\":\"BreadcrumbList\",\"@id\":\"https:\/\/dev.awero.ee\/lv\/toode\/nano-spa-2\/#breadcrumb\",\"itemListElement\":[{\"@type\":\"ListItem\",\"position\":1,\"name\":\"Home\",\"item\":\"https:\/\/dev.awero.ee\/lv\/sakums\/\"},{\"@type\":\"ListItem\",\"position\":2,\"name\":\"Veikals\",\"item\":\"https:\/\/dev.awero.ee\/lv\/veikals\/\"},{\"@type\":\"ListItem\",\"position\":3,\"name\":\"Nano Spa\"}]},{\"@type\":\"WebSite\",\"@id\":\"https:\/\/dev.awero.ee\/lv\/#website\",\"url\":\"https:\/\/dev.awero.ee\/lv\/\",\"name\":\"Awero - S\u00fcdamega L\u00f5una Eestist\",\"description\":\"\",\"publisher\":{\"@id\":\"https:\/\/dev.awero.ee\/lv\/#organization\"},\"potentialAction\":[{\"@type\":\"SearchAction\",\"target\":{\"@type\":\"EntryPoint\",\"urlTemplate\":\"https:\/\/dev.awero.ee\/lv\/?s={search_term_string}\"},\"query-input\":{\"@type\":\"PropertyValueSpecification\",\"valueRequired\":true,\"valueName\":\"search_term_string\"}}],\"inLanguage\":\"lv-LV\"},{\"@type\":\"Organization\",\"@id\":\"https:\/\/dev.awero.ee\/lv\/#organization\",\"name\":\"Awero - S\u00fcdamega L\u00f5una Eestist\",\"url\":\"https:\/\/dev.awero.ee\/lv\/\",\"logo\":{\"@type\":\"ImageObject\",\"inLanguage\":\"lv-LV\",\"@id\":\"https:\/\/dev.awero.ee\/lv\/#\/schema\/logo\/image\/\",\"url\":\"https:\/\/dev.awero.ee\/wp-content\/uploads\/2024\/07\/aweroplaceholder.jpg\",\"contentUrl\":\"https:\/\/dev.awero.ee\/wp-content\/uploads\/2024\/07\/aweroplaceholder.jpg\",\"width\":1250,\"height\":834,\"caption\":\"Awero - S\u00fcdamega L\u00f5una Eestist\"},\"image\":{\"@id\":\"https:\/\/dev.awero.ee\/lv\/#\/schema\/logo\/image\/\"}}]}<\/script>\n<!-- \/ Yoast SEO plugin. -->","yoast_head_json":{"title":"Nano Spa - Awero - S\u00fcdamega L\u00f5una-Eestist","robots":{"index":"noindex","follow":"follow","max-snippet":"max-snippet:-1","max-image-preview":"max-image-preview:large","max-video-preview":"max-video-preview:-1"},"og_locale":"lv_LV","og_type":"article","og_title":"Nano Spa - Awero - S\u00fcdamega L\u00f5una-Eestist","og_description":"Kubls ar elektrisko apkuri ir kvalitat\u012bvs un l\u012bdz deta\u013c\u0101m p\u0101rdom\u0101ts m\u0101jas spa, kas lietojams visu gadu, turkl\u0101t tas ir viegli kopjams. Kublam ir iesp\u0113jams pievienot papildu apr\u012bkojumu, kas nodro\u0161in\u0101s komfortu un grezn\u012bbu.  Elektriski apsild\u0101m\u0101 kubla komplekt\u0101 ietilpst ar\u012b filtr\u0101cijas sist\u0113ma ar filtra bumbi\u0146\u0101m.","og_url":"https:\/\/dev.awero.ee\/lv\/toode\/nano-spa-2\/","og_site_name":"Awero - S\u00fcdamega L\u00f5una-Eestist","article_modified_time":"2026-03-10T07:59:08+00:00","og_image":[{"width":2560,"height":2560,"url":"https:\/\/dev.awero.ee\/wp-content\/uploads\/2025\/04\/1-8-scaled.jpg","type":"image\/jpeg"}],"twitter_card":"summary_large_image","twitter_misc":{"Est. reading time":"1 minute"},"schema":{"@context":"https:\/\/schema.org","@graph":[{"@type":"WebPage","@id":"https:\/\/dev.awero.ee\/lv\/toode\/nano-spa-2\/","url":"https:\/\/dev.awero.ee\/lv\/toode\/nano-spa-2\/","name":"Nano Spa - Awero - S\u00fcdamega L\u00f5una-Eestist","isPartOf":{"@id":"https:\/\/dev.awero.ee\/lv\/#website"},"primaryImageOfPage":{"@id":"https:\/\/dev.awero.ee\/lv\/toode\/nano-spa-2\/#primaryimage"},"image":{"@id":"https:\/\/dev.awero.ee\/lv\/toode\/nano-spa-2\/#primaryimage"},"thumbnailUrl":"https:\/\/dev.awero.ee\/wp-content\/uploads\/2025\/04\/1-8-scaled.jpg","datePublished":"2025-04-10T10:34:47+00:00","dateModified":"2026-03-10T07:59:08+00:00","breadcrumb":{"@id":"https:\/\/dev.awero.ee\/lv\/toode\/nano-spa-2\/#breadcrumb"},"inLanguage":"lv-LV","potentialAction":[{"@type":"ReadAction","target":["https:\/\/dev.awero.ee\/lv\/toode\/nano-spa-2\/"]}]},{"@type":"ImageObject","inLanguage":"lv-LV","@id":"https:\/\/dev.awero.ee\/lv\/toode\/nano-spa-2\/#primaryimage","url":"https:\/\/dev.awero.ee\/wp-content\/uploads\/2025\/04\/1-8-scaled.jpg","contentUrl":"https:\/\/dev.awero.ee\/wp-content\/uploads\/2025\/04\/1-8-scaled.jpg","width":2560,"height":2560},{"@type":"BreadcrumbList","@id":"https:\/\/dev.awero.ee\/lv\/toode\/nano-spa-2\/#breadcrumb","itemListElement":[{"@type":"ListItem","position":1,"name":"Home","item":"https:\/\/dev.awero.ee\/lv\/sakums\/"},{"@type":"ListItem","position":2,"name":"Veikals","item":"https:\/\/dev.awero.ee\/lv\/veikals\/"},{"@type":"ListItem","position":3,"name":"Nano Spa"}]},{"@type":"WebSite","@id":"https:\/\/dev.awero.ee\/lv\/#website","url":"https:\/\/dev.awero.ee\/lv\/","name":"Awero - S\u00fcdamega L\u00f5una Eestist","description":"","publisher":{"@id":"https:\/\/dev.awero.ee\/lv\/#organization"},"potentialAction":[{"@type":"SearchAction","target":{"@type":"EntryPoint","urlTemplate":"https:\/\/dev.awero.ee\/lv\/?s={search_term_string}"},"query-input":{"@type":"PropertyValueSpecification","valueRequired":true,"valueName":"search_term_string"}}],"inLanguage":"lv-LV"},{"@type":"Organization","@id":"https:\/\/dev.awero.ee\/lv\/#organization","name":"Awero - S\u00fcdamega L\u00f5una Eestist","url":"https:\/\/dev.awero.ee\/lv\/","logo":{"@type":"ImageObject","inLanguage":"lv-LV","@id":"https:\/\/dev.awero.ee\/lv\/#\/schema\/logo\/image\/","url":"https:\/\/dev.awero.ee\/wp-content\/uploads\/2024\/07\/aweroplaceholder.jpg","contentUrl":"https:\/\/dev.awero.ee\/wp-content\/uploads\/2024\/07\/aweroplaceholder.jpg","width":1250,"height":834,"caption":"Awero - S\u00fcdamega L\u00f5una Eestist"},"image":{"@id":"https:\/\/dev.awero.ee\/lv\/#\/schema\/logo\/image\/"}}]}},"_links":{"self":[{"href":"https:\/\/dev.awero.ee\/lv\/wp-json\/wp\/v2\/product\/12229","targetHints":{"allow":["GET"]}}],"collection":[{"href":"https:\/\/dev.awero.ee\/lv\/wp-json\/wp\/v2\/product"}],"about":[{"href":"https:\/\/dev.awero.ee\/lv\/wp-json\/wp\/v2\/types\/product"}],"wp:featuredmedia":[{"embeddable":true,"href":"https:\/\/dev.awero.ee\/lv\/wp-json\/wp\/v2\/media\/12526"}],"wp:attachment":[{"href":"https:\/\/dev.awero.ee\/lv\/wp-json\/wp\/v2\/media?parent=12229"}],"wp:term":[{"taxonomy":"product_brand","embeddable":true,"href":"https:\/\/dev.awero.ee\/lv\/wp-json\/wp\/v2\/product_brand?post=12229"},{"taxonomy":"product_cat","embeddable":true,"href":"https:\/\/dev.awero.ee\/lv\/wp-json\/wp\/v2\/product_cat?post=12229"},{"taxonomy":"product_tag","embeddable":true,"href":"https:\/\/dev.awero.ee\/lv\/wp-json\/wp\/v2\/product_tag?post=12229"}],"curies":[{"name":"wp","href":"https:\/\/api.w.org\/{rel}","templated":true}]}}