{"id":2750,"date":"2025-04-13T17:10:39","date_gmt":"2025-04-13T17:10:39","guid":{"rendered":"https:\/\/dev.awero.ee\/?post_type=product&#038;p=2750"},"modified":"2026-03-10T07:59:07","modified_gmt":"2026-03-10T07:59:07","slug":"jacuzzy-elektrikuttega","status":"publish","type":"product","link":"https:\/\/dev.awero.ee\/lv\/toode\/jacuzzy-elektrikuttega\/","title":{"rendered":"Jacuzzi elektrik\u00fcttega"},"content":{"rendered":"","protected":false},"excerpt":{"rendered":"<p>Elektrik\u00fcttel toimiv 2,2m x 2,2m kandiline k\u00fcmblust\u00fcnn akr\u00fc\u00fclist sisuga pakub m\u00f5nusat l\u00f5\u00f5gastust. Sile ja vastupidav sisepind on kergesti hooldatav ning tagab luksusliku kasutuskogemuse. K\u00fcmblust\u00fcnnis on ergonoomilised istmed ja lamamisasendiga koht, mis toetavad keha mugavalt. Elektriline k\u00fcttelahendus tagab t\u00e4pse ja stabiilse vee temperatuuri reguleerimise. Ideaalne lahendus aastaringseks kasutamiseks terrassil v\u00f5i aias.<\/p>\n<p>Elektrik\u00fcttega k\u00fcmblust\u00fcnnidele soovitame energiat\u00f5hususe tagamiseks tellida juurde PUR-soojustuse ja soojustatud katte. Need lisad v\u00e4hendavad elektrikulu ja kiirendavad soovitud temperatuuri saavutamist.<\/p>\n","protected":false},"featured_media":8697,"template":"","meta":{"_acf_changed":false},"product_brand":[],"product_cat":[214,278],"product_tag":[],"class_list":{"0":"post-2750","1":"product","2":"type-product","3":"status-publish","4":"has-post-thumbnail","6":"product_cat-kumblustunnid","7":"product_cat-elektrikute","9":"first","10":"instock","11":"sale","12":"shipping-taxable","13":"product-type-variable"},"acf":[],"yoast_head":"<!-- This site is optimized with the Yoast SEO plugin v26.8 - https:\/\/yoast.com\/product\/yoast-seo-wordpress\/ -->\n<title>Jacuzzi elektrik\u00fcttega - Awero - S\u00fcdamega L\u00f5una-Eestist<\/title>\n<meta name=\"robots\" content=\"noindex, follow, max-snippet:-1, max-image-preview:large, max-video-preview:-1\" \/>\n<meta property=\"og:locale\" content=\"lv_LV\" \/>\n<meta property=\"og:type\" content=\"article\" \/>\n<meta property=\"og:title\" content=\"Jacuzzi elektrik\u00fcttega - Awero - S\u00fcdamega L\u00f5una-Eestist\" \/>\n<meta property=\"og:description\" content=\"Elektrik\u00fcttel toimiv 2,2m x 2,2m kandiline k\u00fcmblust\u00fcnn akr\u00fc\u00fclist sisuga pakub m\u00f5nusat l\u00f5\u00f5gastust. Sile ja vastupidav sisepind on kergesti hooldatav ning tagab luksusliku kasutuskogemuse. K\u00fcmblust\u00fcnnis on ergonoomilised istmed ja lamamisasendiga koht, mis toetavad keha mugavalt. Elektriline k\u00fcttelahendus tagab t\u00e4pse ja stabiilse vee temperatuuri reguleerimise. Ideaalne lahendus aastaringseks kasutamiseks terrassil v\u00f5i aias.  Elektrik\u00fcttega k\u00fcmblust\u00fcnnidele soovitame energiat\u00f5hususe tagamiseks tellida juurde PUR-soojustuse ja soojustatud katte. Need lisad v\u00e4hendavad elektrikulu ja kiirendavad soovitud temperatuuri saavutamist.\" \/>\n<meta property=\"og:url\" content=\"https:\/\/dev.awero.ee\/lv\/toode\/jacuzzy-elektrikuttega\/\" \/>\n<meta property=\"og:site_name\" content=\"Awero - S\u00fcdamega L\u00f5una-Eestist\" \/>\n<meta property=\"article:modified_time\" content=\"2026-03-10T07:59:07+00:00\" \/>\n<meta property=\"og:image\" content=\"https:\/\/dev.awero.ee\/wp-content\/uploads\/2025\/04\/1-16-scaled.jpg\" \/>\n\t<meta property=\"og:image:width\" content=\"2560\" \/>\n\t<meta property=\"og:image:height\" content=\"2560\" \/>\n\t<meta property=\"og:image:type\" content=\"image\/jpeg\" \/>\n<meta name=\"twitter:card\" content=\"summary_large_image\" \/>\n<meta name=\"twitter:label1\" content=\"Est. reading time\" \/>\n\t<meta name=\"twitter:data1\" content=\"1 minute\" \/>\n<script type=\"application\/ld+json\" class=\"yoast-schema-graph\">{\"@context\":\"https:\/\/schema.org\",\"@graph\":[{\"@type\":\"WebPage\",\"@id\":\"https:\/\/dev.awero.ee\/lv\/toode\/jacuzzy-elektrikuttega\/\",\"url\":\"https:\/\/dev.awero.ee\/lv\/toode\/jacuzzy-elektrikuttega\/\",\"name\":\"Jacuzzi elektrik\u00fcttega - Awero - S\u00fcdamega L\u00f5una-Eestist\",\"isPartOf\":{\"@id\":\"https:\/\/dev.awero.ee\/lv\/#website\"},\"primaryImageOfPage\":{\"@id\":\"https:\/\/dev.awero.ee\/lv\/toode\/jacuzzy-elektrikuttega\/#primaryimage\"},\"image\":{\"@id\":\"https:\/\/dev.awero.ee\/lv\/toode\/jacuzzy-elektrikuttega\/#primaryimage\"},\"thumbnailUrl\":\"https:\/\/dev.awero.ee\/wp-content\/uploads\/2025\/04\/1-16-scaled.jpg\",\"datePublished\":\"2025-04-13T17:10:39+00:00\",\"dateModified\":\"2026-03-10T07:59:07+00:00\",\"breadcrumb\":{\"@id\":\"https:\/\/dev.awero.ee\/lv\/toode\/jacuzzy-elektrikuttega\/#breadcrumb\"},\"inLanguage\":\"lv-LV\",\"potentialAction\":[{\"@type\":\"ReadAction\",\"target\":[\"https:\/\/dev.awero.ee\/lv\/toode\/jacuzzy-elektrikuttega\/\"]}]},{\"@type\":\"ImageObject\",\"inLanguage\":\"lv-LV\",\"@id\":\"https:\/\/dev.awero.ee\/lv\/toode\/jacuzzy-elektrikuttega\/#primaryimage\",\"url\":\"https:\/\/dev.awero.ee\/wp-content\/uploads\/2025\/04\/1-16-scaled.jpg\",\"contentUrl\":\"https:\/\/dev.awero.ee\/wp-content\/uploads\/2025\/04\/1-16-scaled.jpg\",\"width\":2560,\"height\":2560},{\"@type\":\"BreadcrumbList\",\"@id\":\"https:\/\/dev.awero.ee\/lv\/toode\/jacuzzy-elektrikuttega\/#breadcrumb\",\"itemListElement\":[{\"@type\":\"ListItem\",\"position\":1,\"name\":\"Home\",\"item\":\"https:\/\/dev.awero.ee\/lv\/sakums\/\"},{\"@type\":\"ListItem\",\"position\":2,\"name\":\"Veikals\",\"item\":\"https:\/\/dev.awero.ee\/lv\/veikals\/\"},{\"@type\":\"ListItem\",\"position\":3,\"name\":\"Jacuzzi elektrik\u00fcttega\"}]},{\"@type\":\"WebSite\",\"@id\":\"https:\/\/dev.awero.ee\/lv\/#website\",\"url\":\"https:\/\/dev.awero.ee\/lv\/\",\"name\":\"Awero - S\u00fcdamega L\u00f5una Eestist\",\"description\":\"\",\"publisher\":{\"@id\":\"https:\/\/dev.awero.ee\/lv\/#organization\"},\"potentialAction\":[{\"@type\":\"SearchAction\",\"target\":{\"@type\":\"EntryPoint\",\"urlTemplate\":\"https:\/\/dev.awero.ee\/lv\/?s={search_term_string}\"},\"query-input\":{\"@type\":\"PropertyValueSpecification\",\"valueRequired\":true,\"valueName\":\"search_term_string\"}}],\"inLanguage\":\"lv-LV\"},{\"@type\":\"Organization\",\"@id\":\"https:\/\/dev.awero.ee\/lv\/#organization\",\"name\":\"Awero - S\u00fcdamega L\u00f5una Eestist\",\"url\":\"https:\/\/dev.awero.ee\/lv\/\",\"logo\":{\"@type\":\"ImageObject\",\"inLanguage\":\"lv-LV\",\"@id\":\"https:\/\/dev.awero.ee\/lv\/#\/schema\/logo\/image\/\",\"url\":\"https:\/\/dev.awero.ee\/wp-content\/uploads\/2024\/07\/aweroplaceholder.jpg\",\"contentUrl\":\"https:\/\/dev.awero.ee\/wp-content\/uploads\/2024\/07\/aweroplaceholder.jpg\",\"width\":1250,\"height\":834,\"caption\":\"Awero - S\u00fcdamega L\u00f5una Eestist\"},\"image\":{\"@id\":\"https:\/\/dev.awero.ee\/lv\/#\/schema\/logo\/image\/\"}}]}<\/script>\n<!-- \/ Yoast SEO plugin. -->","yoast_head_json":{"title":"Jacuzzi elektrik\u00fcttega - Awero - S\u00fcdamega L\u00f5una-Eestist","robots":{"index":"noindex","follow":"follow","max-snippet":"max-snippet:-1","max-image-preview":"max-image-preview:large","max-video-preview":"max-video-preview:-1"},"og_locale":"lv_LV","og_type":"article","og_title":"Jacuzzi elektrik\u00fcttega - Awero - S\u00fcdamega L\u00f5una-Eestist","og_description":"Elektrik\u00fcttel toimiv 2,2m x 2,2m kandiline k\u00fcmblust\u00fcnn akr\u00fc\u00fclist sisuga pakub m\u00f5nusat l\u00f5\u00f5gastust. Sile ja vastupidav sisepind on kergesti hooldatav ning tagab luksusliku kasutuskogemuse. K\u00fcmblust\u00fcnnis on ergonoomilised istmed ja lamamisasendiga koht, mis toetavad keha mugavalt. Elektriline k\u00fcttelahendus tagab t\u00e4pse ja stabiilse vee temperatuuri reguleerimise. Ideaalne lahendus aastaringseks kasutamiseks terrassil v\u00f5i aias.  Elektrik\u00fcttega k\u00fcmblust\u00fcnnidele soovitame energiat\u00f5hususe tagamiseks tellida juurde PUR-soojustuse ja soojustatud katte. Need lisad v\u00e4hendavad elektrikulu ja kiirendavad soovitud temperatuuri saavutamist.","og_url":"https:\/\/dev.awero.ee\/lv\/toode\/jacuzzy-elektrikuttega\/","og_site_name":"Awero - S\u00fcdamega L\u00f5una-Eestist","article_modified_time":"2026-03-10T07:59:07+00:00","og_image":[{"width":2560,"height":2560,"url":"https:\/\/dev.awero.ee\/wp-content\/uploads\/2025\/04\/1-16-scaled.jpg","type":"image\/jpeg"}],"twitter_card":"summary_large_image","twitter_misc":{"Est. reading time":"1 minute"},"schema":{"@context":"https:\/\/schema.org","@graph":[{"@type":"WebPage","@id":"https:\/\/dev.awero.ee\/lv\/toode\/jacuzzy-elektrikuttega\/","url":"https:\/\/dev.awero.ee\/lv\/toode\/jacuzzy-elektrikuttega\/","name":"Jacuzzi elektrik\u00fcttega - Awero - S\u00fcdamega L\u00f5una-Eestist","isPartOf":{"@id":"https:\/\/dev.awero.ee\/lv\/#website"},"primaryImageOfPage":{"@id":"https:\/\/dev.awero.ee\/lv\/toode\/jacuzzy-elektrikuttega\/#primaryimage"},"image":{"@id":"https:\/\/dev.awero.ee\/lv\/toode\/jacuzzy-elektrikuttega\/#primaryimage"},"thumbnailUrl":"https:\/\/dev.awero.ee\/wp-content\/uploads\/2025\/04\/1-16-scaled.jpg","datePublished":"2025-04-13T17:10:39+00:00","dateModified":"2026-03-10T07:59:07+00:00","breadcrumb":{"@id":"https:\/\/dev.awero.ee\/lv\/toode\/jacuzzy-elektrikuttega\/#breadcrumb"},"inLanguage":"lv-LV","potentialAction":[{"@type":"ReadAction","target":["https:\/\/dev.awero.ee\/lv\/toode\/jacuzzy-elektrikuttega\/"]}]},{"@type":"ImageObject","inLanguage":"lv-LV","@id":"https:\/\/dev.awero.ee\/lv\/toode\/jacuzzy-elektrikuttega\/#primaryimage","url":"https:\/\/dev.awero.ee\/wp-content\/uploads\/2025\/04\/1-16-scaled.jpg","contentUrl":"https:\/\/dev.awero.ee\/wp-content\/uploads\/2025\/04\/1-16-scaled.jpg","width":2560,"height":2560},{"@type":"BreadcrumbList","@id":"https:\/\/dev.awero.ee\/lv\/toode\/jacuzzy-elektrikuttega\/#breadcrumb","itemListElement":[{"@type":"ListItem","position":1,"name":"Home","item":"https:\/\/dev.awero.ee\/lv\/sakums\/"},{"@type":"ListItem","position":2,"name":"Veikals","item":"https:\/\/dev.awero.ee\/lv\/veikals\/"},{"@type":"ListItem","position":3,"name":"Jacuzzi elektrik\u00fcttega"}]},{"@type":"WebSite","@id":"https:\/\/dev.awero.ee\/lv\/#website","url":"https:\/\/dev.awero.ee\/lv\/","name":"Awero - S\u00fcdamega L\u00f5una Eestist","description":"","publisher":{"@id":"https:\/\/dev.awero.ee\/lv\/#organization"},"potentialAction":[{"@type":"SearchAction","target":{"@type":"EntryPoint","urlTemplate":"https:\/\/dev.awero.ee\/lv\/?s={search_term_string}"},"query-input":{"@type":"PropertyValueSpecification","valueRequired":true,"valueName":"search_term_string"}}],"inLanguage":"lv-LV"},{"@type":"Organization","@id":"https:\/\/dev.awero.ee\/lv\/#organization","name":"Awero - S\u00fcdamega L\u00f5una Eestist","url":"https:\/\/dev.awero.ee\/lv\/","logo":{"@type":"ImageObject","inLanguage":"lv-LV","@id":"https:\/\/dev.awero.ee\/lv\/#\/schema\/logo\/image\/","url":"https:\/\/dev.awero.ee\/wp-content\/uploads\/2024\/07\/aweroplaceholder.jpg","contentUrl":"https:\/\/dev.awero.ee\/wp-content\/uploads\/2024\/07\/aweroplaceholder.jpg","width":1250,"height":834,"caption":"Awero - S\u00fcdamega L\u00f5una Eestist"},"image":{"@id":"https:\/\/dev.awero.ee\/lv\/#\/schema\/logo\/image\/"}}]}},"_links":{"self":[{"href":"https:\/\/dev.awero.ee\/lv\/wp-json\/wp\/v2\/product\/2750","targetHints":{"allow":["GET"]}}],"collection":[{"href":"https:\/\/dev.awero.ee\/lv\/wp-json\/wp\/v2\/product"}],"about":[{"href":"https:\/\/dev.awero.ee\/lv\/wp-json\/wp\/v2\/types\/product"}],"wp:featuredmedia":[{"embeddable":true,"href":"https:\/\/dev.awero.ee\/lv\/wp-json\/wp\/v2\/media\/8697"}],"wp:attachment":[{"href":"https:\/\/dev.awero.ee\/lv\/wp-json\/wp\/v2\/media?parent=2750"}],"wp:term":[{"taxonomy":"product_brand","embeddable":true,"href":"https:\/\/dev.awero.ee\/lv\/wp-json\/wp\/v2\/product_brand?post=2750"},{"taxonomy":"product_cat","embeddable":true,"href":"https:\/\/dev.awero.ee\/lv\/wp-json\/wp\/v2\/product_cat?post=2750"},{"taxonomy":"product_tag","embeddable":true,"href":"https:\/\/dev.awero.ee\/lv\/wp-json\/wp\/v2\/product_tag?post=2750"}],"curies":[{"name":"wp","href":"https:\/\/api.w.org\/{rel}","templated":true}]}}