{"id":10511,"date":"2026-02-02T08:53:19","date_gmt":"2026-02-02T08:53:19","guid":{"rendered":"https:\/\/dev.awero.ee\/?post_type=product&#038;p=10511"},"modified":"2026-03-10T07:59:07","modified_gmt":"2026-03-10T07:59:07","slug":"ofuro-elektrikuttega","status":"publish","type":"product","link":"https:\/\/dev.awero.ee\/sv\/toode\/ofuro-elektrikuttega\/","title":{"rendered":"Ofuro elektrik\u00fcttega"},"content":{"rendered":"<p>Komplekti kuulub:<\/p>\n<p>elektrik\u00fctte element 3kW<br \/>\nahju manuaalne juhtispult<br \/>\ntermopuidust v\u00e4liskest (viimistletud puidukaitsevahendiga)<br \/>\nkaheosaline \u00fcmar aste<br \/>\nergonoomiline klaasfiibrist sisu (v\u00e4rvivalik: hall,valge, sinine, helesinine ja must<\/p>\n","protected":false},"excerpt":{"rendered":"<p>Elektrik\u00fcttega k\u00fcmblust\u00fcnn on kvaliteetne kodune spaa, mis on detailideni viimistletud, aastaringselt kasutatav ja h\u00f5lpsasti hooldatav. K\u00fcmblust\u00fcnnile on v\u00f5imalik lisada mugavust ja luksust pakkuvat lisavarustust.<\/p>\n<p>Elektrik\u00fcttega k\u00fcmblust\u00fcnnidele soovitame energiat\u00f5hususe tagamiseks tellida juurde PUR-soojustuse ja soojustatud katte. Need lisad v\u00e4hendavad elektrikulu ja kiirendavad soovitud temperatuuri saavutamist.<\/p>\n","protected":false},"featured_media":12541,"template":"","meta":{"_acf_changed":false},"product_brand":[],"product_cat":[214,278],"product_tag":[],"class_list":{"0":"post-10511","1":"product","2":"type-product","3":"status-publish","4":"has-post-thumbnail","6":"product_cat-kumblustunnid","7":"product_cat-elektrikute","9":"first","10":"instock","11":"sale","12":"shipping-taxable","13":"product-type-variable","14":"has-default-attributes"},"acf":[],"yoast_head":"<!-- This site is optimized with the Yoast SEO plugin v26.8 - https:\/\/yoast.com\/product\/yoast-seo-wordpress\/ -->\n<title>Ofuro elektrik\u00fcttega - Awero - S\u00fcdamega L\u00f5una-Eestist<\/title>\n<meta name=\"robots\" content=\"noindex, follow, max-snippet:-1, max-image-preview:large, max-video-preview:-1\" \/>\n<meta property=\"og:locale\" content=\"sv_SE\" \/>\n<meta property=\"og:type\" content=\"article\" \/>\n<meta property=\"og:title\" content=\"Ofuro elektrik\u00fcttega - Awero - S\u00fcdamega L\u00f5una-Eestist\" \/>\n<meta property=\"og:description\" content=\"Elektrik\u00fcttega k\u00fcmblust\u00fcnn on kvaliteetne kodune spaa, mis on detailideni viimistletud, aastaringselt kasutatav ja h\u00f5lpsasti hooldatav. K\u00fcmblust\u00fcnnile on v\u00f5imalik lisada mugavust ja luksust pakkuvat lisavarustust.  Elektrik\u00fcttega k\u00fcmblust\u00fcnnidele soovitame energiat\u00f5hususe tagamiseks tellida juurde PUR-soojustuse ja soojustatud katte. Need lisad v\u00e4hendavad elektrikulu ja kiirendavad soovitud temperatuuri saavutamist.\" \/>\n<meta property=\"og:url\" content=\"https:\/\/dev.awero.ee\/sv\/toode\/ofuro-elektrikuttega\/\" \/>\n<meta property=\"og:site_name\" content=\"Awero - S\u00fcdamega L\u00f5una-Eestist\" \/>\n<meta property=\"article:modified_time\" content=\"2026-03-10T07:59:07+00:00\" \/>\n<meta property=\"og:image\" content=\"https:\/\/dev.awero.ee\/wp-content\/uploads\/2026\/02\/Ofuro-hall-el.-kute-scaled.jpg\" \/>\n\t<meta property=\"og:image:width\" content=\"2560\" \/>\n\t<meta property=\"og:image:height\" content=\"2560\" \/>\n\t<meta property=\"og:image:type\" content=\"image\/jpeg\" \/>\n<meta name=\"twitter:card\" content=\"summary_large_image\" \/>\n<meta name=\"twitter:label1\" content=\"Ber\u00e4knad l\u00e4stid\" \/>\n\t<meta name=\"twitter:data1\" content=\"1 minut\" \/>\n<script type=\"application\/ld+json\" class=\"yoast-schema-graph\">{\"@context\":\"https:\/\/schema.org\",\"@graph\":[{\"@type\":\"WebPage\",\"@id\":\"https:\/\/dev.awero.ee\/sv\/toode\/ofuro-elektrikuttega\/\",\"url\":\"https:\/\/dev.awero.ee\/sv\/toode\/ofuro-elektrikuttega\/\",\"name\":\"Ofuro elektrik\u00fcttega - Awero - S\u00fcdamega L\u00f5una-Eestist\",\"isPartOf\":{\"@id\":\"https:\/\/dev.awero.ee\/sv\/#website\"},\"primaryImageOfPage\":{\"@id\":\"https:\/\/dev.awero.ee\/sv\/toode\/ofuro-elektrikuttega\/#primaryimage\"},\"image\":{\"@id\":\"https:\/\/dev.awero.ee\/sv\/toode\/ofuro-elektrikuttega\/#primaryimage\"},\"thumbnailUrl\":\"https:\/\/dev.awero.ee\/wp-content\/uploads\/2026\/02\/Ofuro-hall-el.-kute-scaled.jpg\",\"datePublished\":\"2026-02-02T08:53:19+00:00\",\"dateModified\":\"2026-03-10T07:59:07+00:00\",\"breadcrumb\":{\"@id\":\"https:\/\/dev.awero.ee\/sv\/toode\/ofuro-elektrikuttega\/#breadcrumb\"},\"inLanguage\":\"sv-SE\",\"potentialAction\":[{\"@type\":\"ReadAction\",\"target\":[\"https:\/\/dev.awero.ee\/sv\/toode\/ofuro-elektrikuttega\/\"]}]},{\"@type\":\"ImageObject\",\"inLanguage\":\"sv-SE\",\"@id\":\"https:\/\/dev.awero.ee\/sv\/toode\/ofuro-elektrikuttega\/#primaryimage\",\"url\":\"https:\/\/dev.awero.ee\/wp-content\/uploads\/2026\/02\/Ofuro-hall-el.-kute-scaled.jpg\",\"contentUrl\":\"https:\/\/dev.awero.ee\/wp-content\/uploads\/2026\/02\/Ofuro-hall-el.-kute-scaled.jpg\",\"width\":2560,\"height\":2560},{\"@type\":\"BreadcrumbList\",\"@id\":\"https:\/\/dev.awero.ee\/sv\/toode\/ofuro-elektrikuttega\/#breadcrumb\",\"itemListElement\":[{\"@type\":\"ListItem\",\"position\":1,\"name\":\"Home\",\"item\":\"https:\/\/dev.awero.ee\/sv\/startsida\/\"},{\"@type\":\"ListItem\",\"position\":2,\"name\":\"Butik\",\"item\":\"https:\/\/dev.awero.ee\/sv\/butik\/\"},{\"@type\":\"ListItem\",\"position\":3,\"name\":\"Ofuro elektrik\u00fcttega\"}]},{\"@type\":\"WebSite\",\"@id\":\"https:\/\/dev.awero.ee\/sv\/#website\",\"url\":\"https:\/\/dev.awero.ee\/sv\/\",\"name\":\"Awero - S\u00fcdamega L\u00f5una Eestist\",\"description\":\"\",\"publisher\":{\"@id\":\"https:\/\/dev.awero.ee\/sv\/#organization\"},\"potentialAction\":[{\"@type\":\"SearchAction\",\"target\":{\"@type\":\"EntryPoint\",\"urlTemplate\":\"https:\/\/dev.awero.ee\/sv\/?s={search_term_string}\"},\"query-input\":{\"@type\":\"PropertyValueSpecification\",\"valueRequired\":true,\"valueName\":\"search_term_string\"}}],\"inLanguage\":\"sv-SE\"},{\"@type\":\"Organization\",\"@id\":\"https:\/\/dev.awero.ee\/sv\/#organization\",\"name\":\"Awero - S\u00fcdamega L\u00f5una Eestist\",\"url\":\"https:\/\/dev.awero.ee\/sv\/\",\"logo\":{\"@type\":\"ImageObject\",\"inLanguage\":\"sv-SE\",\"@id\":\"https:\/\/dev.awero.ee\/sv\/#\/schema\/logo\/image\/\",\"url\":\"https:\/\/dev.awero.ee\/wp-content\/uploads\/2024\/07\/aweroplaceholder.jpg\",\"contentUrl\":\"https:\/\/dev.awero.ee\/wp-content\/uploads\/2024\/07\/aweroplaceholder.jpg\",\"width\":1250,\"height\":834,\"caption\":\"Awero - S\u00fcdamega L\u00f5una Eestist\"},\"image\":{\"@id\":\"https:\/\/dev.awero.ee\/sv\/#\/schema\/logo\/image\/\"}}]}<\/script>\n<!-- \/ Yoast SEO plugin. -->","yoast_head_json":{"title":"Ofuro elektrik\u00fcttega - Awero - S\u00fcdamega L\u00f5una-Eestist","robots":{"index":"noindex","follow":"follow","max-snippet":"max-snippet:-1","max-image-preview":"max-image-preview:large","max-video-preview":"max-video-preview:-1"},"og_locale":"sv_SE","og_type":"article","og_title":"Ofuro elektrik\u00fcttega - Awero - S\u00fcdamega L\u00f5una-Eestist","og_description":"Elektrik\u00fcttega k\u00fcmblust\u00fcnn on kvaliteetne kodune spaa, mis on detailideni viimistletud, aastaringselt kasutatav ja h\u00f5lpsasti hooldatav. K\u00fcmblust\u00fcnnile on v\u00f5imalik lisada mugavust ja luksust pakkuvat lisavarustust.  Elektrik\u00fcttega k\u00fcmblust\u00fcnnidele soovitame energiat\u00f5hususe tagamiseks tellida juurde PUR-soojustuse ja soojustatud katte. Need lisad v\u00e4hendavad elektrikulu ja kiirendavad soovitud temperatuuri saavutamist.","og_url":"https:\/\/dev.awero.ee\/sv\/toode\/ofuro-elektrikuttega\/","og_site_name":"Awero - S\u00fcdamega L\u00f5una-Eestist","article_modified_time":"2026-03-10T07:59:07+00:00","og_image":[{"width":2560,"height":2560,"url":"https:\/\/dev.awero.ee\/wp-content\/uploads\/2026\/02\/Ofuro-hall-el.-kute-scaled.jpg","type":"image\/jpeg"}],"twitter_card":"summary_large_image","twitter_misc":{"Ber\u00e4knad l\u00e4stid":"1 minut"},"schema":{"@context":"https:\/\/schema.org","@graph":[{"@type":"WebPage","@id":"https:\/\/dev.awero.ee\/sv\/toode\/ofuro-elektrikuttega\/","url":"https:\/\/dev.awero.ee\/sv\/toode\/ofuro-elektrikuttega\/","name":"Ofuro elektrik\u00fcttega - Awero - S\u00fcdamega L\u00f5una-Eestist","isPartOf":{"@id":"https:\/\/dev.awero.ee\/sv\/#website"},"primaryImageOfPage":{"@id":"https:\/\/dev.awero.ee\/sv\/toode\/ofuro-elektrikuttega\/#primaryimage"},"image":{"@id":"https:\/\/dev.awero.ee\/sv\/toode\/ofuro-elektrikuttega\/#primaryimage"},"thumbnailUrl":"https:\/\/dev.awero.ee\/wp-content\/uploads\/2026\/02\/Ofuro-hall-el.-kute-scaled.jpg","datePublished":"2026-02-02T08:53:19+00:00","dateModified":"2026-03-10T07:59:07+00:00","breadcrumb":{"@id":"https:\/\/dev.awero.ee\/sv\/toode\/ofuro-elektrikuttega\/#breadcrumb"},"inLanguage":"sv-SE","potentialAction":[{"@type":"ReadAction","target":["https:\/\/dev.awero.ee\/sv\/toode\/ofuro-elektrikuttega\/"]}]},{"@type":"ImageObject","inLanguage":"sv-SE","@id":"https:\/\/dev.awero.ee\/sv\/toode\/ofuro-elektrikuttega\/#primaryimage","url":"https:\/\/dev.awero.ee\/wp-content\/uploads\/2026\/02\/Ofuro-hall-el.-kute-scaled.jpg","contentUrl":"https:\/\/dev.awero.ee\/wp-content\/uploads\/2026\/02\/Ofuro-hall-el.-kute-scaled.jpg","width":2560,"height":2560},{"@type":"BreadcrumbList","@id":"https:\/\/dev.awero.ee\/sv\/toode\/ofuro-elektrikuttega\/#breadcrumb","itemListElement":[{"@type":"ListItem","position":1,"name":"Home","item":"https:\/\/dev.awero.ee\/sv\/startsida\/"},{"@type":"ListItem","position":2,"name":"Butik","item":"https:\/\/dev.awero.ee\/sv\/butik\/"},{"@type":"ListItem","position":3,"name":"Ofuro elektrik\u00fcttega"}]},{"@type":"WebSite","@id":"https:\/\/dev.awero.ee\/sv\/#website","url":"https:\/\/dev.awero.ee\/sv\/","name":"Awero - S\u00fcdamega L\u00f5una Eestist","description":"","publisher":{"@id":"https:\/\/dev.awero.ee\/sv\/#organization"},"potentialAction":[{"@type":"SearchAction","target":{"@type":"EntryPoint","urlTemplate":"https:\/\/dev.awero.ee\/sv\/?s={search_term_string}"},"query-input":{"@type":"PropertyValueSpecification","valueRequired":true,"valueName":"search_term_string"}}],"inLanguage":"sv-SE"},{"@type":"Organization","@id":"https:\/\/dev.awero.ee\/sv\/#organization","name":"Awero - S\u00fcdamega L\u00f5una Eestist","url":"https:\/\/dev.awero.ee\/sv\/","logo":{"@type":"ImageObject","inLanguage":"sv-SE","@id":"https:\/\/dev.awero.ee\/sv\/#\/schema\/logo\/image\/","url":"https:\/\/dev.awero.ee\/wp-content\/uploads\/2024\/07\/aweroplaceholder.jpg","contentUrl":"https:\/\/dev.awero.ee\/wp-content\/uploads\/2024\/07\/aweroplaceholder.jpg","width":1250,"height":834,"caption":"Awero - S\u00fcdamega L\u00f5una Eestist"},"image":{"@id":"https:\/\/dev.awero.ee\/sv\/#\/schema\/logo\/image\/"}}]}},"_links":{"self":[{"href":"https:\/\/dev.awero.ee\/sv\/wp-json\/wp\/v2\/product\/10511","targetHints":{"allow":["GET"]}}],"collection":[{"href":"https:\/\/dev.awero.ee\/sv\/wp-json\/wp\/v2\/product"}],"about":[{"href":"https:\/\/dev.awero.ee\/sv\/wp-json\/wp\/v2\/types\/product"}],"wp:featuredmedia":[{"embeddable":true,"href":"https:\/\/dev.awero.ee\/sv\/wp-json\/wp\/v2\/media\/12541"}],"wp:attachment":[{"href":"https:\/\/dev.awero.ee\/sv\/wp-json\/wp\/v2\/media?parent=10511"}],"wp:term":[{"taxonomy":"product_brand","embeddable":true,"href":"https:\/\/dev.awero.ee\/sv\/wp-json\/wp\/v2\/product_brand?post=10511"},{"taxonomy":"product_cat","embeddable":true,"href":"https:\/\/dev.awero.ee\/sv\/wp-json\/wp\/v2\/product_cat?post=10511"},{"taxonomy":"product_tag","embeddable":true,"href":"https:\/\/dev.awero.ee\/sv\/wp-json\/wp\/v2\/product_tag?post=10511"}],"curies":[{"name":"wp","href":"https:\/\/api.w.org\/{rel}","templated":true}]}}