{"id":7119,"date":"2025-02-18T11:01:16","date_gmt":"2025-02-18T11:01:16","guid":{"rendered":"https:\/\/dev.awero.ee\/toode\/ofuro-med-gaskamin\/"},"modified":"2026-03-10T07:59:07","modified_gmt":"2026-03-10T07:59:07","slug":"ofuro-med-gaskamin","status":"publish","type":"product","link":"https:\/\/dev.awero.ee\/sv\/toode\/ofuro-med-gaskamin\/","title":{"rendered":"Ofuro med gaskamin"},"content":{"rendered":"<div class=\"container single-product-description-text\">\n<p>Det speciella med<strong> Ofuro<\/strong> ligger i <strong>dess ergonomiska s\u00e4ten <\/strong>och l\u00e4ttsk\u00f6tta <strong>glasfiberinsats<\/strong>, lyxiga ytterh\u00f6lje av v\u00e4rmebehandlat tr\u00e4 och gaskamin i h\u00f6gkvalitativt rostfritt st\u00e5l. Vattnet v\u00e4rms upp bekv\u00e4mt och snabbt s\u00e5 att du kan b\u00f6rja njuta av harmoni och sk\u00f6na avkopplingsstunder utan att v\u00e4nta s\u00e5 l\u00e4nge. <\/p>\n<p><strong>I leveransen ing\u00e5r:<\/strong><\/p>\n<ul>\n<li>gaskamin 32 kW<\/li>\n<li>ytterh\u00f6lje av v\u00e4rmebehandlat tr\u00e4 (ytbehandlat med tr\u00e4skyddsmedel)<\/li>\n<li>tv\u00e5delad rund trappa<\/li>\n<li><strong>gr\u00e5 glasfiberinsats med ergonomiska s\u00e4ten<\/strong><\/li>\n<\/ul>\n<p>Ett brett utbud av <a href=\"https:\/\/dev.awero.ee\/sv\/produktkategorier\/extrautrustning\/\"><strong>tillval<\/strong><\/a> kan best\u00e4llas till badkaret: LED-belysning (RGB), bubbelsystem, digital vattentermometer, stereosystem, muggh\u00e5llare, filtersystem, isolerat lock.<\/p>\n<\/div>\n","protected":false},"excerpt":{"rendered":"<p>Badtunnan <strong>OFURO<\/strong> med <strong>gaskamin i AISI 304<\/strong> \u00e4r ett privat och h\u00f6gkvalitativt hemmaspa f\u00f6r <strong>tv\u00e5 personer<\/strong> som \u00e4r full\u00e4ndat in i minsta detalj, anv\u00e4ndbart \u00e5ret runt och l\u00e4ttsk\u00f6tt.<\/p>\n","protected":false},"featured_media":4866,"template":"","meta":{"_acf_changed":false},"product_brand":[],"product_cat":[574,576],"product_tag":[],"class_list":{"0":"post-7119","1":"product","2":"type-product","3":"status-publish","4":"has-post-thumbnail","6":"product_cat-badtunnor","7":"product_cat-med-gasvarme","9":"first","10":"instock","11":"sale","12":"shipping-taxable","13":"product-type-variable"},"acf":[],"yoast_head":"<!-- This site is optimized with the Yoast SEO plugin v26.8 - https:\/\/yoast.com\/product\/yoast-seo-wordpress\/ -->\n<title>Ofuro med gaskamin - Awero - S\u00fcdamega L\u00f5una-Eestist<\/title>\n<meta name=\"robots\" content=\"noindex, follow, max-snippet:-1, max-image-preview:large, max-video-preview:-1\" \/>\n<meta property=\"og:locale\" content=\"sv_SE\" \/>\n<meta property=\"og:type\" content=\"article\" \/>\n<meta property=\"og:title\" content=\"Ofuro med gaskamin - Awero - S\u00fcdamega L\u00f5una-Eestist\" \/>\n<meta property=\"og:description\" content=\"Badtunnan OFURO med gaskamin i AISI 304 \u00e4r ett privat och h\u00f6gkvalitativt hemmaspa f\u00f6r tv\u00e5 personer som \u00e4r full\u00e4ndat in i minsta detalj, anv\u00e4ndbart \u00e5ret runt och l\u00e4ttsk\u00f6tt.\" \/>\n<meta property=\"og:url\" content=\"https:\/\/dev.awero.ee\/sv\/toode\/ofuro-med-gaskamin\/\" \/>\n<meta property=\"og:site_name\" content=\"Awero - S\u00fcdamega L\u00f5una-Eestist\" \/>\n<meta property=\"article:modified_time\" content=\"2026-03-10T07:59:07+00:00\" \/>\n<meta property=\"og:image\" content=\"https:\/\/dev.awero.ee\/wp-content\/uploads\/2025\/02\/Ofuro_gaasiahjuga.jpg\" \/>\n\t<meta property=\"og:image:width\" content=\"2500\" \/>\n\t<meta property=\"og:image:height\" content=\"1667\" \/>\n\t<meta property=\"og:image:type\" content=\"image\/jpeg\" \/>\n<meta name=\"twitter:card\" content=\"summary_large_image\" \/>\n<meta name=\"twitter:label1\" content=\"Ber\u00e4knad l\u00e4stid\" \/>\n\t<meta name=\"twitter:data1\" content=\"1 minut\" \/>\n<script type=\"application\/ld+json\" class=\"yoast-schema-graph\">{\"@context\":\"https:\/\/schema.org\",\"@graph\":[{\"@type\":\"WebPage\",\"@id\":\"https:\/\/dev.awero.ee\/sv\/toode\/ofuro-med-gaskamin\/\",\"url\":\"https:\/\/dev.awero.ee\/sv\/toode\/ofuro-med-gaskamin\/\",\"name\":\"Ofuro med gaskamin - Awero - S\u00fcdamega L\u00f5una-Eestist\",\"isPartOf\":{\"@id\":\"https:\/\/dev.awero.ee\/sv\/#website\"},\"primaryImageOfPage\":{\"@id\":\"https:\/\/dev.awero.ee\/sv\/toode\/ofuro-med-gaskamin\/#primaryimage\"},\"image\":{\"@id\":\"https:\/\/dev.awero.ee\/sv\/toode\/ofuro-med-gaskamin\/#primaryimage\"},\"thumbnailUrl\":\"https:\/\/dev.awero.ee\/wp-content\/uploads\/2025\/02\/Ofuro_gaasiahjuga.jpg\",\"datePublished\":\"2025-02-18T11:01:16+00:00\",\"dateModified\":\"2026-03-10T07:59:07+00:00\",\"breadcrumb\":{\"@id\":\"https:\/\/dev.awero.ee\/sv\/toode\/ofuro-med-gaskamin\/#breadcrumb\"},\"inLanguage\":\"sv-SE\",\"potentialAction\":[{\"@type\":\"ReadAction\",\"target\":[\"https:\/\/dev.awero.ee\/sv\/toode\/ofuro-med-gaskamin\/\"]}]},{\"@type\":\"ImageObject\",\"inLanguage\":\"sv-SE\",\"@id\":\"https:\/\/dev.awero.ee\/sv\/toode\/ofuro-med-gaskamin\/#primaryimage\",\"url\":\"https:\/\/dev.awero.ee\/wp-content\/uploads\/2025\/02\/Ofuro_gaasiahjuga.jpg\",\"contentUrl\":\"https:\/\/dev.awero.ee\/wp-content\/uploads\/2025\/02\/Ofuro_gaasiahjuga.jpg\",\"width\":2500,\"height\":1667},{\"@type\":\"BreadcrumbList\",\"@id\":\"https:\/\/dev.awero.ee\/sv\/toode\/ofuro-med-gaskamin\/#breadcrumb\",\"itemListElement\":[{\"@type\":\"ListItem\",\"position\":1,\"name\":\"Home\",\"item\":\"https:\/\/dev.awero.ee\/sv\/startsida\/\"},{\"@type\":\"ListItem\",\"position\":2,\"name\":\"Butik\",\"item\":\"https:\/\/dev.awero.ee\/sv\/butik\/\"},{\"@type\":\"ListItem\",\"position\":3,\"name\":\"Ofuro med gaskamin\"}]},{\"@type\":\"WebSite\",\"@id\":\"https:\/\/dev.awero.ee\/sv\/#website\",\"url\":\"https:\/\/dev.awero.ee\/sv\/\",\"name\":\"Awero - S\u00fcdamega L\u00f5una Eestist\",\"description\":\"\",\"publisher\":{\"@id\":\"https:\/\/dev.awero.ee\/sv\/#organization\"},\"potentialAction\":[{\"@type\":\"SearchAction\",\"target\":{\"@type\":\"EntryPoint\",\"urlTemplate\":\"https:\/\/dev.awero.ee\/sv\/?s={search_term_string}\"},\"query-input\":{\"@type\":\"PropertyValueSpecification\",\"valueRequired\":true,\"valueName\":\"search_term_string\"}}],\"inLanguage\":\"sv-SE\"},{\"@type\":\"Organization\",\"@id\":\"https:\/\/dev.awero.ee\/sv\/#organization\",\"name\":\"Awero - S\u00fcdamega L\u00f5una Eestist\",\"url\":\"https:\/\/dev.awero.ee\/sv\/\",\"logo\":{\"@type\":\"ImageObject\",\"inLanguage\":\"sv-SE\",\"@id\":\"https:\/\/dev.awero.ee\/sv\/#\/schema\/logo\/image\/\",\"url\":\"https:\/\/dev.awero.ee\/wp-content\/uploads\/2024\/07\/aweroplaceholder.jpg\",\"contentUrl\":\"https:\/\/dev.awero.ee\/wp-content\/uploads\/2024\/07\/aweroplaceholder.jpg\",\"width\":1250,\"height\":834,\"caption\":\"Awero - S\u00fcdamega L\u00f5una Eestist\"},\"image\":{\"@id\":\"https:\/\/dev.awero.ee\/sv\/#\/schema\/logo\/image\/\"}}]}<\/script>\n<!-- \/ Yoast SEO plugin. -->","yoast_head_json":{"title":"Ofuro med gaskamin - Awero - S\u00fcdamega L\u00f5una-Eestist","robots":{"index":"noindex","follow":"follow","max-snippet":"max-snippet:-1","max-image-preview":"max-image-preview:large","max-video-preview":"max-video-preview:-1"},"og_locale":"sv_SE","og_type":"article","og_title":"Ofuro med gaskamin - Awero - S\u00fcdamega L\u00f5una-Eestist","og_description":"Badtunnan OFURO med gaskamin i AISI 304 \u00e4r ett privat och h\u00f6gkvalitativt hemmaspa f\u00f6r tv\u00e5 personer som \u00e4r full\u00e4ndat in i minsta detalj, anv\u00e4ndbart \u00e5ret runt och l\u00e4ttsk\u00f6tt.","og_url":"https:\/\/dev.awero.ee\/sv\/toode\/ofuro-med-gaskamin\/","og_site_name":"Awero - S\u00fcdamega L\u00f5una-Eestist","article_modified_time":"2026-03-10T07:59:07+00:00","og_image":[{"width":2500,"height":1667,"url":"https:\/\/dev.awero.ee\/wp-content\/uploads\/2025\/02\/Ofuro_gaasiahjuga.jpg","type":"image\/jpeg"}],"twitter_card":"summary_large_image","twitter_misc":{"Ber\u00e4knad l\u00e4stid":"1 minut"},"schema":{"@context":"https:\/\/schema.org","@graph":[{"@type":"WebPage","@id":"https:\/\/dev.awero.ee\/sv\/toode\/ofuro-med-gaskamin\/","url":"https:\/\/dev.awero.ee\/sv\/toode\/ofuro-med-gaskamin\/","name":"Ofuro med gaskamin - Awero - S\u00fcdamega L\u00f5una-Eestist","isPartOf":{"@id":"https:\/\/dev.awero.ee\/sv\/#website"},"primaryImageOfPage":{"@id":"https:\/\/dev.awero.ee\/sv\/toode\/ofuro-med-gaskamin\/#primaryimage"},"image":{"@id":"https:\/\/dev.awero.ee\/sv\/toode\/ofuro-med-gaskamin\/#primaryimage"},"thumbnailUrl":"https:\/\/dev.awero.ee\/wp-content\/uploads\/2025\/02\/Ofuro_gaasiahjuga.jpg","datePublished":"2025-02-18T11:01:16+00:00","dateModified":"2026-03-10T07:59:07+00:00","breadcrumb":{"@id":"https:\/\/dev.awero.ee\/sv\/toode\/ofuro-med-gaskamin\/#breadcrumb"},"inLanguage":"sv-SE","potentialAction":[{"@type":"ReadAction","target":["https:\/\/dev.awero.ee\/sv\/toode\/ofuro-med-gaskamin\/"]}]},{"@type":"ImageObject","inLanguage":"sv-SE","@id":"https:\/\/dev.awero.ee\/sv\/toode\/ofuro-med-gaskamin\/#primaryimage","url":"https:\/\/dev.awero.ee\/wp-content\/uploads\/2025\/02\/Ofuro_gaasiahjuga.jpg","contentUrl":"https:\/\/dev.awero.ee\/wp-content\/uploads\/2025\/02\/Ofuro_gaasiahjuga.jpg","width":2500,"height":1667},{"@type":"BreadcrumbList","@id":"https:\/\/dev.awero.ee\/sv\/toode\/ofuro-med-gaskamin\/#breadcrumb","itemListElement":[{"@type":"ListItem","position":1,"name":"Home","item":"https:\/\/dev.awero.ee\/sv\/startsida\/"},{"@type":"ListItem","position":2,"name":"Butik","item":"https:\/\/dev.awero.ee\/sv\/butik\/"},{"@type":"ListItem","position":3,"name":"Ofuro med gaskamin"}]},{"@type":"WebSite","@id":"https:\/\/dev.awero.ee\/sv\/#website","url":"https:\/\/dev.awero.ee\/sv\/","name":"Awero - S\u00fcdamega L\u00f5una Eestist","description":"","publisher":{"@id":"https:\/\/dev.awero.ee\/sv\/#organization"},"potentialAction":[{"@type":"SearchAction","target":{"@type":"EntryPoint","urlTemplate":"https:\/\/dev.awero.ee\/sv\/?s={search_term_string}"},"query-input":{"@type":"PropertyValueSpecification","valueRequired":true,"valueName":"search_term_string"}}],"inLanguage":"sv-SE"},{"@type":"Organization","@id":"https:\/\/dev.awero.ee\/sv\/#organization","name":"Awero - S\u00fcdamega L\u00f5una Eestist","url":"https:\/\/dev.awero.ee\/sv\/","logo":{"@type":"ImageObject","inLanguage":"sv-SE","@id":"https:\/\/dev.awero.ee\/sv\/#\/schema\/logo\/image\/","url":"https:\/\/dev.awero.ee\/wp-content\/uploads\/2024\/07\/aweroplaceholder.jpg","contentUrl":"https:\/\/dev.awero.ee\/wp-content\/uploads\/2024\/07\/aweroplaceholder.jpg","width":1250,"height":834,"caption":"Awero - S\u00fcdamega L\u00f5una Eestist"},"image":{"@id":"https:\/\/dev.awero.ee\/sv\/#\/schema\/logo\/image\/"}}]}},"_links":{"self":[{"href":"https:\/\/dev.awero.ee\/sv\/wp-json\/wp\/v2\/product\/7119","targetHints":{"allow":["GET"]}}],"collection":[{"href":"https:\/\/dev.awero.ee\/sv\/wp-json\/wp\/v2\/product"}],"about":[{"href":"https:\/\/dev.awero.ee\/sv\/wp-json\/wp\/v2\/types\/product"}],"wp:featuredmedia":[{"embeddable":true,"href":"https:\/\/dev.awero.ee\/sv\/wp-json\/wp\/v2\/media\/4866"}],"wp:attachment":[{"href":"https:\/\/dev.awero.ee\/sv\/wp-json\/wp\/v2\/media?parent=7119"}],"wp:term":[{"taxonomy":"product_brand","embeddable":true,"href":"https:\/\/dev.awero.ee\/sv\/wp-json\/wp\/v2\/product_brand?post=7119"},{"taxonomy":"product_cat","embeddable":true,"href":"https:\/\/dev.awero.ee\/sv\/wp-json\/wp\/v2\/product_cat?post=7119"},{"taxonomy":"product_tag","embeddable":true,"href":"https:\/\/dev.awero.ee\/sv\/wp-json\/wp\/v2\/product_tag?post=7119"}],"curies":[{"name":"wp","href":"https:\/\/api.w.org\/{rel}","templated":true}]}}