{"id":7183,"date":"2025-02-19T12:35:47","date_gmt":"2025-02-19T12:35:47","guid":{"rendered":"https:\/\/dev.awero.ee\/toode\/badtunna-160-med-extern-kamin\/"},"modified":"2026-03-10T07:59:09","modified_gmt":"2026-03-10T07:59:09","slug":"badtunna-160-med-extern-kamin","status":"publish","type":"product","link":"https:\/\/dev.awero.ee\/sv\/toode\/badtunna-160-med-extern-kamin\/","title":{"rendered":"Badtunna 160 med extern kamin"},"content":{"rendered":"<div class=\"container single-product-description-text\">\n<p><strong>I leveransen ing\u00e5r:<\/strong><\/p>\n<ul>\n<li>extern kamin (30 kW) i rostfritt st\u00e5l<\/li>\n<li>2 m skorsten med skyddsgaller och skorstenshatt<\/li>\n<li>ytterh\u00f6lje av v\u00e4rmebehandlat tr\u00e4 (ytbehandlat med tr\u00e4skyddsmedel)<\/li>\n<li>tv\u00e5delad rund trappa<\/li>\n<li><strong>glasfiberinsats <\/strong>(f\u00e4rgurval: gr\u00e5, vit, bl\u00e5).<\/li>\n<\/ul>\n<p>Ett brett utbud av<a href=\"https:\/\/dev.awero.ee\/sv\/produktkategorier\/extrautrustning\/\"> <strong>tillval <\/strong><\/a>kan best\u00e4llas till badtunnan: LED-belysning (RGB), bubbelsystem, digital vattentermometer, muggh\u00e5llare, filtersystem, glasfiberlock, isolerat termolock, PVC-\u00f6verdrag och betongbas.<\/p>\n<\/div>\n","protected":false},"excerpt":{"rendered":"<p>Det speciella med denna badtunna ligger i dess l\u00e4ttsk\u00f6tta<strong> glasfiberinsats, <\/strong>lyxiga ytterh\u00f6lje av v\u00e4rmebehandlat tr\u00e4 och h\u00f6gkvalitativa externa kamin i rostfritt st\u00e5l. Uppv\u00e4rmning av badtunnan tar mindre tid och br\u00e4nsle f\u00f6r att du ska kunna b\u00f6rja njuta av harmoni och sk\u00f6na avkopplingsstunder. <\/p>\n","protected":false},"featured_media":4959,"template":"","meta":{"_acf_changed":false},"product_brand":[],"product_cat":[574,580],"product_tag":[],"class_list":{"0":"post-7183","1":"product","2":"type-product","3":"status-publish","4":"has-post-thumbnail","6":"product_cat-badtunnor","7":"product_cat-med-utomhusugn","9":"first","10":"instock","11":"sale","12":"shipping-taxable","13":"product-type-variable"},"acf":[],"yoast_head":"<!-- This site is optimized with the Yoast SEO plugin v26.8 - https:\/\/yoast.com\/product\/yoast-seo-wordpress\/ -->\n<title>Badtunna 160 med extern kamin - Awero - S\u00fcdamega L\u00f5una-Eestist<\/title>\n<meta name=\"robots\" content=\"noindex, follow, max-snippet:-1, max-image-preview:large, max-video-preview:-1\" \/>\n<meta property=\"og:locale\" content=\"sv_SE\" \/>\n<meta property=\"og:type\" content=\"article\" \/>\n<meta property=\"og:title\" content=\"Badtunna 160 med extern kamin - Awero - S\u00fcdamega L\u00f5una-Eestist\" \/>\n<meta property=\"og:description\" content=\"Det speciella med denna badtunna ligger i dess l\u00e4ttsk\u00f6tta glasfiberinsats, lyxiga ytterh\u00f6lje av v\u00e4rmebehandlat tr\u00e4 och h\u00f6gkvalitativa externa kamin i rostfritt st\u00e5l. Uppv\u00e4rmning av badtunnan tar mindre tid och br\u00e4nsle f\u00f6r att du ska kunna b\u00f6rja njuta av harmoni och sk\u00f6na avkopplingsstunder.\" \/>\n<meta property=\"og:url\" content=\"https:\/\/dev.awero.ee\/sv\/toode\/badtunna-160-med-extern-kamin\/\" \/>\n<meta property=\"og:site_name\" content=\"Awero - S\u00fcdamega L\u00f5una-Eestist\" \/>\n<meta property=\"article:modified_time\" content=\"2026-03-10T07:59:09+00:00\" \/>\n<meta property=\"og:image\" content=\"https:\/\/dev.awero.ee\/wp-content\/uploads\/2025\/02\/Hottube-D160-valisahjuga.jpg\" \/>\n\t<meta property=\"og:image:width\" content=\"2500\" \/>\n\t<meta property=\"og:image:height\" content=\"1667\" \/>\n\t<meta property=\"og:image:type\" content=\"image\/jpeg\" \/>\n<meta name=\"twitter:card\" content=\"summary_large_image\" \/>\n<script type=\"application\/ld+json\" class=\"yoast-schema-graph\">{\"@context\":\"https:\/\/schema.org\",\"@graph\":[{\"@type\":\"WebPage\",\"@id\":\"https:\/\/dev.awero.ee\/sv\/toode\/badtunna-160-med-extern-kamin\/\",\"url\":\"https:\/\/dev.awero.ee\/sv\/toode\/badtunna-160-med-extern-kamin\/\",\"name\":\"Badtunna 160 med extern kamin - Awero - S\u00fcdamega L\u00f5una-Eestist\",\"isPartOf\":{\"@id\":\"https:\/\/dev.awero.ee\/sv\/#website\"},\"primaryImageOfPage\":{\"@id\":\"https:\/\/dev.awero.ee\/sv\/toode\/badtunna-160-med-extern-kamin\/#primaryimage\"},\"image\":{\"@id\":\"https:\/\/dev.awero.ee\/sv\/toode\/badtunna-160-med-extern-kamin\/#primaryimage\"},\"thumbnailUrl\":\"https:\/\/dev.awero.ee\/wp-content\/uploads\/2025\/02\/Hottube-D160-valisahjuga.jpg\",\"datePublished\":\"2025-02-19T12:35:47+00:00\",\"dateModified\":\"2026-03-10T07:59:09+00:00\",\"breadcrumb\":{\"@id\":\"https:\/\/dev.awero.ee\/sv\/toode\/badtunna-160-med-extern-kamin\/#breadcrumb\"},\"inLanguage\":\"sv-SE\",\"potentialAction\":[{\"@type\":\"ReadAction\",\"target\":[\"https:\/\/dev.awero.ee\/sv\/toode\/badtunna-160-med-extern-kamin\/\"]}]},{\"@type\":\"ImageObject\",\"inLanguage\":\"sv-SE\",\"@id\":\"https:\/\/dev.awero.ee\/sv\/toode\/badtunna-160-med-extern-kamin\/#primaryimage\",\"url\":\"https:\/\/dev.awero.ee\/wp-content\/uploads\/2025\/02\/Hottube-D160-valisahjuga.jpg\",\"contentUrl\":\"https:\/\/dev.awero.ee\/wp-content\/uploads\/2025\/02\/Hottube-D160-valisahjuga.jpg\",\"width\":2500,\"height\":1667},{\"@type\":\"BreadcrumbList\",\"@id\":\"https:\/\/dev.awero.ee\/sv\/toode\/badtunna-160-med-extern-kamin\/#breadcrumb\",\"itemListElement\":[{\"@type\":\"ListItem\",\"position\":1,\"name\":\"Home\",\"item\":\"https:\/\/dev.awero.ee\/sv\/startsida\/\"},{\"@type\":\"ListItem\",\"position\":2,\"name\":\"Butik\",\"item\":\"https:\/\/dev.awero.ee\/sv\/butik\/\"},{\"@type\":\"ListItem\",\"position\":3,\"name\":\"Badtunna 160 med extern kamin\"}]},{\"@type\":\"WebSite\",\"@id\":\"https:\/\/dev.awero.ee\/sv\/#website\",\"url\":\"https:\/\/dev.awero.ee\/sv\/\",\"name\":\"Awero - S\u00fcdamega L\u00f5una Eestist\",\"description\":\"\",\"publisher\":{\"@id\":\"https:\/\/dev.awero.ee\/sv\/#organization\"},\"potentialAction\":[{\"@type\":\"SearchAction\",\"target\":{\"@type\":\"EntryPoint\",\"urlTemplate\":\"https:\/\/dev.awero.ee\/sv\/?s={search_term_string}\"},\"query-input\":{\"@type\":\"PropertyValueSpecification\",\"valueRequired\":true,\"valueName\":\"search_term_string\"}}],\"inLanguage\":\"sv-SE\"},{\"@type\":\"Organization\",\"@id\":\"https:\/\/dev.awero.ee\/sv\/#organization\",\"name\":\"Awero - S\u00fcdamega L\u00f5una Eestist\",\"url\":\"https:\/\/dev.awero.ee\/sv\/\",\"logo\":{\"@type\":\"ImageObject\",\"inLanguage\":\"sv-SE\",\"@id\":\"https:\/\/dev.awero.ee\/sv\/#\/schema\/logo\/image\/\",\"url\":\"https:\/\/dev.awero.ee\/wp-content\/uploads\/2024\/07\/aweroplaceholder.jpg\",\"contentUrl\":\"https:\/\/dev.awero.ee\/wp-content\/uploads\/2024\/07\/aweroplaceholder.jpg\",\"width\":1250,\"height\":834,\"caption\":\"Awero - S\u00fcdamega L\u00f5una Eestist\"},\"image\":{\"@id\":\"https:\/\/dev.awero.ee\/sv\/#\/schema\/logo\/image\/\"}}]}<\/script>\n<!-- \/ Yoast SEO plugin. -->","yoast_head_json":{"title":"Badtunna 160 med extern kamin - Awero - S\u00fcdamega L\u00f5una-Eestist","robots":{"index":"noindex","follow":"follow","max-snippet":"max-snippet:-1","max-image-preview":"max-image-preview:large","max-video-preview":"max-video-preview:-1"},"og_locale":"sv_SE","og_type":"article","og_title":"Badtunna 160 med extern kamin - Awero - S\u00fcdamega L\u00f5una-Eestist","og_description":"Det speciella med denna badtunna ligger i dess l\u00e4ttsk\u00f6tta glasfiberinsats, lyxiga ytterh\u00f6lje av v\u00e4rmebehandlat tr\u00e4 och h\u00f6gkvalitativa externa kamin i rostfritt st\u00e5l. Uppv\u00e4rmning av badtunnan tar mindre tid och br\u00e4nsle f\u00f6r att du ska kunna b\u00f6rja njuta av harmoni och sk\u00f6na avkopplingsstunder.","og_url":"https:\/\/dev.awero.ee\/sv\/toode\/badtunna-160-med-extern-kamin\/","og_site_name":"Awero - S\u00fcdamega L\u00f5una-Eestist","article_modified_time":"2026-03-10T07:59:09+00:00","og_image":[{"width":2500,"height":1667,"url":"https:\/\/dev.awero.ee\/wp-content\/uploads\/2025\/02\/Hottube-D160-valisahjuga.jpg","type":"image\/jpeg"}],"twitter_card":"summary_large_image","schema":{"@context":"https:\/\/schema.org","@graph":[{"@type":"WebPage","@id":"https:\/\/dev.awero.ee\/sv\/toode\/badtunna-160-med-extern-kamin\/","url":"https:\/\/dev.awero.ee\/sv\/toode\/badtunna-160-med-extern-kamin\/","name":"Badtunna 160 med extern kamin - Awero - S\u00fcdamega L\u00f5una-Eestist","isPartOf":{"@id":"https:\/\/dev.awero.ee\/sv\/#website"},"primaryImageOfPage":{"@id":"https:\/\/dev.awero.ee\/sv\/toode\/badtunna-160-med-extern-kamin\/#primaryimage"},"image":{"@id":"https:\/\/dev.awero.ee\/sv\/toode\/badtunna-160-med-extern-kamin\/#primaryimage"},"thumbnailUrl":"https:\/\/dev.awero.ee\/wp-content\/uploads\/2025\/02\/Hottube-D160-valisahjuga.jpg","datePublished":"2025-02-19T12:35:47+00:00","dateModified":"2026-03-10T07:59:09+00:00","breadcrumb":{"@id":"https:\/\/dev.awero.ee\/sv\/toode\/badtunna-160-med-extern-kamin\/#breadcrumb"},"inLanguage":"sv-SE","potentialAction":[{"@type":"ReadAction","target":["https:\/\/dev.awero.ee\/sv\/toode\/badtunna-160-med-extern-kamin\/"]}]},{"@type":"ImageObject","inLanguage":"sv-SE","@id":"https:\/\/dev.awero.ee\/sv\/toode\/badtunna-160-med-extern-kamin\/#primaryimage","url":"https:\/\/dev.awero.ee\/wp-content\/uploads\/2025\/02\/Hottube-D160-valisahjuga.jpg","contentUrl":"https:\/\/dev.awero.ee\/wp-content\/uploads\/2025\/02\/Hottube-D160-valisahjuga.jpg","width":2500,"height":1667},{"@type":"BreadcrumbList","@id":"https:\/\/dev.awero.ee\/sv\/toode\/badtunna-160-med-extern-kamin\/#breadcrumb","itemListElement":[{"@type":"ListItem","position":1,"name":"Home","item":"https:\/\/dev.awero.ee\/sv\/startsida\/"},{"@type":"ListItem","position":2,"name":"Butik","item":"https:\/\/dev.awero.ee\/sv\/butik\/"},{"@type":"ListItem","position":3,"name":"Badtunna 160 med extern kamin"}]},{"@type":"WebSite","@id":"https:\/\/dev.awero.ee\/sv\/#website","url":"https:\/\/dev.awero.ee\/sv\/","name":"Awero - S\u00fcdamega L\u00f5una Eestist","description":"","publisher":{"@id":"https:\/\/dev.awero.ee\/sv\/#organization"},"potentialAction":[{"@type":"SearchAction","target":{"@type":"EntryPoint","urlTemplate":"https:\/\/dev.awero.ee\/sv\/?s={search_term_string}"},"query-input":{"@type":"PropertyValueSpecification","valueRequired":true,"valueName":"search_term_string"}}],"inLanguage":"sv-SE"},{"@type":"Organization","@id":"https:\/\/dev.awero.ee\/sv\/#organization","name":"Awero - S\u00fcdamega L\u00f5una Eestist","url":"https:\/\/dev.awero.ee\/sv\/","logo":{"@type":"ImageObject","inLanguage":"sv-SE","@id":"https:\/\/dev.awero.ee\/sv\/#\/schema\/logo\/image\/","url":"https:\/\/dev.awero.ee\/wp-content\/uploads\/2024\/07\/aweroplaceholder.jpg","contentUrl":"https:\/\/dev.awero.ee\/wp-content\/uploads\/2024\/07\/aweroplaceholder.jpg","width":1250,"height":834,"caption":"Awero - S\u00fcdamega L\u00f5una Eestist"},"image":{"@id":"https:\/\/dev.awero.ee\/sv\/#\/schema\/logo\/image\/"}}]}},"_links":{"self":[{"href":"https:\/\/dev.awero.ee\/sv\/wp-json\/wp\/v2\/product\/7183","targetHints":{"allow":["GET"]}}],"collection":[{"href":"https:\/\/dev.awero.ee\/sv\/wp-json\/wp\/v2\/product"}],"about":[{"href":"https:\/\/dev.awero.ee\/sv\/wp-json\/wp\/v2\/types\/product"}],"wp:featuredmedia":[{"embeddable":true,"href":"https:\/\/dev.awero.ee\/sv\/wp-json\/wp\/v2\/media\/4959"}],"wp:attachment":[{"href":"https:\/\/dev.awero.ee\/sv\/wp-json\/wp\/v2\/media?parent=7183"}],"wp:term":[{"taxonomy":"product_brand","embeddable":true,"href":"https:\/\/dev.awero.ee\/sv\/wp-json\/wp\/v2\/product_brand?post=7183"},{"taxonomy":"product_cat","embeddable":true,"href":"https:\/\/dev.awero.ee\/sv\/wp-json\/wp\/v2\/product_cat?post=7183"},{"taxonomy":"product_tag","embeddable":true,"href":"https:\/\/dev.awero.ee\/sv\/wp-json\/wp\/v2\/product_tag?post=7183"}],"curies":[{"name":"wp","href":"https:\/\/api.w.org\/{rel}","templated":true}]}}