{"id":7199,"date":"2025-03-03T17:51:22","date_gmt":"2025-03-03T17:51:22","guid":{"rendered":"https:\/\/dev.awero.ee\/toode\/badtunna-170-med-intern-kamin\/"},"modified":"2026-03-10T07:59:09","modified_gmt":"2026-03-10T07:59:09","slug":"badtunna-170-med-intern-kamin","status":"publish","type":"product","link":"https:\/\/dev.awero.ee\/sv\/toode\/badtunna-170-med-intern-kamin\/","title":{"rendered":"Badtunna 170 med intern kamin"},"content":{"rendered":"","protected":false},"excerpt":{"rendered":"<p>Denna h\u00f6gkvalitativa badtunna med intern kamin och 170 cm diameter \u00e4r perfekt f\u00f6r ett mindre s\u00e4llskap. Den utv\u00e4ndiga delen \u00e4r av h\u00e5llbart och v\u00e4derbest\u00e4ndigt v\u00e4rmebehandlat tr\u00e4. Insidan \u00e4r av l\u00e4ttsk\u00f6tt glasfiberplast som s\u00e4kerst\u00e4ller bekv\u00e4m anv\u00e4ndning och en l\u00e5ng livsl\u00e4ngd. Vattnet v\u00e4rms upp med hj\u00e4lp av en kraftfull intern kamin i rostfritt st\u00e5l som s\u00e4kerst\u00e4ller snabb och j\u00e4mn uppv\u00e4rmning. En rund trappa av v\u00e4rmebehandlat tr\u00e4 med tv\u00e5 trappsteg ing\u00e5r. Ett perfekt val f\u00f6r avkoppling \u00e5ret runt.     <\/p>\n","protected":false},"featured_media":4968,"template":"","meta":{"_acf_changed":false},"product_brand":[],"product_cat":[574,579],"product_tag":[],"class_list":{"0":"post-7199","1":"product","2":"type-product","3":"status-publish","4":"has-post-thumbnail","6":"product_cat-badtunnor","7":"product_cat-med-inbyggd-ugn","9":"first","10":"instock","11":"sale","12":"shipping-taxable","13":"product-type-variable"},"acf":[],"yoast_head":"<!-- This site is optimized with the Yoast SEO plugin v26.8 - https:\/\/yoast.com\/product\/yoast-seo-wordpress\/ -->\n<title>Badtunna 170 med intern kamin - Awero - S\u00fcdamega L\u00f5una-Eestist<\/title>\n<meta name=\"robots\" content=\"noindex, follow, max-snippet:-1, max-image-preview:large, max-video-preview:-1\" \/>\n<meta property=\"og:locale\" content=\"sv_SE\" \/>\n<meta property=\"og:type\" content=\"article\" \/>\n<meta property=\"og:title\" content=\"Badtunna 170 med intern kamin - Awero - S\u00fcdamega L\u00f5una-Eestist\" \/>\n<meta property=\"og:description\" content=\"Denna h\u00f6gkvalitativa badtunna med intern kamin och 170 cm diameter \u00e4r perfekt f\u00f6r ett mindre s\u00e4llskap. Den utv\u00e4ndiga delen \u00e4r av h\u00e5llbart och v\u00e4derbest\u00e4ndigt v\u00e4rmebehandlat tr\u00e4. Insidan \u00e4r av l\u00e4ttsk\u00f6tt glasfiberplast som s\u00e4kerst\u00e4ller bekv\u00e4m anv\u00e4ndning och en l\u00e5ng livsl\u00e4ngd. Vattnet v\u00e4rms upp med hj\u00e4lp av en kraftfull intern kamin i rostfritt st\u00e5l som s\u00e4kerst\u00e4ller snabb och j\u00e4mn uppv\u00e4rmning. En rund trappa av v\u00e4rmebehandlat tr\u00e4 med tv\u00e5 trappsteg ing\u00e5r. Ett perfekt val f\u00f6r avkoppling \u00e5ret runt.\" \/>\n<meta property=\"og:url\" content=\"https:\/\/dev.awero.ee\/sv\/toode\/badtunna-170-med-intern-kamin\/\" \/>\n<meta property=\"og:site_name\" content=\"Awero - S\u00fcdamega L\u00f5una-Eestist\" \/>\n<meta property=\"article:modified_time\" content=\"2026-03-10T07:59:09+00:00\" \/>\n<meta property=\"og:image\" content=\"https:\/\/dev.awero.ee\/wp-content\/uploads\/2025\/02\/Hottub_D170_siseahjuga.jpg\" \/>\n\t<meta property=\"og:image:width\" content=\"2500\" \/>\n\t<meta property=\"og:image:height\" content=\"1667\" \/>\n\t<meta property=\"og:image:type\" content=\"image\/jpeg\" \/>\n<meta name=\"twitter:card\" content=\"summary_large_image\" \/>\n<script type=\"application\/ld+json\" class=\"yoast-schema-graph\">{\"@context\":\"https:\/\/schema.org\",\"@graph\":[{\"@type\":\"WebPage\",\"@id\":\"https:\/\/dev.awero.ee\/sv\/toode\/badtunna-170-med-intern-kamin\/\",\"url\":\"https:\/\/dev.awero.ee\/sv\/toode\/badtunna-170-med-intern-kamin\/\",\"name\":\"Badtunna 170 med intern kamin - Awero - S\u00fcdamega L\u00f5una-Eestist\",\"isPartOf\":{\"@id\":\"https:\/\/dev.awero.ee\/sv\/#website\"},\"primaryImageOfPage\":{\"@id\":\"https:\/\/dev.awero.ee\/sv\/toode\/badtunna-170-med-intern-kamin\/#primaryimage\"},\"image\":{\"@id\":\"https:\/\/dev.awero.ee\/sv\/toode\/badtunna-170-med-intern-kamin\/#primaryimage\"},\"thumbnailUrl\":\"https:\/\/dev.awero.ee\/wp-content\/uploads\/2025\/02\/Hottub_D170_siseahjuga.jpg\",\"datePublished\":\"2025-03-03T17:51:22+00:00\",\"dateModified\":\"2026-03-10T07:59:09+00:00\",\"breadcrumb\":{\"@id\":\"https:\/\/dev.awero.ee\/sv\/toode\/badtunna-170-med-intern-kamin\/#breadcrumb\"},\"inLanguage\":\"sv-SE\",\"potentialAction\":[{\"@type\":\"ReadAction\",\"target\":[\"https:\/\/dev.awero.ee\/sv\/toode\/badtunna-170-med-intern-kamin\/\"]}]},{\"@type\":\"ImageObject\",\"inLanguage\":\"sv-SE\",\"@id\":\"https:\/\/dev.awero.ee\/sv\/toode\/badtunna-170-med-intern-kamin\/#primaryimage\",\"url\":\"https:\/\/dev.awero.ee\/wp-content\/uploads\/2025\/02\/Hottub_D170_siseahjuga.jpg\",\"contentUrl\":\"https:\/\/dev.awero.ee\/wp-content\/uploads\/2025\/02\/Hottub_D170_siseahjuga.jpg\",\"width\":2500,\"height\":1667},{\"@type\":\"BreadcrumbList\",\"@id\":\"https:\/\/dev.awero.ee\/sv\/toode\/badtunna-170-med-intern-kamin\/#breadcrumb\",\"itemListElement\":[{\"@type\":\"ListItem\",\"position\":1,\"name\":\"Home\",\"item\":\"https:\/\/dev.awero.ee\/sv\/startsida\/\"},{\"@type\":\"ListItem\",\"position\":2,\"name\":\"Butik\",\"item\":\"https:\/\/dev.awero.ee\/sv\/butik\/\"},{\"@type\":\"ListItem\",\"position\":3,\"name\":\"Badtunna 170 med intern kamin\"}]},{\"@type\":\"WebSite\",\"@id\":\"https:\/\/dev.awero.ee\/sv\/#website\",\"url\":\"https:\/\/dev.awero.ee\/sv\/\",\"name\":\"Awero - S\u00fcdamega L\u00f5una Eestist\",\"description\":\"\",\"publisher\":{\"@id\":\"https:\/\/dev.awero.ee\/sv\/#organization\"},\"potentialAction\":[{\"@type\":\"SearchAction\",\"target\":{\"@type\":\"EntryPoint\",\"urlTemplate\":\"https:\/\/dev.awero.ee\/sv\/?s={search_term_string}\"},\"query-input\":{\"@type\":\"PropertyValueSpecification\",\"valueRequired\":true,\"valueName\":\"search_term_string\"}}],\"inLanguage\":\"sv-SE\"},{\"@type\":\"Organization\",\"@id\":\"https:\/\/dev.awero.ee\/sv\/#organization\",\"name\":\"Awero - S\u00fcdamega L\u00f5una Eestist\",\"url\":\"https:\/\/dev.awero.ee\/sv\/\",\"logo\":{\"@type\":\"ImageObject\",\"inLanguage\":\"sv-SE\",\"@id\":\"https:\/\/dev.awero.ee\/sv\/#\/schema\/logo\/image\/\",\"url\":\"https:\/\/dev.awero.ee\/wp-content\/uploads\/2024\/07\/aweroplaceholder.jpg\",\"contentUrl\":\"https:\/\/dev.awero.ee\/wp-content\/uploads\/2024\/07\/aweroplaceholder.jpg\",\"width\":1250,\"height\":834,\"caption\":\"Awero - S\u00fcdamega L\u00f5una Eestist\"},\"image\":{\"@id\":\"https:\/\/dev.awero.ee\/sv\/#\/schema\/logo\/image\/\"}}]}<\/script>\n<!-- \/ Yoast SEO plugin. -->","yoast_head_json":{"title":"Badtunna 170 med intern kamin - Awero - S\u00fcdamega L\u00f5una-Eestist","robots":{"index":"noindex","follow":"follow","max-snippet":"max-snippet:-1","max-image-preview":"max-image-preview:large","max-video-preview":"max-video-preview:-1"},"og_locale":"sv_SE","og_type":"article","og_title":"Badtunna 170 med intern kamin - Awero - S\u00fcdamega L\u00f5una-Eestist","og_description":"Denna h\u00f6gkvalitativa badtunna med intern kamin och 170 cm diameter \u00e4r perfekt f\u00f6r ett mindre s\u00e4llskap. Den utv\u00e4ndiga delen \u00e4r av h\u00e5llbart och v\u00e4derbest\u00e4ndigt v\u00e4rmebehandlat tr\u00e4. Insidan \u00e4r av l\u00e4ttsk\u00f6tt glasfiberplast som s\u00e4kerst\u00e4ller bekv\u00e4m anv\u00e4ndning och en l\u00e5ng livsl\u00e4ngd. Vattnet v\u00e4rms upp med hj\u00e4lp av en kraftfull intern kamin i rostfritt st\u00e5l som s\u00e4kerst\u00e4ller snabb och j\u00e4mn uppv\u00e4rmning. En rund trappa av v\u00e4rmebehandlat tr\u00e4 med tv\u00e5 trappsteg ing\u00e5r. Ett perfekt val f\u00f6r avkoppling \u00e5ret runt.","og_url":"https:\/\/dev.awero.ee\/sv\/toode\/badtunna-170-med-intern-kamin\/","og_site_name":"Awero - S\u00fcdamega L\u00f5una-Eestist","article_modified_time":"2026-03-10T07:59:09+00:00","og_image":[{"width":2500,"height":1667,"url":"https:\/\/dev.awero.ee\/wp-content\/uploads\/2025\/02\/Hottub_D170_siseahjuga.jpg","type":"image\/jpeg"}],"twitter_card":"summary_large_image","schema":{"@context":"https:\/\/schema.org","@graph":[{"@type":"WebPage","@id":"https:\/\/dev.awero.ee\/sv\/toode\/badtunna-170-med-intern-kamin\/","url":"https:\/\/dev.awero.ee\/sv\/toode\/badtunna-170-med-intern-kamin\/","name":"Badtunna 170 med intern kamin - Awero - S\u00fcdamega L\u00f5una-Eestist","isPartOf":{"@id":"https:\/\/dev.awero.ee\/sv\/#website"},"primaryImageOfPage":{"@id":"https:\/\/dev.awero.ee\/sv\/toode\/badtunna-170-med-intern-kamin\/#primaryimage"},"image":{"@id":"https:\/\/dev.awero.ee\/sv\/toode\/badtunna-170-med-intern-kamin\/#primaryimage"},"thumbnailUrl":"https:\/\/dev.awero.ee\/wp-content\/uploads\/2025\/02\/Hottub_D170_siseahjuga.jpg","datePublished":"2025-03-03T17:51:22+00:00","dateModified":"2026-03-10T07:59:09+00:00","breadcrumb":{"@id":"https:\/\/dev.awero.ee\/sv\/toode\/badtunna-170-med-intern-kamin\/#breadcrumb"},"inLanguage":"sv-SE","potentialAction":[{"@type":"ReadAction","target":["https:\/\/dev.awero.ee\/sv\/toode\/badtunna-170-med-intern-kamin\/"]}]},{"@type":"ImageObject","inLanguage":"sv-SE","@id":"https:\/\/dev.awero.ee\/sv\/toode\/badtunna-170-med-intern-kamin\/#primaryimage","url":"https:\/\/dev.awero.ee\/wp-content\/uploads\/2025\/02\/Hottub_D170_siseahjuga.jpg","contentUrl":"https:\/\/dev.awero.ee\/wp-content\/uploads\/2025\/02\/Hottub_D170_siseahjuga.jpg","width":2500,"height":1667},{"@type":"BreadcrumbList","@id":"https:\/\/dev.awero.ee\/sv\/toode\/badtunna-170-med-intern-kamin\/#breadcrumb","itemListElement":[{"@type":"ListItem","position":1,"name":"Home","item":"https:\/\/dev.awero.ee\/sv\/startsida\/"},{"@type":"ListItem","position":2,"name":"Butik","item":"https:\/\/dev.awero.ee\/sv\/butik\/"},{"@type":"ListItem","position":3,"name":"Badtunna 170 med intern kamin"}]},{"@type":"WebSite","@id":"https:\/\/dev.awero.ee\/sv\/#website","url":"https:\/\/dev.awero.ee\/sv\/","name":"Awero - S\u00fcdamega L\u00f5una Eestist","description":"","publisher":{"@id":"https:\/\/dev.awero.ee\/sv\/#organization"},"potentialAction":[{"@type":"SearchAction","target":{"@type":"EntryPoint","urlTemplate":"https:\/\/dev.awero.ee\/sv\/?s={search_term_string}"},"query-input":{"@type":"PropertyValueSpecification","valueRequired":true,"valueName":"search_term_string"}}],"inLanguage":"sv-SE"},{"@type":"Organization","@id":"https:\/\/dev.awero.ee\/sv\/#organization","name":"Awero - S\u00fcdamega L\u00f5una Eestist","url":"https:\/\/dev.awero.ee\/sv\/","logo":{"@type":"ImageObject","inLanguage":"sv-SE","@id":"https:\/\/dev.awero.ee\/sv\/#\/schema\/logo\/image\/","url":"https:\/\/dev.awero.ee\/wp-content\/uploads\/2024\/07\/aweroplaceholder.jpg","contentUrl":"https:\/\/dev.awero.ee\/wp-content\/uploads\/2024\/07\/aweroplaceholder.jpg","width":1250,"height":834,"caption":"Awero - S\u00fcdamega L\u00f5una Eestist"},"image":{"@id":"https:\/\/dev.awero.ee\/sv\/#\/schema\/logo\/image\/"}}]}},"_links":{"self":[{"href":"https:\/\/dev.awero.ee\/sv\/wp-json\/wp\/v2\/product\/7199","targetHints":{"allow":["GET"]}}],"collection":[{"href":"https:\/\/dev.awero.ee\/sv\/wp-json\/wp\/v2\/product"}],"about":[{"href":"https:\/\/dev.awero.ee\/sv\/wp-json\/wp\/v2\/types\/product"}],"wp:featuredmedia":[{"embeddable":true,"href":"https:\/\/dev.awero.ee\/sv\/wp-json\/wp\/v2\/media\/4968"}],"wp:attachment":[{"href":"https:\/\/dev.awero.ee\/sv\/wp-json\/wp\/v2\/media?parent=7199"}],"wp:term":[{"taxonomy":"product_brand","embeddable":true,"href":"https:\/\/dev.awero.ee\/sv\/wp-json\/wp\/v2\/product_brand?post=7199"},{"taxonomy":"product_cat","embeddable":true,"href":"https:\/\/dev.awero.ee\/sv\/wp-json\/wp\/v2\/product_cat?post=7199"},{"taxonomy":"product_tag","embeddable":true,"href":"https:\/\/dev.awero.ee\/sv\/wp-json\/wp\/v2\/product_tag?post=7199"}],"curies":[{"name":"wp","href":"https:\/\/api.w.org\/{rel}","templated":true}]}}