{"id":7259,"date":"2025-03-10T06:33:27","date_gmt":"2025-03-10T06:33:27","guid":{"rendered":"https:\/\/dev.awero.ee\/toode\/badtunna-200-med-intern-kamin-gran\/"},"modified":"2026-03-10T07:59:10","modified_gmt":"2026-03-10T07:59:10","slug":"badtunna-200-med-intern-kamin-gran","status":"publish","type":"product","link":"https:\/\/dev.awero.ee\/sv\/toode\/badtunna-200-med-intern-kamin-gran\/","title":{"rendered":"Badtunna 200 med intern kamin, gran"},"content":{"rendered":"<p>I leveransen ing\u00e5r:<\/p>\n<ul>\n<li>intern kamin (25 kW) i rostfritt st\u00e5l AISI 304<\/li>\n<li>2 m skorsten med skyddsgaller och skorstenshatt<\/li>\n<li>spisraka och skyffel<\/li>\n<li>trappa<\/li>\n<li>paddel f\u00f6r omr\u00f6rning av vattnet.<\/li>\n<\/ul>\n<p>Olika <a href=\"https:\/\/dev.awero.ee\/sv\/produktkategorier\/extrautrustning\/\">tillval<\/a> kan best\u00e4llas till badtunnan: muggh\u00e5llare, filtersystem, PVC-\u00f6verdrag, tr\u00e4lock och betongbas.<\/p>\n","protected":false},"excerpt":{"rendered":"<p>En klassisk badtunna i tr\u00e4 som f\u00f6rvisso kr\u00e4ver lite mer uppm\u00e4rksamhet och skr\u00e4ddarsydd v\u00e5rd men som \u00e4r en bra och f\u00f6rm\u00e5nlig l\u00f6sning f\u00f6r en mindre kr\u00e4vande anv\u00e4ndare som f\u00f6redrar naturligt tr\u00e4<\/p>\n<p>Vid anv\u00e4ndning av denna badtunna \u00e4r det viktigt att komma ih\u00e5g att den inte f\u00e5r st\u00e5 tom i torrt sommarv\u00e4der \u2013 p\u00e5 grund av tr\u00e4ets egenskaper kan den torka ut och b\u00f6rja l\u00e4cka. Det \u00e4r en l\u00e4ngre process att fylla tunnan med vatten igen och l\u00e5ta den sv\u00e4lla tills den blir t\u00e4t, s\u00e5 det \u00e4r b\u00e4st att alltid h\u00e5lla tunnan minst halvfull f\u00f6r att undvika detta. Vi rekommenderar att byta ut vattnet strax f\u00f6re anv\u00e4ndning av tunnan.  <\/p>\n","protected":false},"featured_media":5013,"template":"","meta":{"_acf_changed":false},"product_brand":[],"product_cat":[584,574,579],"product_tag":[],"class_list":{"0":"post-7259","1":"product","2":"type-product","3":"status-publish","4":"has-post-thumbnail","6":"product_cat-rabatt","7":"product_cat-badtunnor","8":"product_cat-med-inbyggd-ugn","10":"first","11":"instock","12":"sale","13":"shipping-taxable","14":"product-type-variable"},"acf":[],"yoast_head":"<!-- This site is optimized with the Yoast SEO plugin v26.8 - https:\/\/yoast.com\/product\/yoast-seo-wordpress\/ -->\n<title>Badtunna 200 med intern kamin, gran - Awero - S\u00fcdamega L\u00f5una-Eestist<\/title>\n<meta name=\"robots\" content=\"noindex, follow, max-snippet:-1, max-image-preview:large, max-video-preview:-1\" \/>\n<meta property=\"og:locale\" content=\"sv_SE\" \/>\n<meta property=\"og:type\" content=\"article\" \/>\n<meta property=\"og:title\" content=\"Badtunna 200 med intern kamin, gran - Awero - S\u00fcdamega L\u00f5una-Eestist\" \/>\n<meta property=\"og:description\" content=\"En klassisk badtunna i tr\u00e4 som f\u00f6rvisso kr\u00e4ver lite mer uppm\u00e4rksamhet och skr\u00e4ddarsydd v\u00e5rd men som \u00e4r en bra och f\u00f6rm\u00e5nlig l\u00f6sning f\u00f6r en mindre kr\u00e4vande anv\u00e4ndare som f\u00f6redrar naturligt tr\u00e4 Vid anv\u00e4ndning av denna badtunna \u00e4r det viktigt att komma ih\u00e5g att den inte f\u00e5r st\u00e5 tom i torrt sommarv\u00e4der \u2013 p\u00e5 grund av tr\u00e4ets egenskaper kan den torka ut och b\u00f6rja l\u00e4cka. Det \u00e4r en l\u00e4ngre process att fylla tunnan med vatten igen och l\u00e5ta den sv\u00e4lla tills den blir t\u00e4t, s\u00e5 det \u00e4r b\u00e4st att alltid h\u00e5lla tunnan minst halvfull f\u00f6r att undvika detta. Vi rekommenderar att byta ut vattnet strax f\u00f6re anv\u00e4ndning av tunnan.\" \/>\n<meta property=\"og:url\" content=\"https:\/\/dev.awero.ee\/sv\/toode\/badtunna-200-med-intern-kamin-gran\/\" \/>\n<meta property=\"og:site_name\" content=\"Awero - S\u00fcdamega L\u00f5una-Eestist\" \/>\n<meta property=\"article:modified_time\" content=\"2026-03-10T07:59:10+00:00\" \/>\n<meta property=\"og:image\" content=\"https:\/\/dev.awero.ee\/wp-content\/uploads\/2025\/03\/Hottub_Eco_D180_siseahjuga_kuusk.jpg\" \/>\n\t<meta property=\"og:image:width\" content=\"2500\" \/>\n\t<meta property=\"og:image:height\" content=\"1667\" \/>\n\t<meta property=\"og:image:type\" content=\"image\/jpeg\" \/>\n<meta name=\"twitter:card\" content=\"summary_large_image\" \/>\n<script type=\"application\/ld+json\" class=\"yoast-schema-graph\">{\"@context\":\"https:\/\/schema.org\",\"@graph\":[{\"@type\":\"WebPage\",\"@id\":\"https:\/\/dev.awero.ee\/sv\/toode\/badtunna-200-med-intern-kamin-gran\/\",\"url\":\"https:\/\/dev.awero.ee\/sv\/toode\/badtunna-200-med-intern-kamin-gran\/\",\"name\":\"Badtunna 200 med intern kamin, gran - Awero - S\u00fcdamega L\u00f5una-Eestist\",\"isPartOf\":{\"@id\":\"https:\/\/dev.awero.ee\/sv\/#website\"},\"primaryImageOfPage\":{\"@id\":\"https:\/\/dev.awero.ee\/sv\/toode\/badtunna-200-med-intern-kamin-gran\/#primaryimage\"},\"image\":{\"@id\":\"https:\/\/dev.awero.ee\/sv\/toode\/badtunna-200-med-intern-kamin-gran\/#primaryimage\"},\"thumbnailUrl\":\"https:\/\/dev.awero.ee\/wp-content\/uploads\/2025\/03\/Hottub_Eco_D180_siseahjuga_kuusk.jpg\",\"datePublished\":\"2025-03-10T06:33:27+00:00\",\"dateModified\":\"2026-03-10T07:59:10+00:00\",\"breadcrumb\":{\"@id\":\"https:\/\/dev.awero.ee\/sv\/toode\/badtunna-200-med-intern-kamin-gran\/#breadcrumb\"},\"inLanguage\":\"sv-SE\",\"potentialAction\":[{\"@type\":\"ReadAction\",\"target\":[\"https:\/\/dev.awero.ee\/sv\/toode\/badtunna-200-med-intern-kamin-gran\/\"]}]},{\"@type\":\"ImageObject\",\"inLanguage\":\"sv-SE\",\"@id\":\"https:\/\/dev.awero.ee\/sv\/toode\/badtunna-200-med-intern-kamin-gran\/#primaryimage\",\"url\":\"https:\/\/dev.awero.ee\/wp-content\/uploads\/2025\/03\/Hottub_Eco_D180_siseahjuga_kuusk.jpg\",\"contentUrl\":\"https:\/\/dev.awero.ee\/wp-content\/uploads\/2025\/03\/Hottub_Eco_D180_siseahjuga_kuusk.jpg\",\"width\":2500,\"height\":1667},{\"@type\":\"BreadcrumbList\",\"@id\":\"https:\/\/dev.awero.ee\/sv\/toode\/badtunna-200-med-intern-kamin-gran\/#breadcrumb\",\"itemListElement\":[{\"@type\":\"ListItem\",\"position\":1,\"name\":\"Home\",\"item\":\"https:\/\/dev.awero.ee\/sv\/startsida\/\"},{\"@type\":\"ListItem\",\"position\":2,\"name\":\"Butik\",\"item\":\"https:\/\/dev.awero.ee\/sv\/butik\/\"},{\"@type\":\"ListItem\",\"position\":3,\"name\":\"Badtunna 200 med intern kamin, gran\"}]},{\"@type\":\"WebSite\",\"@id\":\"https:\/\/dev.awero.ee\/sv\/#website\",\"url\":\"https:\/\/dev.awero.ee\/sv\/\",\"name\":\"Awero - S\u00fcdamega L\u00f5una Eestist\",\"description\":\"\",\"publisher\":{\"@id\":\"https:\/\/dev.awero.ee\/sv\/#organization\"},\"potentialAction\":[{\"@type\":\"SearchAction\",\"target\":{\"@type\":\"EntryPoint\",\"urlTemplate\":\"https:\/\/dev.awero.ee\/sv\/?s={search_term_string}\"},\"query-input\":{\"@type\":\"PropertyValueSpecification\",\"valueRequired\":true,\"valueName\":\"search_term_string\"}}],\"inLanguage\":\"sv-SE\"},{\"@type\":\"Organization\",\"@id\":\"https:\/\/dev.awero.ee\/sv\/#organization\",\"name\":\"Awero - S\u00fcdamega L\u00f5una Eestist\",\"url\":\"https:\/\/dev.awero.ee\/sv\/\",\"logo\":{\"@type\":\"ImageObject\",\"inLanguage\":\"sv-SE\",\"@id\":\"https:\/\/dev.awero.ee\/sv\/#\/schema\/logo\/image\/\",\"url\":\"https:\/\/dev.awero.ee\/wp-content\/uploads\/2024\/07\/aweroplaceholder.jpg\",\"contentUrl\":\"https:\/\/dev.awero.ee\/wp-content\/uploads\/2024\/07\/aweroplaceholder.jpg\",\"width\":1250,\"height\":834,\"caption\":\"Awero - S\u00fcdamega L\u00f5una Eestist\"},\"image\":{\"@id\":\"https:\/\/dev.awero.ee\/sv\/#\/schema\/logo\/image\/\"}}]}<\/script>\n<!-- \/ Yoast SEO plugin. -->","yoast_head_json":{"title":"Badtunna 200 med intern kamin, gran - Awero - S\u00fcdamega L\u00f5una-Eestist","robots":{"index":"noindex","follow":"follow","max-snippet":"max-snippet:-1","max-image-preview":"max-image-preview:large","max-video-preview":"max-video-preview:-1"},"og_locale":"sv_SE","og_type":"article","og_title":"Badtunna 200 med intern kamin, gran - Awero - S\u00fcdamega L\u00f5una-Eestist","og_description":"En klassisk badtunna i tr\u00e4 som f\u00f6rvisso kr\u00e4ver lite mer uppm\u00e4rksamhet och skr\u00e4ddarsydd v\u00e5rd men som \u00e4r en bra och f\u00f6rm\u00e5nlig l\u00f6sning f\u00f6r en mindre kr\u00e4vande anv\u00e4ndare som f\u00f6redrar naturligt tr\u00e4 Vid anv\u00e4ndning av denna badtunna \u00e4r det viktigt att komma ih\u00e5g att den inte f\u00e5r st\u00e5 tom i torrt sommarv\u00e4der \u2013 p\u00e5 grund av tr\u00e4ets egenskaper kan den torka ut och b\u00f6rja l\u00e4cka. Det \u00e4r en l\u00e4ngre process att fylla tunnan med vatten igen och l\u00e5ta den sv\u00e4lla tills den blir t\u00e4t, s\u00e5 det \u00e4r b\u00e4st att alltid h\u00e5lla tunnan minst halvfull f\u00f6r att undvika detta. Vi rekommenderar att byta ut vattnet strax f\u00f6re anv\u00e4ndning av tunnan.","og_url":"https:\/\/dev.awero.ee\/sv\/toode\/badtunna-200-med-intern-kamin-gran\/","og_site_name":"Awero - S\u00fcdamega L\u00f5una-Eestist","article_modified_time":"2026-03-10T07:59:10+00:00","og_image":[{"width":2500,"height":1667,"url":"https:\/\/dev.awero.ee\/wp-content\/uploads\/2025\/03\/Hottub_Eco_D180_siseahjuga_kuusk.jpg","type":"image\/jpeg"}],"twitter_card":"summary_large_image","schema":{"@context":"https:\/\/schema.org","@graph":[{"@type":"WebPage","@id":"https:\/\/dev.awero.ee\/sv\/toode\/badtunna-200-med-intern-kamin-gran\/","url":"https:\/\/dev.awero.ee\/sv\/toode\/badtunna-200-med-intern-kamin-gran\/","name":"Badtunna 200 med intern kamin, gran - Awero - S\u00fcdamega L\u00f5una-Eestist","isPartOf":{"@id":"https:\/\/dev.awero.ee\/sv\/#website"},"primaryImageOfPage":{"@id":"https:\/\/dev.awero.ee\/sv\/toode\/badtunna-200-med-intern-kamin-gran\/#primaryimage"},"image":{"@id":"https:\/\/dev.awero.ee\/sv\/toode\/badtunna-200-med-intern-kamin-gran\/#primaryimage"},"thumbnailUrl":"https:\/\/dev.awero.ee\/wp-content\/uploads\/2025\/03\/Hottub_Eco_D180_siseahjuga_kuusk.jpg","datePublished":"2025-03-10T06:33:27+00:00","dateModified":"2026-03-10T07:59:10+00:00","breadcrumb":{"@id":"https:\/\/dev.awero.ee\/sv\/toode\/badtunna-200-med-intern-kamin-gran\/#breadcrumb"},"inLanguage":"sv-SE","potentialAction":[{"@type":"ReadAction","target":["https:\/\/dev.awero.ee\/sv\/toode\/badtunna-200-med-intern-kamin-gran\/"]}]},{"@type":"ImageObject","inLanguage":"sv-SE","@id":"https:\/\/dev.awero.ee\/sv\/toode\/badtunna-200-med-intern-kamin-gran\/#primaryimage","url":"https:\/\/dev.awero.ee\/wp-content\/uploads\/2025\/03\/Hottub_Eco_D180_siseahjuga_kuusk.jpg","contentUrl":"https:\/\/dev.awero.ee\/wp-content\/uploads\/2025\/03\/Hottub_Eco_D180_siseahjuga_kuusk.jpg","width":2500,"height":1667},{"@type":"BreadcrumbList","@id":"https:\/\/dev.awero.ee\/sv\/toode\/badtunna-200-med-intern-kamin-gran\/#breadcrumb","itemListElement":[{"@type":"ListItem","position":1,"name":"Home","item":"https:\/\/dev.awero.ee\/sv\/startsida\/"},{"@type":"ListItem","position":2,"name":"Butik","item":"https:\/\/dev.awero.ee\/sv\/butik\/"},{"@type":"ListItem","position":3,"name":"Badtunna 200 med intern kamin, gran"}]},{"@type":"WebSite","@id":"https:\/\/dev.awero.ee\/sv\/#website","url":"https:\/\/dev.awero.ee\/sv\/","name":"Awero - S\u00fcdamega L\u00f5una Eestist","description":"","publisher":{"@id":"https:\/\/dev.awero.ee\/sv\/#organization"},"potentialAction":[{"@type":"SearchAction","target":{"@type":"EntryPoint","urlTemplate":"https:\/\/dev.awero.ee\/sv\/?s={search_term_string}"},"query-input":{"@type":"PropertyValueSpecification","valueRequired":true,"valueName":"search_term_string"}}],"inLanguage":"sv-SE"},{"@type":"Organization","@id":"https:\/\/dev.awero.ee\/sv\/#organization","name":"Awero - S\u00fcdamega L\u00f5una Eestist","url":"https:\/\/dev.awero.ee\/sv\/","logo":{"@type":"ImageObject","inLanguage":"sv-SE","@id":"https:\/\/dev.awero.ee\/sv\/#\/schema\/logo\/image\/","url":"https:\/\/dev.awero.ee\/wp-content\/uploads\/2024\/07\/aweroplaceholder.jpg","contentUrl":"https:\/\/dev.awero.ee\/wp-content\/uploads\/2024\/07\/aweroplaceholder.jpg","width":1250,"height":834,"caption":"Awero - S\u00fcdamega L\u00f5una Eestist"},"image":{"@id":"https:\/\/dev.awero.ee\/sv\/#\/schema\/logo\/image\/"}}]}},"_links":{"self":[{"href":"https:\/\/dev.awero.ee\/sv\/wp-json\/wp\/v2\/product\/7259","targetHints":{"allow":["GET"]}}],"collection":[{"href":"https:\/\/dev.awero.ee\/sv\/wp-json\/wp\/v2\/product"}],"about":[{"href":"https:\/\/dev.awero.ee\/sv\/wp-json\/wp\/v2\/types\/product"}],"wp:featuredmedia":[{"embeddable":true,"href":"https:\/\/dev.awero.ee\/sv\/wp-json\/wp\/v2\/media\/5013"}],"wp:attachment":[{"href":"https:\/\/dev.awero.ee\/sv\/wp-json\/wp\/v2\/media?parent=7259"}],"wp:term":[{"taxonomy":"product_brand","embeddable":true,"href":"https:\/\/dev.awero.ee\/sv\/wp-json\/wp\/v2\/product_brand?post=7259"},{"taxonomy":"product_cat","embeddable":true,"href":"https:\/\/dev.awero.ee\/sv\/wp-json\/wp\/v2\/product_cat?post=7259"},{"taxonomy":"product_tag","embeddable":true,"href":"https:\/\/dev.awero.ee\/sv\/wp-json\/wp\/v2\/product_tag?post=7259"}],"curies":[{"name":"wp","href":"https:\/\/api.w.org\/{rel}","templated":true}]}}