{"id":7346,"date":"2025-04-13T17:10:39","date_gmt":"2025-04-13T17:10:39","guid":{"rendered":"https:\/\/dev.awero.ee\/toode\/jacuzzy-med-eluppvarmning\/"},"modified":"2026-03-10T07:59:07","modified_gmt":"2026-03-10T07:59:07","slug":"jacuzzy-med-eluppvarmning","status":"publish","type":"product","link":"https:\/\/dev.awero.ee\/sv\/toode\/jacuzzy-med-eluppvarmning\/","title":{"rendered":"Jacuzzi med elv\u00e4rmare"},"content":{"rendered":"","protected":false},"excerpt":{"rendered":"<p>Denna eluppv\u00e4rmda fyrkantiga badtunna p\u00e5 2,2m x 2,2m med akrylinsats erbjuder h\u00e4rlig avslappning. Den sl\u00e4ta och h\u00e5llbara insidan \u00e4r l\u00e4ttsk\u00f6tt och s\u00e4kerst\u00e4ller en lyxig badupplevelse. Badtunnan har ergonomiska s\u00e4ten och en liggplats som st\u00f6djer kroppen bekv\u00e4mt. Den elektriska uppv\u00e4rmningsl\u00f6sningen s\u00e4kerst\u00e4ller precis och stabil justering av vattentemperaturen. En perfekt l\u00f6sning f\u00f6r anv\u00e4ndning \u00e5ret runt p\u00e5 altanen eller ute i tr\u00e4dg\u00e5rden.    <\/p>\n","protected":false},"featured_media":8700,"template":"","meta":{"_acf_changed":false},"product_brand":[],"product_cat":[574,575],"product_tag":[],"class_list":{"0":"post-7346","1":"product","2":"type-product","3":"status-publish","4":"has-post-thumbnail","6":"product_cat-badtunnor","7":"product_cat-elvarme","9":"first","10":"instock","11":"sale","12":"shipping-taxable","13":"product-type-variable"},"acf":[],"yoast_head":"<!-- This site is optimized with the Yoast SEO plugin v26.8 - https:\/\/yoast.com\/product\/yoast-seo-wordpress\/ -->\n<title>Jacuzzi med elv\u00e4rmare - Awero - S\u00fcdamega L\u00f5una-Eestist<\/title>\n<meta name=\"robots\" content=\"noindex, follow, max-snippet:-1, max-image-preview:large, max-video-preview:-1\" \/>\n<meta property=\"og:locale\" content=\"sv_SE\" \/>\n<meta property=\"og:type\" content=\"article\" \/>\n<meta property=\"og:title\" content=\"Jacuzzi med elv\u00e4rmare - Awero - S\u00fcdamega L\u00f5una-Eestist\" \/>\n<meta property=\"og:description\" content=\"Denna eluppv\u00e4rmda fyrkantiga badtunna p\u00e5 2,2m x 2,2m med akrylinsats erbjuder h\u00e4rlig avslappning. Den sl\u00e4ta och h\u00e5llbara insidan \u00e4r l\u00e4ttsk\u00f6tt och s\u00e4kerst\u00e4ller en lyxig badupplevelse. Badtunnan har ergonomiska s\u00e4ten och en liggplats som st\u00f6djer kroppen bekv\u00e4mt. Den elektriska uppv\u00e4rmningsl\u00f6sningen s\u00e4kerst\u00e4ller precis och stabil justering av vattentemperaturen. En perfekt l\u00f6sning f\u00f6r anv\u00e4ndning \u00e5ret runt p\u00e5 altanen eller ute i tr\u00e4dg\u00e5rden.\" \/>\n<meta property=\"og:url\" content=\"https:\/\/dev.awero.ee\/sv\/toode\/jacuzzy-med-eluppvarmning\/\" \/>\n<meta property=\"og:site_name\" content=\"Awero - S\u00fcdamega L\u00f5una-Eestist\" \/>\n<meta property=\"article:modified_time\" content=\"2026-03-10T07:59:07+00:00\" \/>\n<meta property=\"og:image\" content=\"https:\/\/dev.awero.ee\/wp-content\/uploads\/2025\/04\/2f2-scaled.jpg\" \/>\n\t<meta property=\"og:image:width\" content=\"2560\" \/>\n\t<meta property=\"og:image:height\" content=\"2133\" \/>\n\t<meta property=\"og:image:type\" content=\"image\/jpeg\" \/>\n<meta name=\"twitter:card\" content=\"summary_large_image\" \/>\n<script type=\"application\/ld+json\" class=\"yoast-schema-graph\">{\"@context\":\"https:\/\/schema.org\",\"@graph\":[{\"@type\":\"WebPage\",\"@id\":\"https:\/\/dev.awero.ee\/sv\/toode\/jacuzzy-med-eluppvarmning\/\",\"url\":\"https:\/\/dev.awero.ee\/sv\/toode\/jacuzzy-med-eluppvarmning\/\",\"name\":\"Jacuzzi med elv\u00e4rmare - Awero - S\u00fcdamega L\u00f5una-Eestist\",\"isPartOf\":{\"@id\":\"https:\/\/dev.awero.ee\/sv\/#website\"},\"primaryImageOfPage\":{\"@id\":\"https:\/\/dev.awero.ee\/sv\/toode\/jacuzzy-med-eluppvarmning\/#primaryimage\"},\"image\":{\"@id\":\"https:\/\/dev.awero.ee\/sv\/toode\/jacuzzy-med-eluppvarmning\/#primaryimage\"},\"thumbnailUrl\":\"https:\/\/dev.awero.ee\/wp-content\/uploads\/2025\/04\/1-16-scaled.jpg\",\"datePublished\":\"2025-04-13T17:10:39+00:00\",\"dateModified\":\"2026-03-10T07:59:07+00:00\",\"breadcrumb\":{\"@id\":\"https:\/\/dev.awero.ee\/sv\/toode\/jacuzzy-med-eluppvarmning\/#breadcrumb\"},\"inLanguage\":\"sv-SE\",\"potentialAction\":[{\"@type\":\"ReadAction\",\"target\":[\"https:\/\/dev.awero.ee\/sv\/toode\/jacuzzy-med-eluppvarmning\/\"]}]},{\"@type\":\"ImageObject\",\"inLanguage\":\"sv-SE\",\"@id\":\"https:\/\/dev.awero.ee\/sv\/toode\/jacuzzy-med-eluppvarmning\/#primaryimage\",\"url\":\"https:\/\/dev.awero.ee\/wp-content\/uploads\/2025\/04\/1-16-scaled.jpg\",\"contentUrl\":\"https:\/\/dev.awero.ee\/wp-content\/uploads\/2025\/04\/1-16-scaled.jpg\",\"width\":2560,\"height\":2560},{\"@type\":\"BreadcrumbList\",\"@id\":\"https:\/\/dev.awero.ee\/sv\/toode\/jacuzzy-med-eluppvarmning\/#breadcrumb\",\"itemListElement\":[{\"@type\":\"ListItem\",\"position\":1,\"name\":\"Home\",\"item\":\"https:\/\/dev.awero.ee\/sv\/startsida\/\"},{\"@type\":\"ListItem\",\"position\":2,\"name\":\"Butik\",\"item\":\"https:\/\/dev.awero.ee\/sv\/butik\/\"},{\"@type\":\"ListItem\",\"position\":3,\"name\":\"Jacuzzi med elv\u00e4rmare\"}]},{\"@type\":\"WebSite\",\"@id\":\"https:\/\/dev.awero.ee\/sv\/#website\",\"url\":\"https:\/\/dev.awero.ee\/sv\/\",\"name\":\"Awero - S\u00fcdamega L\u00f5una Eestist\",\"description\":\"\",\"publisher\":{\"@id\":\"https:\/\/dev.awero.ee\/sv\/#organization\"},\"potentialAction\":[{\"@type\":\"SearchAction\",\"target\":{\"@type\":\"EntryPoint\",\"urlTemplate\":\"https:\/\/dev.awero.ee\/sv\/?s={search_term_string}\"},\"query-input\":{\"@type\":\"PropertyValueSpecification\",\"valueRequired\":true,\"valueName\":\"search_term_string\"}}],\"inLanguage\":\"sv-SE\"},{\"@type\":\"Organization\",\"@id\":\"https:\/\/dev.awero.ee\/sv\/#organization\",\"name\":\"Awero - S\u00fcdamega L\u00f5una Eestist\",\"url\":\"https:\/\/dev.awero.ee\/sv\/\",\"logo\":{\"@type\":\"ImageObject\",\"inLanguage\":\"sv-SE\",\"@id\":\"https:\/\/dev.awero.ee\/sv\/#\/schema\/logo\/image\/\",\"url\":\"https:\/\/dev.awero.ee\/wp-content\/uploads\/2024\/07\/aweroplaceholder.jpg\",\"contentUrl\":\"https:\/\/dev.awero.ee\/wp-content\/uploads\/2024\/07\/aweroplaceholder.jpg\",\"width\":1250,\"height\":834,\"caption\":\"Awero - S\u00fcdamega L\u00f5una Eestist\"},\"image\":{\"@id\":\"https:\/\/dev.awero.ee\/sv\/#\/schema\/logo\/image\/\"}}]}<\/script>\n<!-- \/ Yoast SEO plugin. -->","yoast_head_json":{"title":"Jacuzzi med elv\u00e4rmare - Awero - S\u00fcdamega L\u00f5una-Eestist","robots":{"index":"noindex","follow":"follow","max-snippet":"max-snippet:-1","max-image-preview":"max-image-preview:large","max-video-preview":"max-video-preview:-1"},"og_locale":"sv_SE","og_type":"article","og_title":"Jacuzzi med elv\u00e4rmare - Awero - S\u00fcdamega L\u00f5una-Eestist","og_description":"Denna eluppv\u00e4rmda fyrkantiga badtunna p\u00e5 2,2m x 2,2m med akrylinsats erbjuder h\u00e4rlig avslappning. Den sl\u00e4ta och h\u00e5llbara insidan \u00e4r l\u00e4ttsk\u00f6tt och s\u00e4kerst\u00e4ller en lyxig badupplevelse. Badtunnan har ergonomiska s\u00e4ten och en liggplats som st\u00f6djer kroppen bekv\u00e4mt. Den elektriska uppv\u00e4rmningsl\u00f6sningen s\u00e4kerst\u00e4ller precis och stabil justering av vattentemperaturen. En perfekt l\u00f6sning f\u00f6r anv\u00e4ndning \u00e5ret runt p\u00e5 altanen eller ute i tr\u00e4dg\u00e5rden.","og_url":"https:\/\/dev.awero.ee\/sv\/toode\/jacuzzy-med-eluppvarmning\/","og_site_name":"Awero - S\u00fcdamega L\u00f5una-Eestist","article_modified_time":"2026-03-10T07:59:07+00:00","og_image":[{"width":2560,"height":2133,"url":"https:\/\/dev.awero.ee\/wp-content\/uploads\/2025\/04\/2f2-scaled.jpg","type":"image\/jpeg"}],"twitter_card":"summary_large_image","schema":{"@context":"https:\/\/schema.org","@graph":[{"@type":"WebPage","@id":"https:\/\/dev.awero.ee\/sv\/toode\/jacuzzy-med-eluppvarmning\/","url":"https:\/\/dev.awero.ee\/sv\/toode\/jacuzzy-med-eluppvarmning\/","name":"Jacuzzi med elv\u00e4rmare - Awero - S\u00fcdamega L\u00f5una-Eestist","isPartOf":{"@id":"https:\/\/dev.awero.ee\/sv\/#website"},"primaryImageOfPage":{"@id":"https:\/\/dev.awero.ee\/sv\/toode\/jacuzzy-med-eluppvarmning\/#primaryimage"},"image":{"@id":"https:\/\/dev.awero.ee\/sv\/toode\/jacuzzy-med-eluppvarmning\/#primaryimage"},"thumbnailUrl":"https:\/\/dev.awero.ee\/wp-content\/uploads\/2025\/04\/1-16-scaled.jpg","datePublished":"2025-04-13T17:10:39+00:00","dateModified":"2026-03-10T07:59:07+00:00","breadcrumb":{"@id":"https:\/\/dev.awero.ee\/sv\/toode\/jacuzzy-med-eluppvarmning\/#breadcrumb"},"inLanguage":"sv-SE","potentialAction":[{"@type":"ReadAction","target":["https:\/\/dev.awero.ee\/sv\/toode\/jacuzzy-med-eluppvarmning\/"]}]},{"@type":"ImageObject","inLanguage":"sv-SE","@id":"https:\/\/dev.awero.ee\/sv\/toode\/jacuzzy-med-eluppvarmning\/#primaryimage","url":"https:\/\/dev.awero.ee\/wp-content\/uploads\/2025\/04\/1-16-scaled.jpg","contentUrl":"https:\/\/dev.awero.ee\/wp-content\/uploads\/2025\/04\/1-16-scaled.jpg","width":2560,"height":2560},{"@type":"BreadcrumbList","@id":"https:\/\/dev.awero.ee\/sv\/toode\/jacuzzy-med-eluppvarmning\/#breadcrumb","itemListElement":[{"@type":"ListItem","position":1,"name":"Home","item":"https:\/\/dev.awero.ee\/sv\/startsida\/"},{"@type":"ListItem","position":2,"name":"Butik","item":"https:\/\/dev.awero.ee\/sv\/butik\/"},{"@type":"ListItem","position":3,"name":"Jacuzzi med elv\u00e4rmare"}]},{"@type":"WebSite","@id":"https:\/\/dev.awero.ee\/sv\/#website","url":"https:\/\/dev.awero.ee\/sv\/","name":"Awero - S\u00fcdamega L\u00f5una Eestist","description":"","publisher":{"@id":"https:\/\/dev.awero.ee\/sv\/#organization"},"potentialAction":[{"@type":"SearchAction","target":{"@type":"EntryPoint","urlTemplate":"https:\/\/dev.awero.ee\/sv\/?s={search_term_string}"},"query-input":{"@type":"PropertyValueSpecification","valueRequired":true,"valueName":"search_term_string"}}],"inLanguage":"sv-SE"},{"@type":"Organization","@id":"https:\/\/dev.awero.ee\/sv\/#organization","name":"Awero - S\u00fcdamega L\u00f5una Eestist","url":"https:\/\/dev.awero.ee\/sv\/","logo":{"@type":"ImageObject","inLanguage":"sv-SE","@id":"https:\/\/dev.awero.ee\/sv\/#\/schema\/logo\/image\/","url":"https:\/\/dev.awero.ee\/wp-content\/uploads\/2024\/07\/aweroplaceholder.jpg","contentUrl":"https:\/\/dev.awero.ee\/wp-content\/uploads\/2024\/07\/aweroplaceholder.jpg","width":1250,"height":834,"caption":"Awero - S\u00fcdamega L\u00f5una Eestist"},"image":{"@id":"https:\/\/dev.awero.ee\/sv\/#\/schema\/logo\/image\/"}}]}},"_links":{"self":[{"href":"https:\/\/dev.awero.ee\/sv\/wp-json\/wp\/v2\/product\/7346","targetHints":{"allow":["GET"]}}],"collection":[{"href":"https:\/\/dev.awero.ee\/sv\/wp-json\/wp\/v2\/product"}],"about":[{"href":"https:\/\/dev.awero.ee\/sv\/wp-json\/wp\/v2\/types\/product"}],"wp:featuredmedia":[{"embeddable":true,"href":"https:\/\/dev.awero.ee\/sv\/wp-json\/wp\/v2\/media\/8700"}],"wp:attachment":[{"href":"https:\/\/dev.awero.ee\/sv\/wp-json\/wp\/v2\/media?parent=7346"}],"wp:term":[{"taxonomy":"product_brand","embeddable":true,"href":"https:\/\/dev.awero.ee\/sv\/wp-json\/wp\/v2\/product_brand?post=7346"},{"taxonomy":"product_cat","embeddable":true,"href":"https:\/\/dev.awero.ee\/sv\/wp-json\/wp\/v2\/product_cat?post=7346"},{"taxonomy":"product_tag","embeddable":true,"href":"https:\/\/dev.awero.ee\/sv\/wp-json\/wp\/v2\/product_tag?post=7346"}],"curies":[{"name":"wp","href":"https:\/\/api.w.org\/{rel}","templated":true}]}}